{"id":15177,"date":"2023-12-11T14:54:10","date_gmt":"2023-12-11T13:54:10","guid":{"rendered":"http:\/\/site09.dedi5025.dco.exenti.ch\/panier\/"},"modified":"2023-12-11T14:54:12","modified_gmt":"2023-12-11T13:54:12","slug":"panier","status":"publish","type":"page","link":"https:\/\/polyart.ch\/fr\/panier\/","title":{"rendered":"Panier"},"content":{"rendered":"\n<div data-block-name=\"woocommerce\/cart\" class=\"wp-block-woocommerce-cart alignwide is-loading\">\n<div data-block-name=\"woocommerce\/filled-cart-block\" class=\"wp-block-woocommerce-filled-cart-block\">\n<div data-block-name=\"woocommerce\/cart-items-block\" class=\"wp-block-woocommerce-cart-items-block\">\n<div data-block-name=\"woocommerce\/cart-line-items-block\" class=\"wp-block-woocommerce-cart-line-items-block\"><\/div>\n\n\n\n<div data-block-name=\"woocommerce\/cart-cross-sells-block\" class=\"wp-block-woocommerce-cart-cross-sells-block\">\n<h2 class=\"wp-block-heading has-large-font-size\">Das interessiert dich vielleicht\u00a0\u2026<\/h2>\n\n\n\n<div data-block-name=\"woocommerce\/cart-cross-sells-products-block\" class=\"wp-block-woocommerce-cart-cross-sells-products-block\"><\/div>\n<\/div>\n<\/div>\n\n\n\n<div data-block-name=\"woocommerce\/cart-totals-block\" class=\"wp-block-woocommerce-cart-totals-block\">\n<div data-block-name=\"woocommerce\/cart-order-summary-block\" class=\"wp-block-woocommerce-cart-order-summary-block\">\n<div data-block-name=\"woocommerce\/cart-order-summary-heading-block\" class=\"wp-block-woocommerce-cart-order-summary-heading-block\"><\/div><div data-block-name=\"woocommerce\/cart-order-summary-coupon-form-block\" class=\"wp-block-woocommerce-cart-order-summary-coupon-form-block\"><\/div><div data-block-name=\"woocommerce\/cart-order-summary-totals-block\" class=\"wp-block-woocommerce-cart-order-summary-totals-block\">\n<div data-block-name=\"woocommerce\/cart-order-summary-subtotal-block\" class=\"wp-block-woocommerce-cart-order-summary-subtotal-block\"><\/div>\n<div data-block-name=\"woocommerce\/cart-order-summary-discount-block\" class=\"wp-block-woocommerce-cart-order-summary-discount-block\"><\/div>\n<div data-block-name=\"woocommerce\/cart-order-summary-fee-block\" class=\"wp-block-woocommerce-cart-order-summary-fee-block\"><\/div>\n<div data-block-name=\"woocommerce\/cart-order-summary-shipping-block\" class=\"wp-block-woocommerce-cart-order-summary-shipping-block\"><\/div>\n<div data-block-name=\"woocommerce\/cart-order-summary-taxes-block\" class=\"wp-block-woocommerce-cart-order-summary-taxes-block\"><\/div><\/div>\n<\/div>\n\n\n\n<div data-block-name=\"woocommerce\/cart-express-payment-block\" class=\"wp-block-woocommerce-cart-express-payment-block\"><\/div>\n\n\n\n<div data-block-name=\"woocommerce\/proceed-to-checkout-block\" class=\"wp-block-woocommerce-proceed-to-checkout-block\"><\/div>\n\n\n\n<div data-block-name=\"woocommerce\/cart-accepted-payment-methods-block\" class=\"wp-block-woocommerce-cart-accepted-payment-methods-block\"><\/div>\n<\/div>\n<\/div>\n\n\n\n<div data-block-name=\"woocommerce\/empty-cart-block\" class=\"wp-block-woocommerce-empty-cart-block\">\n<h2 class=\"wp-block-heading has-text-align-center with-empty-cart-icon wc-block-cart__empty-cart__title\">Dein Warenkorb ist gerade leer!<\/h2>\n\n\n\n<hr class=\"wp-block-separator has-alpha-channel-opacity is-style-dots\"\/>\n\n\n\n<h2 class=\"wp-block-heading has-text-align-center\">Neu im Shop<\/h2>\n\n\n<div data-block-name=\"woocommerce\/product-new\" data-columns=\"4\" data-rows=\"1\" class=\"wc-block-grid wp-block-product-new wp-block-woocommerce-product-new wc-block-product-new has-4-columns\"><ul class=\"wc-block-grid__products\"><li class=\"wc-block-grid__product\">\n\t\t\t\t<a href=\"https:\/\/polyart.ch\/fr\/produit\/polyglue-systeme-de-colle-mobile-en-spray-kopie\/\" class=\"wc-block-grid__product-link\">\n\t\t\t\t\t\n\t\t\t\t\t<div class=\"wc-block-grid__product-image\"><img fetchpriority=\"high\" decoding=\"async\" width=\"1000\" height=\"846\" src=\"https:\/\/polyart.ch\/wp-content\/uploads\/2024\/09\/polyglue-polyart-huttwil-1000x846.png\" class=\"attachment-woocommerce_thumbnail size-woocommerce_thumbnail\" alt=\"POLYGLUE BASIC - Syst\u00e8me de colle en spray mobile et \u00e9conomique\" \/><\/div>\n\t\t\t\t\t<div class=\"wc-block-grid__product-title\">POLYGLUE BASIC &#8211; Syst\u00e8me de colle en spray mobile et \u00e9conomique<\/div>\n\t\t\t\t<\/a>\n\t\t\t\t<div class=\"wc-block-grid__product-price price\"><\/div>\n\t\t\t\t\n\t\t\t\t<div class=\"wp-block-button wc-block-grid__product-add-to-cart\"><a href=\"https:\/\/polyart.ch\/fr\/produit\/polyglue-systeme-de-colle-mobile-en-spray-kopie\/\" aria-label=\"S\u00e9lectionner les options pour &ldquo;POLYGLUE BASIC - Syst\u00e8me de colle en spray mobile et \u00e9conomique&rdquo;\" data-quantity=\"1\" data-product_id=\"33199\" data-product_sku=\"1-2-37-1-27-2-1-22\" data-price=\"0\" rel=\"nofollow\" class=\"wp-block-button__link  add_to_cart_button\">D\u00e9tails<\/a><\/div>\n\t\t\t<\/li><li class=\"wc-block-grid__product\">\n\t\t\t\t<a href=\"https:\/\/polyart.ch\/fr\/produit\/mistral-free-cuir-synthetique-produit-de-maniere-durable-kopie\/\" class=\"wc-block-grid__product-link\">\n\t\t\t\t\t\n\t\t\t\t\t<div class=\"wc-block-grid__product-image\"><img decoding=\"async\" width=\"1000\" height=\"846\" src=\"https:\/\/polyart.ch\/wp-content\/uploads\/2026\/02\/prodigy-kunstleder-polyart-Kopie-1000x846.png\" class=\"attachment-woocommerce_thumbnail size-woocommerce_thumbnail\" alt=\"PRODIGY - Cuir synth\u00e9tique avec norme incendie AEAI 5.3\" \/><\/div>\n\t\t\t\t\t<div class=\"wc-block-grid__product-title\">PRODIGY &#8211; Cuir synth\u00e9tique avec norme incendie AEAI 5.3<\/div>\n\t\t\t\t<\/a>\n\t\t\t\t<div class=\"wc-block-grid__product-price price\"><\/div>\n\t\t\t\t\n\t\t\t\t<div class=\"wp-block-button wc-block-grid__product-add-to-cart\"><a href=\"https:\/\/polyart.ch\/fr\/produit\/mistral-free-cuir-synthetique-produit-de-maniere-durable-kopie\/\" aria-label=\"S\u00e9lectionner les options pour &ldquo;PRODIGY - Cuir synth\u00e9tique avec norme incendie AEAI 5.3&rdquo;\" data-quantity=\"1\" data-product_id=\"33110\" data-product_sku=\"1-2-38\" data-price=\"0\" rel=\"nofollow\" class=\"wp-block-button__link  add_to_cart_button\">D\u00e9tails<\/a><\/div>\n\t\t\t<\/li><li class=\"wc-block-grid__product\">\n\t\t\t\t<a href=\"https:\/\/polyart.ch\/fr\/produit\/studio-cs-tissu-chenille-luxueux-en-trevira-cs-kopie-kopie-kopie-kopie-kopie\/\" class=\"wc-block-grid__product-link\">\n\t\t\t\t\t\n\t\t\t\t\t<div class=\"wc-block-grid__product-image\"><img decoding=\"async\" width=\"1000\" height=\"846\" src=\"https:\/\/polyart.ch\/wp-content\/uploads\/2026\/02\/polyart-moebelstoff-coco-1000x846.jpg\" class=\"attachment-woocommerce_thumbnail size-woocommerce_thumbnail\" alt=\"COCO - Tissu d&#039;ameublement \u00e0 effet bouclette\" \/><\/div>\n\t\t\t\t\t<div class=\"wc-block-grid__product-title\">COCO &#8211; Tissu d&rsquo;ameublement \u00e0 effet bouclette<\/div>\n\t\t\t\t<\/a>\n\t\t\t\t<div class=\"wc-block-grid__product-price price\"><\/div>\n\t\t\t\t\n\t\t\t\t<div class=\"wp-block-button wc-block-grid__product-add-to-cart\"><a href=\"https:\/\/polyart.ch\/fr\/produit\/studio-cs-tissu-chenille-luxueux-en-trevira-cs-kopie-kopie-kopie-kopie-kopie\/\" aria-label=\"S\u00e9lectionner les options pour &ldquo;COCO - Tissu d&#039;ameublement \u00e0 effet bouclette&rdquo;\" data-quantity=\"1\" data-product_id=\"32112\" data-product_sku=\"1-2-35-2-1-1-2-1-1\" data-price=\"0\" rel=\"nofollow\" class=\"wp-block-button__link  add_to_cart_button\">D\u00e9tails<\/a><\/div>\n\t\t\t<\/li><li class=\"wc-block-grid__product\">\n\t\t\t\t<a href=\"https:\/\/polyart.ch\/fr\/produit\/studio-cs-tissu-chenille-luxueux-en-trevira-cs-kopie-kopie-kopie-kopie\/\" class=\"wc-block-grid__product-link\">\n\t\t\t\t\t\n\t\t\t\t\t<div class=\"wc-block-grid__product-image\"><img loading=\"lazy\" decoding=\"async\" width=\"1000\" height=\"846\" src=\"https:\/\/polyart.ch\/wp-content\/uploads\/2026\/02\/moebelstoff-trevira-intro-polyart-1000x846.jpg\" class=\"attachment-woocommerce_thumbnail size-woocommerce_thumbnail\" alt=\"INTRO CS - Trevira avec une structure forte\" \/><\/div>\n\t\t\t\t\t<div class=\"wc-block-grid__product-title\">INTRO CS &#8211; Trevira avec une structure forte<\/div>\n\t\t\t\t<\/a>\n\t\t\t\t<div class=\"wc-block-grid__product-price price\"><\/div>\n\t\t\t\t\n\t\t\t\t<div class=\"wp-block-button wc-block-grid__product-add-to-cart\"><a href=\"https:\/\/polyart.ch\/fr\/produit\/studio-cs-tissu-chenille-luxueux-en-trevira-cs-kopie-kopie-kopie-kopie\/\" aria-label=\"S\u00e9lectionner les options pour &ldquo;INTRO CS - Trevira avec une structure forte&rdquo;\" data-quantity=\"1\" data-product_id=\"32106\" data-product_sku=\"1-2-35-2-1-1-2-1-1\" data-price=\"0\" rel=\"nofollow\" class=\"wp-block-button__link  add_to_cart_button\">D\u00e9tails<\/a><\/div>\n\t\t\t<\/li><\/ul><\/div><\/div>\n<\/div>\n","protected":false},"excerpt":{"rendered":"","protected":false},"author":2,"featured_media":0,"parent":0,"menu_order":0,"comment_status":"closed","ping_status":"closed","template":"","meta":{"_acf_changed":false,"footnotes":""},"class_list":["post-15177","page","type-page","status-publish","hentry","description-off"],"acf":[],"aioseo_notices":[],"_links":{"self":[{"href":"https:\/\/polyart.ch\/fr\/wp-json\/wp\/v2\/pages\/15177","targetHints":{"allow":["GET"]}}],"collection":[{"href":"https:\/\/polyart.ch\/fr\/wp-json\/wp\/v2\/pages"}],"about":[{"href":"https:\/\/polyart.ch\/fr\/wp-json\/wp\/v2\/types\/page"}],"author":[{"embeddable":true,"href":"https:\/\/polyart.ch\/fr\/wp-json\/wp\/v2\/users\/2"}],"replies":[{"embeddable":true,"href":"https:\/\/polyart.ch\/fr\/wp-json\/wp\/v2\/comments?post=15177"}],"version-history":[{"count":0,"href":"https:\/\/polyart.ch\/fr\/wp-json\/wp\/v2\/pages\/15177\/revisions"}],"wp:attachment":[{"href":"https:\/\/polyart.ch\/fr\/wp-json\/wp\/v2\/media?parent=15177"}],"curies":[{"name":"wp","href":"https:\/\/api.w.org\/{rel}","templated":true}]}}