{"id":32426,"date":"2026-02-18T14:30:27","date_gmt":"2026-02-18T13:30:27","guid":{"rendered":"https:\/\/polyart.ch\/?page_id=32426"},"modified":"2026-02-18T15:01:29","modified_gmt":"2026-02-18T14:01:29","slug":"cuir-veritable-neuf-7","status":"publish","type":"page","link":"https:\/\/polyart.ch\/fr\/cuir-veritable-neuf-7\/","title":{"rendered":"Accessoires de sellerie"},"content":{"rendered":"\t\t<div data-elementor-type=\"wp-page\" data-elementor-id=\"32426\" class=\"elementor elementor-32426 elementor-32424\" data-elementor-post-type=\"page\">\n\t\t\t\t<div class=\"elementor-element elementor-element-fd38ecc e-flex e-con-boxed e-con e-parent\" data-id=\"fd38ecc\" data-element_type=\"container\" data-e-type=\"container\">\n\t\t\t\t\t<div class=\"e-con-inner\">\n\t\t\t\t<div class=\"elementor-element elementor-element-19dd438 elementor-widget-the7-slider-common owl-carousel elementor-widget-loop-the7-slider bullets-small-dot-stroke elementor-widget elementor-widget-the7-slider\" data-id=\"19dd438\" data-element_type=\"widget\" data-e-type=\"widget\" data-settings=\"{&quot;infinite&quot;:&quot;yes&quot;,&quot;transition&quot;:&quot;slide&quot;,&quot;slides_to_scroll&quot;:&quot;single&quot;,&quot;transition_speed&quot;:500,&quot;autoplay&quot;:&quot;yes&quot;,&quot;pause_on_hover&quot;:&quot;yes&quot;,&quot;autoplay_speed&quot;:5000,&quot;slides_per_view&quot;:&quot;1&quot;,&quot;slides_gap&quot;:{&quot;unit&quot;:&quot;px&quot;,&quot;size&quot;:0,&quot;sizes&quot;:[]},&quot;slides_gap_tablet&quot;:{&quot;unit&quot;:&quot;px&quot;,&quot;size&quot;:&quot;&quot;,&quot;sizes&quot;:[]},&quot;slides_gap_mobile&quot;:{&quot;unit&quot;:&quot;px&quot;,&quot;size&quot;:&quot;&quot;,&quot;sizes&quot;:[]},&quot;arrows&quot;:&quot;always&quot;,&quot;bullets&quot;:&quot;show&quot;}\" data-widget_type=\"the7-slider.default\">\n\t\t\t\t<div class=\"elementor-widget-container\">\n\t\t\t\t\t        <div class=\"elementor-swiper\">\n            <div class=\"elementor-slides-wrapper elementor-main-swiper swiper swiper-container\">\n                <div class=\"swiper-wrapper the7-elementor-slides\">\n\t\t\t\t\t            <div class=\"elementor-repeater-item-0742b58 the7-swiper-slide\">\n                <div class=\"the7-swiper-slide-inner\">\n\t\t\t\t\t        <div data-elementor-type=\"the7-slider\" data-elementor-id=\"21939\" class=\"elementor elementor-21939 elementor-21932 elementor-21932 the7-slide-content\" data-elementor-post-type=\"elementor_library\">\n            <div class=\"elementor-section-wrap\">\n\t\t\t\t<div class=\"elementor-element elementor-element-2081d6f elementor-hidden-tablet elementor-hidden-mobile e-flex e-con-boxed e-con e-parent\" data-id=\"2081d6f\" data-element_type=\"container\" data-e-type=\"container\" data-settings=\"{&quot;background_background&quot;:&quot;classic&quot;}\">\n\t\t\t\t\t<div class=\"e-con-inner\">\n\t\t<div class=\"elementor-element elementor-element-0592222 elementor-hidden-tablet elementor-hidden-mobile e-con-full e-flex e-con e-child\" data-id=\"0592222\" data-element_type=\"container\" data-e-type=\"container\">\n\t\t\t\t<div class=\"elementor-element elementor-element-15d3247 elementor-widget__width-auto animated-fast elementor-invisible elementor-widget elementor-widget-image\" data-id=\"15d3247\" data-element_type=\"widget\" data-e-type=\"widget\" data-settings=\"{&quot;_animation&quot;:&quot;fadeIn&quot;,&quot;_animation_delay&quot;:100}\" data-widget_type=\"image.default\">\n\t\t\t\t<div class=\"elementor-widget-container\">\n\t\t\t\t\t\t\t\t\t\t\t\t\t\t\t<img decoding=\"async\" src=\"https:\/\/polyart.ch\/wp-content\/uploads\/elementor\/thumbs\/Hauptseite-Zubehoer-scaled-e1738839575900-r13rg06wdq7fn3m2pks4r9za85qa319qp5v5gpj3kw.jpg\" title=\"Hauptseite Zubeho\u0308r\" alt=\"Hauptseite Zubeho\u0308r\" loading=\"lazy\" \/>\t\t\t\t\t\t\t\t\t\t\t\t\t\t\t<\/div>\n\t\t\t\t<\/div>\n\t\t\t\t<\/div>\n\t\t\t\t\t<\/div>\n\t\t\t\t<\/div>\n\t\t<div class=\"elementor-element elementor-element-83f5e9d elementor-hidden-tablet elementor-hidden-mobile e-flex e-con-boxed e-con e-parent\" data-id=\"83f5e9d\" data-element_type=\"container\" data-e-type=\"container\" data-settings=\"{&quot;background_background&quot;:&quot;classic&quot;}\">\n\t\t\t\t\t<div class=\"e-con-inner\">\n\t\t<div class=\"elementor-element elementor-element-22b529b e-con-full e-flex e-con e-child\" data-id=\"22b529b\" data-element_type=\"container\" data-e-type=\"container\">\n\t\t\t\t<div class=\"elementor-element elementor-element-09edb58 elementor-widget__width-initial animated-fast elementor-invisible elementor-widget elementor-widget-spacer\" data-id=\"09edb58\" data-element_type=\"widget\" data-e-type=\"widget\" data-settings=\"{&quot;_animation&quot;:&quot;fadeInLeft&quot;,&quot;_animation_delay&quot;:1000}\" data-widget_type=\"spacer.default\">\n\t\t\t\t<div class=\"elementor-widget-container\">\n\t\t\t\t\t\t\t<div class=\"elementor-spacer\">\n\t\t\t<div class=\"elementor-spacer-inner\"><\/div>\n\t\t<\/div>\n\t\t\t\t\t\t<\/div>\n\t\t\t\t<\/div>\n\t\t\t\t<\/div>\n\t\t\t\t\t<\/div>\n\t\t\t\t<\/div>\n\t\t<div class=\"elementor-element elementor-element-aa2dacd elementor-hidden-desktop e-flex e-con-boxed e-con e-parent\" data-id=\"aa2dacd\" data-element_type=\"container\" data-e-type=\"container\" data-settings=\"{&quot;background_background&quot;:&quot;classic&quot;}\">\n\t\t\t\t\t<div class=\"e-con-inner\">\n\t\t<div class=\"elementor-element elementor-element-19b78bb e-con-full e-flex e-con e-child\" data-id=\"19b78bb\" data-element_type=\"container\" data-e-type=\"container\">\n\t\t\t\t<div class=\"elementor-element elementor-element-7ca875a elementor-widget__width-initial animated-fast elementor-invisible elementor-widget elementor-widget-spacer\" data-id=\"7ca875a\" data-element_type=\"widget\" data-e-type=\"widget\" data-settings=\"{&quot;_animation&quot;:&quot;fadeInLeft&quot;,&quot;_animation_delay&quot;:1000}\" data-widget_type=\"spacer.default\">\n\t\t\t\t<div class=\"elementor-widget-container\">\n\t\t\t\t\t\t\t<div class=\"elementor-spacer\">\n\t\t\t<div class=\"elementor-spacer-inner\"><\/div>\n\t\t<\/div>\n\t\t\t\t\t\t<\/div>\n\t\t\t\t<\/div>\n\t\t\t\t<\/div>\n\t\t<div class=\"elementor-element elementor-element-d68ab0c e-con-full e-flex e-con e-child\" data-id=\"d68ab0c\" data-element_type=\"container\" data-e-type=\"container\">\n\t\t\t\t<div class=\"elementor-element elementor-element-d2e74c7 elementor-widget elementor-widget-image\" data-id=\"d2e74c7\" data-element_type=\"widget\" data-e-type=\"widget\" data-widget_type=\"image.default\">\n\t\t\t\t<div class=\"elementor-widget-container\">\n\t\t\t\t\t\t\t\t\t\t\t\t\t\t\t<img fetchpriority=\"high\" decoding=\"async\" width=\"2048\" height=\"2044\" src=\"https:\/\/polyart.ch\/wp-content\/uploads\/2024\/04\/Hauptseite-Zubehoer-scaled-e1738839575900.jpg\" class=\"attachment-full size-full wp-image-26917\" alt=\"\" srcset=\"https:\/\/polyart.ch\/wp-content\/uploads\/2024\/04\/Hauptseite-Zubehoer-scaled-e1738839575900.jpg 2048w, https:\/\/polyart.ch\/wp-content\/uploads\/2024\/04\/Hauptseite-Zubehoer-scaled-e1738839575900-200x200.jpg 200w, https:\/\/polyart.ch\/wp-content\/uploads\/2024\/04\/Hauptseite-Zubehoer-scaled-e1738839575900-1000x998.jpg 1000w\" sizes=\"(max-width: 2048px) 100vw, 2048px\" \/>\t\t\t\t\t\t\t\t\t\t\t\t\t\t\t<\/div>\n\t\t\t\t<\/div>\n\t\t\t\t<\/div>\n\t\t\t\t\t<\/div>\n\t\t\t\t<\/div>\n\t\t            <\/div>\n        <\/div>\n\t\t                <\/div>\n            <\/div>\n\t\t\t                <\/div>\n\t\t\t\t\t<div class=\"swiper-pagination owl-dots bullets-small-dot-stroke\"><\/div>        <div class=\"the7-swiper-button the7-swiper-button-prev elementor-icon\">\n\t\t\t<i aria-hidden=\"true\" class=\"fas fa-chevron-left\"><\/i>        <\/div>\n        <div class=\"the7-swiper-button the7-swiper-button-next elementor-icon\">\n\t\t\t<i aria-hidden=\"true\" class=\"fas fa-chevron-right\"><\/i>        <\/div>\n\t\t            <\/div>\n        <\/div>\n\t\t\t\t\t\t<\/div>\n\t\t\t\t<\/div>\n\t\t\t\t\t<\/div>\n\t\t\t\t<\/div>\n\t\t<div class=\"elementor-element elementor-element-b31bdfe elementor-hidden-tablet e-flex e-con-boxed e-con e-parent\" data-id=\"b31bdfe\" data-element_type=\"container\" data-e-type=\"container\">\n\t\t\t\t\t<div class=\"e-con-inner\">\n\t\t<div class=\"elementor-element elementor-element-afaca2c e-con-full e-flex e-con e-child\" data-id=\"afaca2c\" data-element_type=\"container\" data-e-type=\"container\">\n\t\t\t\t<div class=\"elementor-element elementor-element-8174efc elementor-widget elementor-widget-text-editor\" data-id=\"8174efc\" data-element_type=\"widget\" data-e-type=\"widget\" data-widget_type=\"text-editor.default\">\n\t\t\t\t<div class=\"elementor-widget-container\">\n\t\t\t\t\t\t\t\t\t<p>Notre gamme d&rsquo;accessoires polyvalents et de haute qualit\u00e9 s&rsquo;adresse tout particuli\u00e8rement aux selliers industriels et aux transformateurs de textiles. Avec plus de 1000 articles diff\u00e9rents, nous vous proposons presque toutes les solutions pour votre projet textile. Des bandes Velcro et des sangles standard aux fermetures \u00e0 glissi\u00e8re \u00e9tanches, nous avons les accessoires qui r\u00e9pondent \u00e0 vos besoins sp\u00e9cifiques.  <\/p><p>Scheidegger Polyart fournit exclusivement des revendeurs et l&rsquo;industrie de transformation. Nous nous ferons un plaisir de vous fournir les coordonn\u00e9es d&rsquo;un revendeur. <\/p>\t\t\t\t\t\t\t\t<\/div>\n\t\t\t\t<\/div>\n\t\t\t\t<div class=\"elementor-element elementor-element-0372578 elementor-widget elementor-widget-button\" data-id=\"0372578\" data-element_type=\"widget\" data-e-type=\"widget\" data-widget_type=\"button.default\">\n\t\t\t\t<div class=\"elementor-widget-container\">\n\t\t\t\t\t\t\t\t\t<div class=\"elementor-button-wrapper\">\n\t\t\t\t\t<a class=\"elementor-button elementor-button-link elementor-size-sm\" href=\"https:\/\/polyart.ch\/wp-content\/uploads\/2026\/02\/Katalog-Sattlerzubehoer-Jan.2026.pdf\" target=\"_blank\">\n\t\t\t\t\t\t<span class=\"elementor-button-content-wrapper\">\n\t\t\t\t\t\t\t\t\t<span class=\"elementor-button-text\">T\u00e9l\u00e9charger le catalogue Accessoires de sellerie<\/span>\n\t\t\t\t\t<\/span>\n\t\t\t\t\t<\/a>\n\t\t\t\t<\/div>\n\t\t\t\t\t\t\t\t<\/div>\n\t\t\t\t<\/div>\n\t\t\t\t<\/div>\n\t\t\t\t\t<\/div>\n\t\t\t\t<\/div>\n\t\t\t\t<\/div>\n\t\t","protected":false},"excerpt":{"rendered":"<p>Notre gamme d&rsquo;accessoires polyvalents et de haute qualit\u00e9 s&rsquo;adresse tout particuli\u00e8rement aux selliers industriels et aux transformateurs de textiles. Avec plus de 1000 articles diff\u00e9rents, nous vous proposons presque toutes les solutions pour votre projet textile. Des bandes Velcro et des sangles standard aux fermetures \u00e0 glissi\u00e8re \u00e9tanches, nous avons les accessoires qui r\u00e9pondent \u00e0&hellip;<\/p>\n","protected":false},"author":2,"featured_media":0,"parent":0,"menu_order":0,"comment_status":"closed","ping_status":"closed","template":"elementor_header_footer","meta":{"_acf_changed":false,"footnotes":""},"class_list":["post-32426","page","type-page","status-publish","hentry"],"acf":[],"aioseo_notices":[],"_links":{"self":[{"href":"https:\/\/polyart.ch\/fr\/wp-json\/wp\/v2\/pages\/32426","targetHints":{"allow":["GET"]}}],"collection":[{"href":"https:\/\/polyart.ch\/fr\/wp-json\/wp\/v2\/pages"}],"about":[{"href":"https:\/\/polyart.ch\/fr\/wp-json\/wp\/v2\/types\/page"}],"author":[{"embeddable":true,"href":"https:\/\/polyart.ch\/fr\/wp-json\/wp\/v2\/users\/2"}],"replies":[{"embeddable":true,"href":"https:\/\/polyart.ch\/fr\/wp-json\/wp\/v2\/comments?post=32426"}],"version-history":[{"count":8,"href":"https:\/\/polyart.ch\/fr\/wp-json\/wp\/v2\/pages\/32426\/revisions"}],"predecessor-version":[{"id":32576,"href":"https:\/\/polyart.ch\/fr\/wp-json\/wp\/v2\/pages\/32426\/revisions\/32576"}],"wp:attachment":[{"href":"https:\/\/polyart.ch\/fr\/wp-json\/wp\/v2\/media?parent=32426"}],"curies":[{"name":"wp","href":"https:\/\/api.w.org\/{rel}","templated":true}]}}