{"id":32439,"date":"2026-02-18T14:35:49","date_gmt":"2026-02-18T13:35:49","guid":{"rendered":"https:\/\/polyart.ch\/?page_id=32439"},"modified":"2026-02-18T15:03:26","modified_gmt":"2026-02-18T14:03:26","slug":"accessoires-de-sellerie-nouveau","status":"publish","type":"page","link":"https:\/\/polyart.ch\/fr\/accessoires-de-sellerie-nouveau\/","title":{"rendered":"Rubans en cuir et en textile"},"content":{"rendered":"\t\t<div data-elementor-type=\"wp-page\" data-elementor-id=\"32439\" class=\"elementor elementor-32439 elementor-32437\" data-elementor-post-type=\"page\">\n\t\t\t\t<div class=\"elementor-element elementor-element-fd38ecc e-flex e-con-boxed e-con e-parent\" data-id=\"fd38ecc\" data-element_type=\"container\" data-e-type=\"container\">\n\t\t\t\t\t<div class=\"e-con-inner\">\n\t\t\t\t<div class=\"elementor-element elementor-element-19dd438 elementor-widget-the7-slider-common owl-carousel elementor-widget-loop-the7-slider bullets-small-dot-stroke elementor-widget elementor-widget-the7-slider\" data-id=\"19dd438\" data-element_type=\"widget\" data-e-type=\"widget\" data-settings=\"{&quot;infinite&quot;:&quot;yes&quot;,&quot;transition&quot;:&quot;slide&quot;,&quot;slides_to_scroll&quot;:&quot;single&quot;,&quot;transition_speed&quot;:500,&quot;autoplay&quot;:&quot;yes&quot;,&quot;pause_on_hover&quot;:&quot;yes&quot;,&quot;autoplay_speed&quot;:5000,&quot;slides_per_view&quot;:&quot;1&quot;,&quot;slides_gap&quot;:{&quot;unit&quot;:&quot;px&quot;,&quot;size&quot;:0,&quot;sizes&quot;:[]},&quot;slides_gap_tablet&quot;:{&quot;unit&quot;:&quot;px&quot;,&quot;size&quot;:&quot;&quot;,&quot;sizes&quot;:[]},&quot;slides_gap_mobile&quot;:{&quot;unit&quot;:&quot;px&quot;,&quot;size&quot;:&quot;&quot;,&quot;sizes&quot;:[]},&quot;arrows&quot;:&quot;always&quot;,&quot;bullets&quot;:&quot;show&quot;}\" data-widget_type=\"the7-slider.default\">\n\t\t\t\t<div class=\"elementor-widget-container\">\n\t\t\t\t\t        <div class=\"elementor-swiper\">\n            <div class=\"elementor-slides-wrapper elementor-main-swiper swiper swiper-container\">\n                <div class=\"swiper-wrapper the7-elementor-slides\">\n\t\t\t\t\t            <div class=\"elementor-repeater-item-0742b58 the7-swiper-slide\">\n                <div class=\"the7-swiper-slide-inner\">\n\t\t\t\t\t        <div data-elementor-type=\"the7-slider\" data-elementor-id=\"29251\" class=\"elementor elementor-29251 elementor-27515 elementor-27515 the7-slide-content\" data-elementor-post-type=\"elementor_library\">\n            <div class=\"elementor-section-wrap\">\n\t\t\t\t<div class=\"elementor-element elementor-element-721e762b elementor-hidden-tablet elementor-hidden-mobile e-flex e-con-boxed e-con e-parent\" data-id=\"721e762b\" data-element_type=\"container\" data-e-type=\"container\" data-settings=\"{&quot;background_background&quot;:&quot;classic&quot;}\">\n\t\t\t\t\t<div class=\"e-con-inner\">\n\t\t<div class=\"elementor-element elementor-element-21300469 elementor-hidden-tablet elementor-hidden-mobile e-con-full e-flex e-con e-child\" data-id=\"21300469\" data-element_type=\"container\" data-e-type=\"container\">\n\t\t\t\t<div class=\"elementor-element elementor-element-1406df37 elementor-widget__width-auto animated-fast elementor-invisible elementor-widget elementor-widget-image\" data-id=\"1406df37\" data-element_type=\"widget\" data-e-type=\"widget\" data-settings=\"{&quot;_animation&quot;:&quot;fadeIn&quot;,&quot;_animation_delay&quot;:100}\" data-widget_type=\"image.default\">\n\t\t\t\t<div class=\"elementor-widget-container\">\n\t\t\t\t\t\t\t\t\t\t\t\t\t\t\t<img decoding=\"async\" src=\"https:\/\/polyart.ch\/wp-content\/uploads\/elementor\/thumbs\/lederbaender-textilbaender-polyart-huttwil-schweiz-scaled-r13qyyeaewv71qdn9pgr12vabjrlgol0orv330t6g0.jpg\" title=\"Man In A Studio Creates Leather Ware\" alt=\"Man working with leather. Professional makes a belts.\" loading=\"lazy\" \/>\t\t\t\t\t\t\t\t\t\t\t\t\t\t\t<\/div>\n\t\t\t\t<\/div>\n\t\t\t\t<\/div>\n\t\t\t\t\t<\/div>\n\t\t\t\t<\/div>\n\t\t<div class=\"elementor-element elementor-element-6a8e1d1a elementor-hidden-tablet elementor-hidden-mobile e-flex e-con-boxed e-con e-parent\" data-id=\"6a8e1d1a\" data-element_type=\"container\" data-e-type=\"container\" data-settings=\"{&quot;background_background&quot;:&quot;classic&quot;}\">\n\t\t\t\t\t<div class=\"e-con-inner\">\n\t\t<div class=\"elementor-element elementor-element-7e8e5723 e-con-full e-flex e-con e-child\" data-id=\"7e8e5723\" data-element_type=\"container\" data-e-type=\"container\">\n\t\t\t\t<div class=\"elementor-element elementor-element-1935edeb elementor-widget__width-initial animated-fast elementor-invisible elementor-widget elementor-widget-spacer\" data-id=\"1935edeb\" data-element_type=\"widget\" data-e-type=\"widget\" data-settings=\"{&quot;_animation&quot;:&quot;fadeInLeft&quot;,&quot;_animation_delay&quot;:1000}\" data-widget_type=\"spacer.default\">\n\t\t\t\t<div class=\"elementor-widget-container\">\n\t\t\t\t\t\t\t<div class=\"elementor-spacer\">\n\t\t\t<div class=\"elementor-spacer-inner\"><\/div>\n\t\t<\/div>\n\t\t\t\t\t\t<\/div>\n\t\t\t\t<\/div>\n\t\t\t\t<\/div>\n\t\t\t\t\t<\/div>\n\t\t\t\t<\/div>\n\t\t<div class=\"elementor-element elementor-element-5bda44f elementor-hidden-desktop e-flex e-con-boxed e-con e-parent\" data-id=\"5bda44f\" data-element_type=\"container\" data-e-type=\"container\" data-settings=\"{&quot;background_background&quot;:&quot;classic&quot;}\">\n\t\t\t\t\t<div class=\"e-con-inner\">\n\t\t<div class=\"elementor-element elementor-element-2c12874c e-con-full e-flex e-con e-child\" data-id=\"2c12874c\" data-element_type=\"container\" data-e-type=\"container\">\n\t\t\t\t<div class=\"elementor-element elementor-element-22bb3ab2 elementor-widget__width-initial animated-fast elementor-invisible elementor-widget elementor-widget-spacer\" data-id=\"22bb3ab2\" data-element_type=\"widget\" data-e-type=\"widget\" data-settings=\"{&quot;_animation&quot;:&quot;fadeInLeft&quot;,&quot;_animation_delay&quot;:1000}\" data-widget_type=\"spacer.default\">\n\t\t\t\t<div class=\"elementor-widget-container\">\n\t\t\t\t\t\t\t<div class=\"elementor-spacer\">\n\t\t\t<div class=\"elementor-spacer-inner\"><\/div>\n\t\t<\/div>\n\t\t\t\t\t\t<\/div>\n\t\t\t\t<\/div>\n\t\t\t\t<\/div>\n\t\t<div class=\"elementor-element elementor-element-6cb6e1dc e-con-full e-flex e-con e-child\" data-id=\"6cb6e1dc\" data-element_type=\"container\" data-e-type=\"container\">\n\t\t\t\t<div class=\"elementor-element elementor-element-24f40ed7 elementor-widget elementor-widget-image\" data-id=\"24f40ed7\" data-element_type=\"widget\" data-e-type=\"widget\" data-widget_type=\"image.default\">\n\t\t\t\t<div class=\"elementor-widget-container\">\n\t\t\t\t\t\t\t\t\t\t\t\t\t\t\t<img fetchpriority=\"high\" decoding=\"async\" width=\"2048\" height=\"1365\" src=\"https:\/\/polyart.ch\/wp-content\/uploads\/2025\/02\/lederbaender-textilbaender-polyart-huttwil-schweiz-2048x1365.jpg\" class=\"attachment-2048x2048 size-2048x2048 wp-image-27519\" alt=\"\" srcset=\"https:\/\/polyart.ch\/wp-content\/uploads\/2025\/02\/lederbaender-textilbaender-polyart-huttwil-schweiz-2048x1365.jpg 2048w, https:\/\/polyart.ch\/wp-content\/uploads\/2025\/02\/lederbaender-textilbaender-polyart-huttwil-schweiz-scaled-1000x667.jpg 1000w, https:\/\/polyart.ch\/wp-content\/uploads\/2025\/02\/lederbaender-textilbaender-polyart-huttwil-schweiz-1024x683.jpg 1024w, https:\/\/polyart.ch\/wp-content\/uploads\/2025\/02\/lederbaender-textilbaender-polyart-huttwil-schweiz-768x512.jpg 768w, https:\/\/polyart.ch\/wp-content\/uploads\/2025\/02\/lederbaender-textilbaender-polyart-huttwil-schweiz-1536x1024.jpg 1536w\" sizes=\"(max-width: 2048px) 100vw, 2048px\" \/>\t\t\t\t\t\t\t\t\t\t\t\t\t\t\t<\/div>\n\t\t\t\t<\/div>\n\t\t\t\t<\/div>\n\t\t\t\t\t<\/div>\n\t\t\t\t<\/div>\n\t\t            <\/div>\n        <\/div>\n\t\t                <\/div>\n            <\/div>\n\t\t\t                <\/div>\n\t\t\t\t\t<div class=\"swiper-pagination owl-dots bullets-small-dot-stroke\"><\/div>        <div class=\"the7-swiper-button the7-swiper-button-prev elementor-icon\">\n\t\t\t<i aria-hidden=\"true\" class=\"fas fa-chevron-left\"><\/i>        <\/div>\n        <div class=\"the7-swiper-button the7-swiper-button-next elementor-icon\">\n\t\t\t<i aria-hidden=\"true\" class=\"fas fa-chevron-right\"><\/i>        <\/div>\n\t\t            <\/div>\n        <\/div>\n\t\t\t\t\t\t<\/div>\n\t\t\t\t<\/div>\n\t\t\t\t\t<\/div>\n\t\t\t\t<\/div>\n\t\t<div class=\"elementor-element elementor-element-b31bdfe elementor-hidden-tablet e-flex e-con-boxed e-con e-parent\" data-id=\"b31bdfe\" data-element_type=\"container\" data-e-type=\"container\">\n\t\t\t\t\t<div class=\"e-con-inner\">\n\t\t<div class=\"elementor-element elementor-element-afaca2c e-con-full e-flex e-con e-child\" data-id=\"afaca2c\" data-element_type=\"container\" data-e-type=\"container\">\n\t\t\t\t<div class=\"elementor-element elementor-element-8174efc elementor-widget elementor-widget-text-editor\" data-id=\"8174efc\" data-element_type=\"widget\" data-e-type=\"widget\" data-widget_type=\"text-editor.default\">\n\t\t\t\t<div class=\"elementor-widget-container\">\n\t\t\t\t\t\t\t\t\t<p>Notre gamme de rubans en cuir et en textile de haute qualit\u00e9 vous offre des solutions vari\u00e9es pour les bijoux, la d\u00e9coration, les accessoires et les cadeaux. Avec plus de 500 articles standard et la possibilit\u00e9 de produire sur mesure selon vos exigences, nous vous aidons \u00e0 r\u00e9aliser les projets de vos clients. Nous accordons une importance particuli\u00e8re aux produits en cuir durables et non polluants afin de garantir une qualit\u00e9 sup\u00e9rieure et des solutions respectueuses de l&rsquo;environnement pour votre projet.  <\/p><p>Scheidegger Polyart fournit exclusivement des revendeurs et l&rsquo;industrie de transformation. Nous nous ferons un plaisir de vous fournir les coordonn\u00e9es d&rsquo;un revendeur. <\/p>\t\t\t\t\t\t\t\t<\/div>\n\t\t\t\t<\/div>\n\t\t\t\t<div class=\"elementor-element elementor-element-0372578 elementor-widget elementor-widget-button\" data-id=\"0372578\" data-element_type=\"widget\" data-e-type=\"widget\" data-widget_type=\"button.default\">\n\t\t\t\t<div class=\"elementor-widget-container\">\n\t\t\t\t\t\t\t\t\t<div class=\"elementor-button-wrapper\">\n\t\t\t\t\t<a class=\"elementor-button elementor-button-link elementor-size-sm\" href=\"https:\/\/polyart.ch\/wp-content\/uploads\/2025\/03\/Katalog-Schmuck-Lederartikel-Jan.25_BK-Kopie.pdf\" target=\"_blank\">\n\t\t\t\t\t\t<span class=\"elementor-button-content-wrapper\">\n\t\t\t\t\t\t\t\t\t<span class=\"elementor-button-text\">T\u00e9l\u00e9charger le catalogue Accessoires de sellerie<\/span>\n\t\t\t\t\t<\/span>\n\t\t\t\t\t<\/a>\n\t\t\t\t<\/div>\n\t\t\t\t\t\t\t\t<\/div>\n\t\t\t\t<\/div>\n\t\t\t\t<\/div>\n\t\t\t\t\t<\/div>\n\t\t\t\t<\/div>\n\t\t\t\t<\/div>\n\t\t","protected":false},"excerpt":{"rendered":"<p>Notre gamme de rubans en cuir et en textile de haute qualit\u00e9 vous offre des solutions vari\u00e9es pour les bijoux, la d\u00e9coration, les accessoires et les cadeaux. Avec plus de 500 articles standard et la possibilit\u00e9 de produire sur mesure selon vos exigences, nous vous aidons \u00e0 r\u00e9aliser les projets de vos clients. Nous accordons&hellip;<\/p>\n","protected":false},"author":2,"featured_media":0,"parent":0,"menu_order":0,"comment_status":"closed","ping_status":"closed","template":"elementor_header_footer","meta":{"_acf_changed":false,"footnotes":""},"class_list":["post-32439","page","type-page","status-publish","hentry"],"acf":[],"aioseo_notices":[],"_links":{"self":[{"href":"https:\/\/polyart.ch\/fr\/wp-json\/wp\/v2\/pages\/32439","targetHints":{"allow":["GET"]}}],"collection":[{"href":"https:\/\/polyart.ch\/fr\/wp-json\/wp\/v2\/pages"}],"about":[{"href":"https:\/\/polyart.ch\/fr\/wp-json\/wp\/v2\/types\/page"}],"author":[{"embeddable":true,"href":"https:\/\/polyart.ch\/fr\/wp-json\/wp\/v2\/users\/2"}],"replies":[{"embeddable":true,"href":"https:\/\/polyart.ch\/fr\/wp-json\/wp\/v2\/comments?post=32439"}],"version-history":[{"count":7,"href":"https:\/\/polyart.ch\/fr\/wp-json\/wp\/v2\/pages\/32439\/revisions"}],"predecessor-version":[{"id":32588,"href":"https:\/\/polyart.ch\/fr\/wp-json\/wp\/v2\/pages\/32439\/revisions\/32588"}],"wp:attachment":[{"href":"https:\/\/polyart.ch\/fr\/wp-json\/wp\/v2\/media?parent=32439"}],"curies":[{"name":"wp","href":"https:\/\/api.w.org\/{rel}","templated":true}]}}