{"id":30896,"date":"2025-10-17T11:31:40","date_gmt":"2025-10-17T09:31:40","guid":{"rendered":"https:\/\/polyart.ch\/produkt\/jazz-cs-trevira-cs-tissu-dameublement\/"},"modified":"2026-02-10T13:28:02","modified_gmt":"2026-02-10T12:28:02","slug":"jazz-cs-trevira-cs-tissu-dameublement","status":"publish","type":"product","link":"https:\/\/polyart.ch\/fr\/produit\/jazz-cs-trevira-cs-tissu-dameublement\/","title":{"rendered":"JAZZ CS &#8211; Trevira CS Tissu d&rsquo;ameublement"},"content":{"rendered":"<p>Le tissu d&rsquo;ameublement Jazz CS convainc par sa qualit\u00e9 sup\u00e9rieure et sa durabilit\u00e9.<\/p>\n<p>Avec plus de 200 000 cycles de r\u00e9sistance \u00e0 l&rsquo;abrasion, il est id\u00e9al pour les environnements professionnels tr\u00e8s sollicit\u00e9s. Gr\u00e2ce \u00e0 Trevira\u00ae CS, ce tissu d&rsquo;ameublement r\u00e9pond aux normes de s\u00e9curit\u00e9 incendie les plus strictes au monde. Moderne, facile d&rsquo;entretien et \u00e9l\u00e9gant &#8211; parfait pour l&rsquo;h\u00f4tellerie, la restauration et les espaces publics.  <\/p>\n<p><img decoding=\"async\" class=\"alignnone size-full wp-image-30535\" src=\"https:\/\/polyart.ch\/wp-content\/uploads\/2025\/10\/trevira-1.jpg\" alt=\"\" width=\"250\" height=\"130\"><\/p>\n","protected":false},"excerpt":{"rendered":"<p>Composition : <strong>Trevira CS<\/strong><strong> 100 %<\/strong><\/p>\n<p>Poids : <strong>462 g\/m2<\/strong><\/p>\n<p>Largeur : <strong>140 cm<\/strong><\/p>\n<p>Longueur des rouleaux : <strong>1 &#8211; 45 m\u00e8tres lin\u00e9aires<\/strong><\/p>\n<p>&nbsp;<\/p>\n","protected":false},"featured_media":30435,"template":"","meta":{"_acf_changed":false},"product_brand":[],"product_cat":[542],"product_tag":[],"class_list":{"0":"post-30896","1":"product","2":"type-product","3":"status-publish","4":"has-post-thumbnail","6":"product_cat-tissus-dameublement","7":"description-off","9":"first","10":"outofstock","11":"shipping-taxable","12":"product-type-variable"},"acf":[],"aioseo_notices":[],"_links":{"self":[{"href":"https:\/\/polyart.ch\/fr\/wp-json\/wp\/v2\/product\/30896","targetHints":{"allow":["GET"]}}],"collection":[{"href":"https:\/\/polyart.ch\/fr\/wp-json\/wp\/v2\/product"}],"about":[{"href":"https:\/\/polyart.ch\/fr\/wp-json\/wp\/v2\/types\/product"}],"version-history":[{"count":1,"href":"https:\/\/polyart.ch\/fr\/wp-json\/wp\/v2\/product\/30896\/revisions"}],"predecessor-version":[{"id":32086,"href":"https:\/\/polyart.ch\/fr\/wp-json\/wp\/v2\/product\/30896\/revisions\/32086"}],"wp:featuredmedia":[{"embeddable":true,"href":"https:\/\/polyart.ch\/fr\/wp-json\/wp\/v2\/media\/30435"}],"wp:attachment":[{"href":"https:\/\/polyart.ch\/fr\/wp-json\/wp\/v2\/media?parent=30896"}],"wp:term":[{"taxonomy":"product_brand","embeddable":true,"href":"https:\/\/polyart.ch\/fr\/wp-json\/wp\/v2\/product_brand?post=30896"},{"taxonomy":"product_cat","embeddable":true,"href":"https:\/\/polyart.ch\/fr\/wp-json\/wp\/v2\/product_cat?post=30896"},{"taxonomy":"product_tag","embeddable":true,"href":"https:\/\/polyart.ch\/fr\/wp-json\/wp\/v2\/product_tag?post=30896"}],"curies":[{"name":"wp","href":"https:\/\/api.w.org\/{rel}","templated":true}]}}