{"id":30897,"date":"2025-10-10T10:32:23","date_gmt":"2025-10-10T08:32:23","guid":{"rendered":"https:\/\/polyart.ch\/produkt\/megan-melange-aspect-chine-subtil\/"},"modified":"2025-12-17T13:44:52","modified_gmt":"2025-12-17T12:44:52","slug":"megan-melange-aspect-chine-subtil","status":"publish","type":"product","link":"https:\/\/polyart.ch\/fr\/produit\/megan-melange-aspect-chine-subtil\/","title":{"rendered":"MEGAN MELANGE+ &#8211; aspect chin\u00e9 subtil"},"content":{"rendered":"<p>Le tissu d&rsquo;ameublement Megan melange+ est un velours moderne de qualit\u00e9 sup\u00e9rieure, dot\u00e9 d&rsquo;excellentes propri\u00e9t\u00e9s techniques.<\/p>\n<p>Id\u00e9al pour les meubles rembourr\u00e9s, les t\u00eates de lit et les accessoires d&rsquo;int\u00e9rieur au rembourrage doux. Inspir\u00e9 du noble velours de laine, il s\u00e9duit par son toucher incroyablement doux, son \u00e9l\u00e9gant aspect chin\u00e9 et ses multiples possibilit\u00e9s d&rsquo;utilisation. <\/p>\n<p>&nbsp;<\/p>\n<p>&nbsp;<\/p>\n","protected":false},"excerpt":{"rendered":"<p>Composition : <strong>PES 100 %<\/strong><\/p>\n<p>Poids : <strong>450 g\/m2<\/strong><\/p>\n<p>Largeur : <strong>140 cm<\/strong><\/p>\n<p>Longueur du rouleau : <strong>1 &#8211; 40 m\u00e8tres lin\u00e9aires<\/strong><\/p>\n<p>&nbsp;<\/p>\n","protected":false},"featured_media":30311,"template":"","meta":{"_acf_changed":false},"product_brand":[],"product_cat":[542],"product_tag":[],"class_list":{"0":"post-30897","1":"product","2":"type-product","3":"status-publish","4":"has-post-thumbnail","6":"product_cat-tissus-dameublement","7":"description-off","9":"first","10":"outofstock","11":"shipping-taxable","12":"product-type-variable"},"acf":[],"aioseo_notices":[],"_links":{"self":[{"href":"https:\/\/polyart.ch\/fr\/wp-json\/wp\/v2\/product\/30897","targetHints":{"allow":["GET"]}}],"collection":[{"href":"https:\/\/polyart.ch\/fr\/wp-json\/wp\/v2\/product"}],"about":[{"href":"https:\/\/polyart.ch\/fr\/wp-json\/wp\/v2\/types\/product"}],"version-history":[{"count":1,"href":"https:\/\/polyart.ch\/fr\/wp-json\/wp\/v2\/product\/30897\/revisions"}],"predecessor-version":[{"id":31572,"href":"https:\/\/polyart.ch\/fr\/wp-json\/wp\/v2\/product\/30897\/revisions\/31572"}],"wp:featuredmedia":[{"embeddable":true,"href":"https:\/\/polyart.ch\/fr\/wp-json\/wp\/v2\/media\/30311"}],"wp:attachment":[{"href":"https:\/\/polyart.ch\/fr\/wp-json\/wp\/v2\/media?parent=30897"}],"wp:term":[{"taxonomy":"product_brand","embeddable":true,"href":"https:\/\/polyart.ch\/fr\/wp-json\/wp\/v2\/product_brand?post=30897"},{"taxonomy":"product_cat","embeddable":true,"href":"https:\/\/polyart.ch\/fr\/wp-json\/wp\/v2\/product_cat?post=30897"},{"taxonomy":"product_tag","embeddable":true,"href":"https:\/\/polyart.ch\/fr\/wp-json\/wp\/v2\/product_tag?post=30897"}],"curies":[{"name":"wp","href":"https:\/\/api.w.org\/{rel}","templated":true}]}}