{"id":30898,"date":"2025-10-03T15:41:31","date_gmt":"2025-10-03T13:41:31","guid":{"rendered":"https:\/\/polyart.ch\/produkt\/studio-cs-tissu-chenille-luxueux-en-trevira-cs\/"},"modified":"2026-02-10T13:16:41","modified_gmt":"2026-02-10T12:16:41","slug":"studio-cs-tissu-chenille-luxueux-en-trevira-cs","status":"publish","type":"product","link":"https:\/\/polyart.ch\/fr\/produit\/studio-cs-tissu-chenille-luxueux-en-trevira-cs\/","title":{"rendered":"STUDIO CS &#8211; tissu chenille luxueux en Trevira CS"},"content":{"rendered":"<p>Le tissu d&rsquo;ameublement Studio CS s\u00e9duit en tant que tissu chenille moderne et design au toucher noble et \u00e0 la profondeur de couleur impressionnante.<\/p>\n<p>Gr\u00e2ce \u00e0 son traitement ignifuge et \u00e0 ses excellentes propri\u00e9t\u00e9s techniques, il est id\u00e9al pour le secteur Contract et les espaces publics.<\/p>\n<p>Les combinaisons de couleurs innovantes, dont certaines changent en fonction de la lumi\u00e8re et de l&rsquo;angle de vue, apportent des accents styl\u00e9s.<\/p>\n<p>&nbsp;<\/p>\n<p><img decoding=\"async\" class=\"alignnone size-full wp-image-30550\" src=\"https:\/\/polyart.ch\/wp-content\/uploads\/2025\/10\/trevira-4.jpg\" alt=\"\" width=\"250\" height=\"130\"><\/p>\n","protected":false},"excerpt":{"rendered":"<p>Composition : <strong>Trevira CS<\/strong><strong> 100 %<\/strong><\/p>\n<p>Poids : <strong>490 g\/m2<\/strong><\/p>\n<p>Largeur : <strong>140 cm<\/strong><\/p>\n<p>Longueur des rouleaux : <strong>1 &#8211; 25 m\u00e8tres lin\u00e9aires<\/strong><\/p>\n<p>&nbsp;<\/p>\n","protected":false},"featured_media":30209,"template":"","meta":{"_acf_changed":false},"product_brand":[],"product_cat":[542],"product_tag":[],"class_list":{"0":"post-30898","1":"product","2":"type-product","3":"status-publish","4":"has-post-thumbnail","6":"product_cat-tissus-dameublement","7":"description-off","9":"first","10":"outofstock","11":"shipping-taxable","12":"product-type-variable"},"acf":[],"aioseo_notices":[],"_links":{"self":[{"href":"https:\/\/polyart.ch\/fr\/wp-json\/wp\/v2\/product\/30898","targetHints":{"allow":["GET"]}}],"collection":[{"href":"https:\/\/polyart.ch\/fr\/wp-json\/wp\/v2\/product"}],"about":[{"href":"https:\/\/polyart.ch\/fr\/wp-json\/wp\/v2\/types\/product"}],"version-history":[{"count":2,"href":"https:\/\/polyart.ch\/fr\/wp-json\/wp\/v2\/product\/30898\/revisions"}],"predecessor-version":[{"id":32074,"href":"https:\/\/polyart.ch\/fr\/wp-json\/wp\/v2\/product\/30898\/revisions\/32074"}],"wp:featuredmedia":[{"embeddable":true,"href":"https:\/\/polyart.ch\/fr\/wp-json\/wp\/v2\/media\/30209"}],"wp:attachment":[{"href":"https:\/\/polyart.ch\/fr\/wp-json\/wp\/v2\/media?parent=30898"}],"wp:term":[{"taxonomy":"product_brand","embeddable":true,"href":"https:\/\/polyart.ch\/fr\/wp-json\/wp\/v2\/product_brand?post=30898"},{"taxonomy":"product_cat","embeddable":true,"href":"https:\/\/polyart.ch\/fr\/wp-json\/wp\/v2\/product_cat?post=30898"},{"taxonomy":"product_tag","embeddable":true,"href":"https:\/\/polyart.ch\/fr\/wp-json\/wp\/v2\/product_tag?post=30898"}],"curies":[{"name":"wp","href":"https:\/\/api.w.org\/{rel}","templated":true}]}}