{"id":30902,"date":"2025-09-26T07:50:56","date_gmt":"2025-09-26T05:50:56","guid":{"rendered":"https:\/\/polyart.ch\/produkt\/fjord-cuir-synthetique-100-pu-sans-solvant\/"},"modified":"2026-02-19T08:07:01","modified_gmt":"2026-02-19T07:07:01","slug":"fjord-cuir-synthetique-100-pu-sans-solvant","status":"publish","type":"product","link":"https:\/\/polyart.ch\/fr\/produit\/fjord-cuir-synthetique-100-pu-sans-solvant\/","title":{"rendered":"FJORD &#8211; Cuir synth\u00e9tique 100 % PU sans solvant"},"content":{"rendered":"<p class=\"col-xs-12 col-sm-12 col-md-12 col-lg-12\">FJORD est un similicuir innovant de derni\u00e8re g\u00e9n\u00e9ration : 100 % polyur\u00e9thane (PU) sans solvant \u00e0 base d&rsquo;eau, sans phtalates et certifi\u00e9 Oeko-Tex.<\/p>\n<p class=\"col-xs-12 col-sm-12 col-md-12 col-lg-12\">Le mat\u00e9riau convainc par sa grande respirabilit\u00e9 et reste souple et r\u00e9sistant m\u00eame \u00e0 basses temp\u00e9ratures gr\u00e2ce \u00e0 son rev\u00eatement Thermoflex. Son toucher doux le rend agr\u00e9able \u00e0 utiliser. <\/p>\n<p class=\"col-xs-12 col-sm-12 col-md-12 col-lg-12\">Id\u00e9al pour les meubles, les bateaux et les caravanes &#8211; moderne, durable et polyvalent.<\/p>\n<p>&nbsp;<\/p>\n<p>&nbsp;<\/p>\n<p>&nbsp;<\/p>\n","protected":false},"excerpt":{"rendered":"<p>Composition : <strong>PU<\/strong> <strong>90%<\/strong><strong>&#8211; PES 10 %<\/strong><\/p>\n<p>Poids : <strong>485 g <\/strong><\/p>\n<p>Largeur : <strong>140 cm<\/strong><\/p>\n<p>Longueur du rouleau : <strong>25 m\u00e8tres lin\u00e9aires<\/strong><\/p>\n<p>\u00c9paisseur : <strong>1,05 mm +\/- 0,1 mm<\/strong><\/p>\n<p>&nbsp;<\/p>\n","protected":false},"featured_media":29735,"template":"","meta":{"_acf_changed":false},"product_brand":[],"product_cat":[875],"product_tag":[],"class_list":{"0":"post-30902","1":"product","2":"type-product","3":"status-publish","4":"has-post-thumbnail","6":"product_cat-similicuir_","7":"description-off","9":"first","10":"outofstock","11":"shipping-taxable","12":"product-type-variable"},"acf":[],"aioseo_notices":[],"_links":{"self":[{"href":"https:\/\/polyart.ch\/fr\/wp-json\/wp\/v2\/product\/30902","targetHints":{"allow":["GET"]}}],"collection":[{"href":"https:\/\/polyart.ch\/fr\/wp-json\/wp\/v2\/product"}],"about":[{"href":"https:\/\/polyart.ch\/fr\/wp-json\/wp\/v2\/types\/product"}],"version-history":[{"count":1,"href":"https:\/\/polyart.ch\/fr\/wp-json\/wp\/v2\/product\/30902\/revisions"}],"predecessor-version":[{"id":30942,"href":"https:\/\/polyart.ch\/fr\/wp-json\/wp\/v2\/product\/30902\/revisions\/30942"}],"wp:featuredmedia":[{"embeddable":true,"href":"https:\/\/polyart.ch\/fr\/wp-json\/wp\/v2\/media\/29735"}],"wp:attachment":[{"href":"https:\/\/polyart.ch\/fr\/wp-json\/wp\/v2\/media?parent=30902"}],"wp:term":[{"taxonomy":"product_brand","embeddable":true,"href":"https:\/\/polyart.ch\/fr\/wp-json\/wp\/v2\/product_brand?post=30902"},{"taxonomy":"product_cat","embeddable":true,"href":"https:\/\/polyart.ch\/fr\/wp-json\/wp\/v2\/product_cat?post=30902"},{"taxonomy":"product_tag","embeddable":true,"href":"https:\/\/polyart.ch\/fr\/wp-json\/wp\/v2\/product_tag?post=30902"}],"curies":[{"name":"wp","href":"https:\/\/api.w.org\/{rel}","templated":true}]}}