{"id":30906,"date":"2025-09-05T09:05:02","date_gmt":"2025-09-05T07:05:02","guid":{"rendered":"https:\/\/polyart.ch\/produkt\/sedicur-kit-dentretien-pour-similicuir\/"},"modified":"2025-09-05T09:05:02","modified_gmt":"2025-09-05T07:05:02","slug":"sedicur-kit-dentretien-pour-similicuir","status":"publish","type":"product","link":"https:\/\/polyart.ch\/fr\/produit\/sedicur-kit-dentretien-pour-similicuir\/","title":{"rendered":"SEDICUR\u00ae &#8211; Kit d&rsquo;entretien pour similicuir"},"content":{"rendered":"<p>Le kit d&rsquo;entretien pour cuir synth\u00e9tique SEDICUR\u00ae offre un nettoyant puissant et un hydro-fluide nourrissant en un seul kit. Id\u00e9al pour l&rsquo;entretien r\u00e9gulier des meubles en similicuir. <\/p>\n<p>Contenu : 200 ml de nettoyant pour similicuir, 200 ml de fluide hydraulique pour similicuir, 1 \u00e9ponge de nettoyage, 1 chiffon, instructions.<\/p>\n<p>Le nettoyant SEDICUR\u00ae \u00e9limine les salissures quotidiennes, y compris les taches grasses, ainsi que les l\u00e9g\u00e8res d\u00e9colorations superficielles dues, par exemple, aux jeans.<\/p>\n<p>Le SEDICUR\u00ae Hydro Fluid apporte ensuite un soin et une hydratation optimale. Utilis\u00e9 r\u00e9guli\u00e8rement, il permet aux meubles en similicuir de rester propres et de conserver leur \u00e9clat. <\/p>\n<p>agr\u00e9able au toucher.<\/p>\n","protected":false},"excerpt":{"rendered":"<p>Le kit d&rsquo;entretien pour cuir synth\u00e9tique SEDICUR\u00ae offre un nettoyant puissant et un hydro-fluide nourrissant en un seul kit. Id\u00e9al pour l&rsquo;entretien r\u00e9gulier des meubles en similicuir. Contenu : 200 ml de nettoyant pour similicuir, 200 ml de fluide hydraulique pour similicuir, 1 \u00e9ponge de nettoyage, 1 chiffon, instructions. Le nettoyant SEDICUR\u00ae \u00e9limine les salissures&hellip;<\/p>\n","protected":false},"featured_media":29533,"template":"","meta":{"_acf_changed":false},"product_brand":[],"product_cat":[592],"product_tag":[],"class_list":{"0":"post-30906","1":"product","2":"type-product","3":"status-publish","4":"has-post-thumbnail","6":"product_cat-adhesifs","7":"description-off","9":"first","10":"outofstock","11":"shipping-taxable","12":"product-type-variable"},"acf":[],"aioseo_notices":[],"_links":{"self":[{"href":"https:\/\/polyart.ch\/fr\/wp-json\/wp\/v2\/product\/30906","targetHints":{"allow":["GET"]}}],"collection":[{"href":"https:\/\/polyart.ch\/fr\/wp-json\/wp\/v2\/product"}],"about":[{"href":"https:\/\/polyart.ch\/fr\/wp-json\/wp\/v2\/types\/product"}],"version-history":[{"count":0,"href":"https:\/\/polyart.ch\/fr\/wp-json\/wp\/v2\/product\/30906\/revisions"}],"wp:featuredmedia":[{"embeddable":true,"href":"https:\/\/polyart.ch\/fr\/wp-json\/wp\/v2\/media\/29533"}],"wp:attachment":[{"href":"https:\/\/polyart.ch\/fr\/wp-json\/wp\/v2\/media?parent=30906"}],"wp:term":[{"taxonomy":"product_brand","embeddable":true,"href":"https:\/\/polyart.ch\/fr\/wp-json\/wp\/v2\/product_brand?post=30906"},{"taxonomy":"product_cat","embeddable":true,"href":"https:\/\/polyart.ch\/fr\/wp-json\/wp\/v2\/product_cat?post=30906"},{"taxonomy":"product_tag","embeddable":true,"href":"https:\/\/polyart.ch\/fr\/wp-json\/wp\/v2\/product_tag?post=30906"}],"curies":[{"name":"wp","href":"https:\/\/api.w.org\/{rel}","templated":true}]}}