{"id":30912,"date":"2025-05-16T08:38:37","date_gmt":"2025-05-16T06:38:37","guid":{"rendered":"https:\/\/polyart.ch\/produkt\/zephyr-free-cuir-synthetique-biosource\/"},"modified":"2026-02-25T14:44:09","modified_gmt":"2026-02-25T13:44:09","slug":"zephyr-free-cuir-synthetique-biosource","status":"publish","type":"product","link":"https:\/\/polyart.ch\/fr\/produit\/zephyr-free-cuir-synthetique-biosource\/","title":{"rendered":"ZEPHYR FRee &#8211; Cuir synth\u00e9tique biosourc\u00e9"},"content":{"rendered":"<p class=\"col-xs-12 col-sm-12 col-md-12 col-lg-12\">Zephyr FRee de MorGreen est un cuir synth\u00e9tique v\u00e9g\u00e9talien innovant &#8211; produit de mani\u00e8re durable \u00e0 plus de 80 % et avec un support en polyester 100 % recycl\u00e9.<\/p>\n<p class=\"col-xs-12 col-sm-12 col-md-12 col-lg-12\">Son traitement ignifuge sans produits chimiques le rend id\u00e9al pour les projets d&rsquo;int\u00e9rieur et d&rsquo;ext\u00e9rieur respectueux de l&rsquo;environnement. Son toucher doux, sa qualit\u00e9 durable et ses tons chauds cr\u00e9ent une ambiance \u00e9l\u00e9gante et moderne. <\/p>\n<p>&nbsp;<\/p>\n<p>&nbsp;<\/p>\n<p><img fetchpriority=\"high\" decoding=\"async\" class=\"alignnone size-full wp-image-26361\" src=\"https:\/\/polyart.ch\/wp-content\/uploads\/2023\/12\/IconMorgreen-min-1-1.png\" alt=\"\" width=\"500\" height=\"155\"><img decoding=\"async\" class=\"alignnone wp-image-28992 size-full\" src=\"https:\/\/polyart.ch\/wp-content\/uploads\/2025\/05\/MorGreen300-1.png\" alt=\"\" width=\"250\" height=\"249\" srcset=\"https:\/\/polyart.ch\/wp-content\/uploads\/2025\/05\/MorGreen300-1.png 250w, https:\/\/polyart.ch\/wp-content\/uploads\/2025\/05\/MorGreen300-1-200x200.png 200w, https:\/\/polyart.ch\/wp-content\/uploads\/2025\/05\/MorGreen300-1-50x50.png 50w, https:\/\/polyart.ch\/wp-content\/uploads\/2025\/05\/MorGreen300-1-100x100.png 100w\" sizes=\"(max-width: 250px) 100vw, 250px\" \/><\/p>\n","protected":false},"excerpt":{"rendered":"<p>Composition : <strong>Bio-PVC 84<\/strong><strong> % &#8211; Res-PES 16 %<\/strong><\/p>\n<p>Poids : <strong>675 g <\/strong><\/p>\n<p>Largeur : <strong>137 cm<\/strong><\/p>\n<p>Longueur du rouleau : <strong>30 m\u00e8tres lin\u00e9aires<\/strong><\/p>\n<p>Epaisseur : <strong>1.0 mm +\/- 0.1 mm<\/strong><\/p>\n<p>&nbsp;<\/p>\n","protected":false},"featured_media":28961,"template":"","meta":{"_acf_changed":false},"product_brand":[],"product_cat":[875],"product_tag":[],"class_list":{"0":"post-30912","1":"product","2":"type-product","3":"status-publish","4":"has-post-thumbnail","6":"product_cat-similicuir_","7":"description-off","9":"first","10":"outofstock","11":"shipping-taxable","12":"product-type-variable"},"acf":[],"aioseo_notices":[],"_links":{"self":[{"href":"https:\/\/polyart.ch\/fr\/wp-json\/wp\/v2\/product\/30912","targetHints":{"allow":["GET"]}}],"collection":[{"href":"https:\/\/polyart.ch\/fr\/wp-json\/wp\/v2\/product"}],"about":[{"href":"https:\/\/polyart.ch\/fr\/wp-json\/wp\/v2\/types\/product"}],"version-history":[{"count":1,"href":"https:\/\/polyart.ch\/fr\/wp-json\/wp\/v2\/product\/30912\/revisions"}],"predecessor-version":[{"id":32701,"href":"https:\/\/polyart.ch\/fr\/wp-json\/wp\/v2\/product\/30912\/revisions\/32701"}],"wp:featuredmedia":[{"embeddable":true,"href":"https:\/\/polyart.ch\/fr\/wp-json\/wp\/v2\/media\/28961"}],"wp:attachment":[{"href":"https:\/\/polyart.ch\/fr\/wp-json\/wp\/v2\/media?parent=30912"}],"wp:term":[{"taxonomy":"product_brand","embeddable":true,"href":"https:\/\/polyart.ch\/fr\/wp-json\/wp\/v2\/product_brand?post=30912"},{"taxonomy":"product_cat","embeddable":true,"href":"https:\/\/polyart.ch\/fr\/wp-json\/wp\/v2\/product_cat?post=30912"},{"taxonomy":"product_tag","embeddable":true,"href":"https:\/\/polyart.ch\/fr\/wp-json\/wp\/v2\/product_tag?post=30912"}],"curies":[{"name":"wp","href":"https:\/\/api.w.org\/{rel}","templated":true}]}}