{"id":30926,"date":"2025-05-06T13:24:13","date_gmt":"2025-05-06T11:24:13","guid":{"rendered":"https:\/\/polyart.ch\/produkt\/como-similicuir-pour-automobile\/"},"modified":"2026-02-19T08:18:53","modified_gmt":"2026-02-19T07:18:53","slug":"como-similicuir-pour-automobile","status":"publish","type":"product","link":"https:\/\/polyart.ch\/fr\/produit\/como-similicuir-pour-automobile\/","title":{"rendered":"COMO &#8211; Similicuir pour automobile"},"content":{"rendered":"<p><span data-start=\"177\" data-end=\"185\">Le similicuir COMO se distingue <\/span>par son grain classique et sa r\u00e9sistance impressionnante.<\/p>\n<p>Gr\u00e2ce \u00e0 sa certification B2 en mati\u00e8re d&rsquo;ignifugation et \u00e0 la robustesse de son mat\u00e9riau, COMO est id\u00e9al pour l&rsquo;automobile, les meubles rembourr\u00e9s et de nombreux autres domaines d&rsquo;application aux exigences \u00e9lev\u00e9es.<\/p>\n","protected":false},"excerpt":{"rendered":"<p>Composition : <strong>PVC 81 % &#8211; PES 19 %<\/strong><\/p>\n<p>Poids : <strong>730 g +\/- 50 g\/m2<\/strong><\/p>\n<p>Largeur : <strong>137 cm<\/strong><\/p>\n<p>Longueur du rouleau : <strong>1 &#8211; 30 m\u00e8tres lin\u00e9aires<\/strong><\/p>\n<p>Epaisseur : <strong>1.2 mm +\/- 0.15 mm<\/strong><\/p>\n","protected":false},"featured_media":28880,"template":"","meta":{"_acf_changed":false},"product_brand":[],"product_cat":[875],"product_tag":[],"class_list":{"0":"post-30926","1":"product","2":"type-product","3":"status-publish","4":"has-post-thumbnail","6":"product_cat-similicuir_","7":"description-off","9":"first","10":"outofstock","11":"shipping-taxable","12":"product-type-variable"},"acf":[],"aioseo_notices":[],"_links":{"self":[{"href":"https:\/\/polyart.ch\/fr\/wp-json\/wp\/v2\/product\/30926","targetHints":{"allow":["GET"]}}],"collection":[{"href":"https:\/\/polyart.ch\/fr\/wp-json\/wp\/v2\/product"}],"about":[{"href":"https:\/\/polyart.ch\/fr\/wp-json\/wp\/v2\/types\/product"}],"version-history":[{"count":1,"href":"https:\/\/polyart.ch\/fr\/wp-json\/wp\/v2\/product\/30926\/revisions"}],"predecessor-version":[{"id":32696,"href":"https:\/\/polyart.ch\/fr\/wp-json\/wp\/v2\/product\/30926\/revisions\/32696"}],"wp:featuredmedia":[{"embeddable":true,"href":"https:\/\/polyart.ch\/fr\/wp-json\/wp\/v2\/media\/28880"}],"wp:attachment":[{"href":"https:\/\/polyart.ch\/fr\/wp-json\/wp\/v2\/media?parent=30926"}],"wp:term":[{"taxonomy":"product_brand","embeddable":true,"href":"https:\/\/polyart.ch\/fr\/wp-json\/wp\/v2\/product_brand?post=30926"},{"taxonomy":"product_cat","embeddable":true,"href":"https:\/\/polyart.ch\/fr\/wp-json\/wp\/v2\/product_cat?post=30926"},{"taxonomy":"product_tag","embeddable":true,"href":"https:\/\/polyart.ch\/fr\/wp-json\/wp\/v2\/product_tag?post=30926"}],"curies":[{"name":"wp","href":"https:\/\/api.w.org\/{rel}","templated":true}]}}