{"id":30931,"date":"2025-03-19T16:06:11","date_gmt":"2025-03-19T15:06:11","guid":{"rendered":"https:\/\/polyart.ch\/produkt\/barnum-tissu-dameublement-en-bouclette-retro\/"},"modified":"2025-03-19T16:06:11","modified_gmt":"2025-03-19T15:06:11","slug":"barnum-tissu-dameublement-en-bouclette-retro","status":"publish","type":"product","link":"https:\/\/polyart.ch\/fr\/produit\/barnum-tissu-dameublement-en-bouclette-retro\/","title":{"rendered":"BARNUM &#8211; Tissu d&rsquo;ameublement en bouclette r\u00e9tro"},"content":{"rendered":"<p>Barnum est un tissu boucl\u00e9 tr\u00e8s tendance, inspir\u00e9 des ann\u00e9es 70 et actuellement un produit phare des salons internationaux du meuble.<\/p>\n<p>Avec le velours, le boucl\u00e9 est l&rsquo;un des mat\u00e9riaux les plus demand\u00e9s pour les meubles de style. Avec son beau choix de couleurs, Barnum conf\u00e8re \u00e0 tout int\u00e9rieur une note \u00e9l\u00e9gante et tendance. <\/p>\n<p>&nbsp;<\/p>\n","protected":false},"excerpt":{"rendered":"<p>Composition : <strong>Coton 45 % &#8211; Viscose 19 % &#8211; Laine 15 % &#8211; Acrylique 13 % &#8211; Polyamide 8 %<\/strong><\/p>\n<p>Poids : <strong>680 g\/m2<\/strong><\/p>\n<p>Largeur : <strong>140 cm, +\/- 2 cm<\/strong><\/p>\n<p>Longueur du rouleau : <strong>1 &#8211; 25 m\u00e8tres lin\u00e9aires<\/strong><\/p>\n<p>&nbsp;<\/p>\n","protected":false},"featured_media":28192,"template":"","meta":{"_acf_changed":false},"product_brand":[],"product_cat":[542],"product_tag":[],"class_list":{"0":"post-30931","1":"product","2":"type-product","3":"status-publish","4":"has-post-thumbnail","6":"product_cat-tissus-dameublement","7":"description-off","9":"first","10":"outofstock","11":"shipping-taxable","12":"product-type-variable"},"acf":[],"aioseo_notices":[],"_links":{"self":[{"href":"https:\/\/polyart.ch\/fr\/wp-json\/wp\/v2\/product\/30931","targetHints":{"allow":["GET"]}}],"collection":[{"href":"https:\/\/polyart.ch\/fr\/wp-json\/wp\/v2\/product"}],"about":[{"href":"https:\/\/polyart.ch\/fr\/wp-json\/wp\/v2\/types\/product"}],"version-history":[{"count":0,"href":"https:\/\/polyart.ch\/fr\/wp-json\/wp\/v2\/product\/30931\/revisions"}],"wp:featuredmedia":[{"embeddable":true,"href":"https:\/\/polyart.ch\/fr\/wp-json\/wp\/v2\/media\/28192"}],"wp:attachment":[{"href":"https:\/\/polyart.ch\/fr\/wp-json\/wp\/v2\/media?parent=30931"}],"wp:term":[{"taxonomy":"product_brand","embeddable":true,"href":"https:\/\/polyart.ch\/fr\/wp-json\/wp\/v2\/product_brand?post=30931"},{"taxonomy":"product_cat","embeddable":true,"href":"https:\/\/polyart.ch\/fr\/wp-json\/wp\/v2\/product_cat?post=30931"},{"taxonomy":"product_tag","embeddable":true,"href":"https:\/\/polyart.ch\/fr\/wp-json\/wp\/v2\/product_tag?post=30931"}],"curies":[{"name":"wp","href":"https:\/\/api.w.org\/{rel}","templated":true}]}}