{"id":30936,"date":"2025-04-29T11:38:23","date_gmt":"2025-04-29T09:38:23","guid":{"rendered":"https:\/\/polyart.ch\/produkt\/palma-nf-skai-b1-simili-cuir-pour-collectivites\/"},"modified":"2026-02-19T08:18:52","modified_gmt":"2026-02-19T07:18:52","slug":"palma-nf-skai-b1-simili-cuir-pour-collectivites","status":"publish","type":"product","link":"https:\/\/polyart.ch\/fr\/produit\/palma-nf-skai-b1-simili-cuir-pour-collectivites\/","title":{"rendered":"PALMA NF &#8211; skai\u00ae B1 simili cuir pour collectivit\u00e9s"},"content":{"rendered":"<p>Similicuir <sup>skai\u00ae<\/sup> de haute qualit\u00e9 avec un grain fin de veau et une impression discr\u00e8te.<\/p>\n<p>Ce similicuir est universel et convient particuli\u00e8rement aux collectivit\u00e9s, aux b\u00e2timents publics et aux institutions. <sup>skai\u00ae<\/sup> Palma NF se distingue par son confort, sa robustesse et surtout par son ignifugation, qui permet \u00e0 ce similicuir innovant de r\u00e9pondre \u00e0 la stricte norme B1. <\/p>\n","protected":false},"excerpt":{"rendered":"<p>Composition : <strong>PVC 85 % &#8211; BW tricot\u00e9 15 %<\/strong><\/p>\n<p>Poids : <strong>780 g +\/- 50 g\/m2<\/strong><\/p>\n<p>Largeur : <strong>137 cm<\/strong><\/p>\n<p>Longueur du rouleau : <strong>1 &#8211; 30 m\u00e8tres lin\u00e9aires<\/strong><\/p>\n<p>\u00c9paisseur : <strong>1,3 mm +\/- 0,15 mm<\/strong><\/p>\n","protected":false},"featured_media":29190,"template":"","meta":{"_acf_changed":false},"product_brand":[],"product_cat":[875],"product_tag":[],"class_list":{"0":"post-30936","1":"product","2":"type-product","3":"status-publish","4":"has-post-thumbnail","6":"product_cat-similicuir_","7":"description-off","9":"first","10":"outofstock","11":"shipping-taxable","12":"product-type-variable"},"acf":[],"aioseo_notices":[],"_links":{"self":[{"href":"https:\/\/polyart.ch\/fr\/wp-json\/wp\/v2\/product\/30936","targetHints":{"allow":["GET"]}}],"collection":[{"href":"https:\/\/polyart.ch\/fr\/wp-json\/wp\/v2\/product"}],"about":[{"href":"https:\/\/polyart.ch\/fr\/wp-json\/wp\/v2\/types\/product"}],"version-history":[{"count":1,"href":"https:\/\/polyart.ch\/fr\/wp-json\/wp\/v2\/product\/30936\/revisions"}],"predecessor-version":[{"id":32694,"href":"https:\/\/polyart.ch\/fr\/wp-json\/wp\/v2\/product\/30936\/revisions\/32694"}],"wp:featuredmedia":[{"embeddable":true,"href":"https:\/\/polyart.ch\/fr\/wp-json\/wp\/v2\/media\/29190"}],"wp:attachment":[{"href":"https:\/\/polyart.ch\/fr\/wp-json\/wp\/v2\/media?parent=30936"}],"wp:term":[{"taxonomy":"product_brand","embeddable":true,"href":"https:\/\/polyart.ch\/fr\/wp-json\/wp\/v2\/product_brand?post=30936"},{"taxonomy":"product_cat","embeddable":true,"href":"https:\/\/polyart.ch\/fr\/wp-json\/wp\/v2\/product_cat?post=30936"},{"taxonomy":"product_tag","embeddable":true,"href":"https:\/\/polyart.ch\/fr\/wp-json\/wp\/v2\/product_tag?post=30936"}],"curies":[{"name":"wp","href":"https:\/\/api.w.org\/{rel}","templated":true}]}}