{"id":30950,"date":"2024-11-19T13:43:35","date_gmt":"2024-11-19T12:43:35","guid":{"rendered":"https:\/\/polyart.ch\/produkt\/poodle-tissu-dameublement-avec-imitation-fourrure-structuree\/"},"modified":"2024-11-19T13:43:35","modified_gmt":"2024-11-19T12:43:35","slug":"poodle-tissu-dameublement-avec-imitation-fourrure-structuree","status":"publish","type":"product","link":"https:\/\/polyart.ch\/fr\/produit\/poodle-tissu-dameublement-avec-imitation-fourrure-structuree\/","title":{"rendered":"POODLE &#8211; Tissu d&rsquo;ameublement avec imitation fourrure structur\u00e9e"},"content":{"rendered":"<p>Le tissu d&rsquo;ameublement POODLE est une imitation de fourrure douce et textur\u00e9e en polyester, qui convient aussi bien pour l&rsquo;ameublement, la d\u00e9coration que pour les v\u00eatements.<\/p>\n<p>&nbsp;<\/p>\n","protected":false},"excerpt":{"rendered":"<p>Composition : <strong>PES 100 %<\/strong><\/p>\n<p>Poids : <strong>550 g\/m2<\/strong><\/p>\n<p>Largeur : <strong>143 cm<\/strong><\/p>\n<p>Longueur du rouleau : <strong>1 &#8211; 30 m\u00e8tres lin\u00e9aires<\/strong><\/p>\n<p>&nbsp;<\/p>\n","protected":false},"featured_media":25454,"template":"","meta":{"_acf_changed":false},"product_brand":[],"product_cat":[542],"product_tag":[],"class_list":{"0":"post-30950","1":"product","2":"type-product","3":"status-publish","4":"has-post-thumbnail","6":"product_cat-tissus-dameublement","7":"description-off","9":"first","10":"outofstock","11":"shipping-taxable","12":"product-type-variable"},"acf":[],"aioseo_notices":[],"_links":{"self":[{"href":"https:\/\/polyart.ch\/fr\/wp-json\/wp\/v2\/product\/30950","targetHints":{"allow":["GET"]}}],"collection":[{"href":"https:\/\/polyart.ch\/fr\/wp-json\/wp\/v2\/product"}],"about":[{"href":"https:\/\/polyart.ch\/fr\/wp-json\/wp\/v2\/types\/product"}],"version-history":[{"count":0,"href":"https:\/\/polyart.ch\/fr\/wp-json\/wp\/v2\/product\/30950\/revisions"}],"wp:featuredmedia":[{"embeddable":true,"href":"https:\/\/polyart.ch\/fr\/wp-json\/wp\/v2\/media\/25454"}],"wp:attachment":[{"href":"https:\/\/polyart.ch\/fr\/wp-json\/wp\/v2\/media?parent=30950"}],"wp:term":[{"taxonomy":"product_brand","embeddable":true,"href":"https:\/\/polyart.ch\/fr\/wp-json\/wp\/v2\/product_brand?post=30950"},{"taxonomy":"product_cat","embeddable":true,"href":"https:\/\/polyart.ch\/fr\/wp-json\/wp\/v2\/product_cat?post=30950"},{"taxonomy":"product_tag","embeddable":true,"href":"https:\/\/polyart.ch\/fr\/wp-json\/wp\/v2\/product_tag?post=30950"}],"curies":[{"name":"wp","href":"https:\/\/api.w.org\/{rel}","templated":true}]}}