{"id":30951,"date":"2024-12-05T08:53:53","date_gmt":"2024-12-05T07:53:53","guid":{"rendered":"https:\/\/polyart.ch\/produkt\/kalama-tissu-dameublement-au-meilleur-rapport-qualite-prix\/"},"modified":"2024-12-05T08:53:53","modified_gmt":"2024-12-05T07:53:53","slug":"kalama-tissu-dameublement-au-meilleur-rapport-qualite-prix","status":"publish","type":"product","link":"https:\/\/polyart.ch\/fr\/produit\/kalama-tissu-dameublement-au-meilleur-rapport-qualite-prix\/","title":{"rendered":"KALAMA &#8211; Tissu d&rsquo;ameublement au meilleur rapport qualit\u00e9\/prix"},"content":{"rendered":"<p>Le tissu d&rsquo;ameublement Kalama s\u00e9duit par sa robustesse et son excellent rapport qualit\u00e9-prix.<\/p>\n<p>Id\u00e9al pour une utilisation polyvalente &#8211; que ce soit pour des meubles rembourr\u00e9s, des chaises ou des accessoires d&rsquo;int\u00e9rieur. La vaste palette de couleurs r\u00e9pond \u00e0 tous les souhaits. Choisissez parmi une multitude de teintes modernes et classiques qui donneront \u00e0 vos projets un style personnalis\u00e9.  <\/p>\n","protected":false},"excerpt":{"rendered":"<p>Composition : <strong>PES 100 %<\/strong><\/p>\n<p>Poids : <strong>310 g\/m2<\/strong><\/p>\n<p>Largeur : <strong>140 cm<\/strong><\/p>\n<p>Longueur du rouleau : <strong>1 &#8211; 50 m\u00e8tres lin\u00e9aires<\/strong><\/p>\n<p>&nbsp;<\/p>\n","protected":false},"featured_media":26284,"template":"","meta":{"_acf_changed":false},"product_brand":[],"product_cat":[542],"product_tag":[],"class_list":{"0":"post-30951","1":"product","2":"type-product","3":"status-publish","4":"has-post-thumbnail","6":"product_cat-tissus-dameublement","7":"description-off","9":"first","10":"outofstock","11":"shipping-taxable","12":"product-type-variable"},"acf":[],"aioseo_notices":[],"_links":{"self":[{"href":"https:\/\/polyart.ch\/fr\/wp-json\/wp\/v2\/product\/30951","targetHints":{"allow":["GET"]}}],"collection":[{"href":"https:\/\/polyart.ch\/fr\/wp-json\/wp\/v2\/product"}],"about":[{"href":"https:\/\/polyart.ch\/fr\/wp-json\/wp\/v2\/types\/product"}],"version-history":[{"count":0,"href":"https:\/\/polyart.ch\/fr\/wp-json\/wp\/v2\/product\/30951\/revisions"}],"wp:featuredmedia":[{"embeddable":true,"href":"https:\/\/polyart.ch\/fr\/wp-json\/wp\/v2\/media\/26284"}],"wp:attachment":[{"href":"https:\/\/polyart.ch\/fr\/wp-json\/wp\/v2\/media?parent=30951"}],"wp:term":[{"taxonomy":"product_brand","embeddable":true,"href":"https:\/\/polyart.ch\/fr\/wp-json\/wp\/v2\/product_brand?post=30951"},{"taxonomy":"product_cat","embeddable":true,"href":"https:\/\/polyart.ch\/fr\/wp-json\/wp\/v2\/product_cat?post=30951"},{"taxonomy":"product_tag","embeddable":true,"href":"https:\/\/polyart.ch\/fr\/wp-json\/wp\/v2\/product_tag?post=30951"}],"curies":[{"name":"wp","href":"https:\/\/api.w.org\/{rel}","templated":true}]}}