{"id":30956,"date":"2024-11-19T10:18:31","date_gmt":"2024-11-19T09:18:31","guid":{"rendered":"https:\/\/polyart.ch\/produkt\/bunny-tissu-dameublement-avec-imitation-fourrure\/"},"modified":"2025-11-26T11:14:54","modified_gmt":"2025-11-26T10:14:54","slug":"bunny-tissu-dameublement-avec-imitation-fourrure","status":"publish","type":"product","link":"https:\/\/polyart.ch\/fr\/produit\/bunny-tissu-dameublement-avec-imitation-fourrure\/","title":{"rendered":"BUNNY &#8211; Tissu d&rsquo;ameublement avec imitation fourrure"},"content":{"rendered":"<p>Le tissu d&rsquo;ameublement BUNNY est une imitation de fourrure particuli\u00e8rement douce en polyester de haute qualit\u00e9.<\/p>\n<p>Polyvalent, il peut \u00eatre utilis\u00e9 pour le mobilier, la d\u00e9coration et les accessoires les plus divers. Avec son toucher moelleux et son aspect attrayant, BUNNY est le choix parfait pour des id\u00e9es de d\u00e9coration \u00e9l\u00e9gantes et confortables. <\/p>\n","protected":false},"excerpt":{"rendered":"<p>Composition : <strong>PES 100 %<\/strong><\/p>\n<p>Poids : <strong>728 g\/m2<\/strong><\/p>\n<p>Largeur : <strong>148 cm<\/strong><\/p>\n<p>Longueur du rouleau : <strong>1 &#8211; 25 m\u00e8tres lin\u00e9aires<\/strong><\/p>\n<p>&nbsp;<\/p>\n","protected":false},"featured_media":25265,"template":"","meta":{"_acf_changed":false},"product_brand":[],"product_cat":[542],"product_tag":[],"class_list":{"0":"post-30956","1":"product","2":"type-product","3":"status-publish","4":"has-post-thumbnail","6":"product_cat-tissus-dameublement","7":"description-off","9":"first","10":"outofstock","11":"shipping-taxable","12":"product-type-variable"},"acf":[],"aioseo_notices":[],"_links":{"self":[{"href":"https:\/\/polyart.ch\/fr\/wp-json\/wp\/v2\/product\/30956","targetHints":{"allow":["GET"]}}],"collection":[{"href":"https:\/\/polyart.ch\/fr\/wp-json\/wp\/v2\/product"}],"about":[{"href":"https:\/\/polyart.ch\/fr\/wp-json\/wp\/v2\/types\/product"}],"version-history":[{"count":1,"href":"https:\/\/polyart.ch\/fr\/wp-json\/wp\/v2\/product\/30956\/revisions"}],"predecessor-version":[{"id":30980,"href":"https:\/\/polyart.ch\/fr\/wp-json\/wp\/v2\/product\/30956\/revisions\/30980"}],"wp:featuredmedia":[{"embeddable":true,"href":"https:\/\/polyart.ch\/fr\/wp-json\/wp\/v2\/media\/25265"}],"wp:attachment":[{"href":"https:\/\/polyart.ch\/fr\/wp-json\/wp\/v2\/media?parent=30956"}],"wp:term":[{"taxonomy":"product_brand","embeddable":true,"href":"https:\/\/polyart.ch\/fr\/wp-json\/wp\/v2\/product_brand?post=30956"},{"taxonomy":"product_cat","embeddable":true,"href":"https:\/\/polyart.ch\/fr\/wp-json\/wp\/v2\/product_cat?post=30956"},{"taxonomy":"product_tag","embeddable":true,"href":"https:\/\/polyart.ch\/fr\/wp-json\/wp\/v2\/product_tag?post=30956"}],"curies":[{"name":"wp","href":"https:\/\/api.w.org\/{rel}","templated":true}]}}