{"id":30958,"date":"2024-11-19T13:05:59","date_gmt":"2024-11-19T12:05:59","guid":{"rendered":"https:\/\/polyart.ch\/produkt\/imagine-tissu-dameublement-imitation-fourrure\/"},"modified":"2025-11-26T11:14:43","modified_gmt":"2025-11-26T10:14:43","slug":"imagine-tissu-dameublement-imitation-fourrure","status":"publish","type":"product","link":"https:\/\/polyart.ch\/fr\/produit\/imagine-tissu-dameublement-imitation-fourrure\/","title":{"rendered":"IMAGINE &#8211; Tissu d&rsquo;ameublement imitation fourrure"},"content":{"rendered":"<p>Le tissu d&rsquo;ameublement Imagine est une imitation fourrure extr\u00eamement douce en polyester, id\u00e9ale pour l&rsquo;ameublement et la d\u00e9coration.<\/p>\n<p>La palette de couleurs comprend des tons de base chauds qui s&rsquo;int\u00e8grent harmonieusement dans diff\u00e9rents styles d&rsquo;int\u00e9rieur.<\/p>\n","protected":false},"excerpt":{"rendered":"<p>Composition : <strong>PES 100 %<\/strong><\/p>\n<p>Poids : <strong>400 g\/m2<\/strong><\/p>\n<p>Largeur : <strong>145 cm<\/strong><\/p>\n<p>Longueur du rouleau : <strong>1 &#8211; 40 m\u00e8tres lin\u00e9aires<\/strong><\/p>\n<p>&nbsp;<\/p>\n","protected":false},"featured_media":25375,"template":"","meta":{"_acf_changed":false},"product_brand":[],"product_cat":[542],"product_tag":[],"class_list":{"0":"post-30958","1":"product","2":"type-product","3":"status-publish","4":"has-post-thumbnail","6":"product_cat-tissus-dameublement","7":"description-off","9":"first","10":"outofstock","11":"shipping-taxable","12":"product-type-variable"},"acf":[],"aioseo_notices":[],"_links":{"self":[{"href":"https:\/\/polyart.ch\/fr\/wp-json\/wp\/v2\/product\/30958","targetHints":{"allow":["GET"]}}],"collection":[{"href":"https:\/\/polyart.ch\/fr\/wp-json\/wp\/v2\/product"}],"about":[{"href":"https:\/\/polyart.ch\/fr\/wp-json\/wp\/v2\/types\/product"}],"version-history":[{"count":1,"href":"https:\/\/polyart.ch\/fr\/wp-json\/wp\/v2\/product\/30958\/revisions"}],"predecessor-version":[{"id":30966,"href":"https:\/\/polyart.ch\/fr\/wp-json\/wp\/v2\/product\/30958\/revisions\/30966"}],"wp:featuredmedia":[{"embeddable":true,"href":"https:\/\/polyart.ch\/fr\/wp-json\/wp\/v2\/media\/25375"}],"wp:attachment":[{"href":"https:\/\/polyart.ch\/fr\/wp-json\/wp\/v2\/media?parent=30958"}],"wp:term":[{"taxonomy":"product_brand","embeddable":true,"href":"https:\/\/polyart.ch\/fr\/wp-json\/wp\/v2\/product_brand?post=30958"},{"taxonomy":"product_cat","embeddable":true,"href":"https:\/\/polyart.ch\/fr\/wp-json\/wp\/v2\/product_cat?post=30958"},{"taxonomy":"product_tag","embeddable":true,"href":"https:\/\/polyart.ch\/fr\/wp-json\/wp\/v2\/product_tag?post=30958"}],"curies":[{"name":"wp","href":"https:\/\/api.w.org\/{rel}","templated":true}]}}