{"id":30961,"date":"2024-11-19T09:29:56","date_gmt":"2024-11-19T08:29:56","guid":{"rendered":"https:\/\/polyart.ch\/produkt\/sealife-tissu-dameublement-en-plastique-recycle-provenant-de-la-mer\/"},"modified":"2025-11-26T11:15:02","modified_gmt":"2025-11-26T10:15:02","slug":"sealife-tissu-dameublement-en-plastique-recycle-provenant-de-la-mer","status":"publish","type":"product","link":"https:\/\/polyart.ch\/fr\/produit\/sealife-tissu-dameublement-en-plastique-recycle-provenant-de-la-mer\/","title":{"rendered":"SEALIFE &#8211; Tissu d&rsquo;ameublement en plastique recycl\u00e9 provenant de la mer"},"content":{"rendered":"<p>Le tissu d&rsquo;ameublement Sealife est compos\u00e9 \u00e0 100 % de polyester recycl\u00e9.<\/p>\n<p>Le tissu d&rsquo;ameublement est durable et a un toucher doux et agr\u00e9able.<\/p>\n<p>Sealife est fabriqu\u00e9 \u00e0 partir de mat\u00e9riaux recycl\u00e9s issus de l&rsquo;initiative Seaqual. Il s&rsquo;agit d&rsquo;un projet qui vise \u00e0 nettoyer les oc\u00e9ans des d\u00e9chets plastiques. Avec d&rsquo;autres polyesters recycl\u00e9s, il est transform\u00e9 en nouveau fil que l&rsquo;usine de tissage utilise pour fabriquer Sealife.  <\/p>\n<p>&nbsp;<\/p>\n<p><img decoding=\"async\" class=\"alignnone wp-image-25242\" src=\"https:\/\/polyart.ch\/wp-content\/uploads\/2024\/11\/GRS-7.png\" alt=\"\" width=\"212\" height=\"97\"><\/p>\n","protected":false},"excerpt":{"rendered":"<p>Composition : <strong>Polyester<\/strong> <strong>recycl\u00e9<\/strong> <strong>100 %<\/strong><\/p>\n<p>Poids : <strong>568 g\/m2<\/strong><\/p>\n<p>Largeur : <strong>140 cm<\/strong><\/p>\n<p>Longueur du rouleau : <strong>1 &#8211; 25 m\u00e8tres lin\u00e9aires<\/strong><\/p>\n<p>&nbsp;<\/p>\n","protected":false},"featured_media":25231,"template":"","meta":{"_acf_changed":false},"product_brand":[],"product_cat":[542],"product_tag":[],"class_list":{"0":"post-30961","1":"product","2":"type-product","3":"status-publish","4":"has-post-thumbnail","6":"product_cat-tissus-dameublement","7":"description-off","9":"first","10":"outofstock","11":"shipping-taxable","12":"product-type-variable"},"acf":[],"aioseo_notices":[],"_links":{"self":[{"href":"https:\/\/polyart.ch\/fr\/wp-json\/wp\/v2\/product\/30961","targetHints":{"allow":["GET"]}}],"collection":[{"href":"https:\/\/polyart.ch\/fr\/wp-json\/wp\/v2\/product"}],"about":[{"href":"https:\/\/polyart.ch\/fr\/wp-json\/wp\/v2\/types\/product"}],"version-history":[{"count":1,"href":"https:\/\/polyart.ch\/fr\/wp-json\/wp\/v2\/product\/30961\/revisions"}],"predecessor-version":[{"id":30989,"href":"https:\/\/polyart.ch\/fr\/wp-json\/wp\/v2\/product\/30961\/revisions\/30989"}],"wp:featuredmedia":[{"embeddable":true,"href":"https:\/\/polyart.ch\/fr\/wp-json\/wp\/v2\/media\/25231"}],"wp:attachment":[{"href":"https:\/\/polyart.ch\/fr\/wp-json\/wp\/v2\/media?parent=30961"}],"wp:term":[{"taxonomy":"product_brand","embeddable":true,"href":"https:\/\/polyart.ch\/fr\/wp-json\/wp\/v2\/product_brand?post=30961"},{"taxonomy":"product_cat","embeddable":true,"href":"https:\/\/polyart.ch\/fr\/wp-json\/wp\/v2\/product_cat?post=30961"},{"taxonomy":"product_tag","embeddable":true,"href":"https:\/\/polyart.ch\/fr\/wp-json\/wp\/v2\/product_tag?post=30961"}],"curies":[{"name":"wp","href":"https:\/\/api.w.org\/{rel}","templated":true}]}}