{"id":30974,"date":"2024-11-19T07:50:36","date_gmt":"2024-11-19T06:50:36","guid":{"rendered":"https:\/\/polyart.ch\/produkt\/margrethe-tissu-dameublement-en-laine-recyclee\/"},"modified":"2024-11-19T07:50:36","modified_gmt":"2024-11-19T06:50:36","slug":"margrethe-tissu-dameublement-en-laine-recyclee","status":"publish","type":"product","link":"https:\/\/polyart.ch\/fr\/produit\/margrethe-tissu-dameublement-en-laine-recyclee\/","title":{"rendered":"MARGRETHE &#8211; Tissu d&rsquo;ameublement en laine recycl\u00e9e"},"content":{"rendered":"<p>Le tissu d&rsquo;ameublement Margrethe est tiss\u00e9 \u00e0 partir de laine recycl\u00e9e.<\/p>\n<p>Il peut s&rsquo;agir de mat\u00e9riaux restants de la fabrication de v\u00eatements ou d&rsquo;autres produits en laine qui ont \u00e9t\u00e9 recycl\u00e9s.<\/p>\n<p>Chaque kilogramme de laine vierge pure produit 9 kg de dioxyde de carbone. Le traitement d&rsquo;un kilogramme de laine recycl\u00e9e ne produit que 0,5 kg de dioxyde de carbone. Impact environnemental positif gr\u00e2ce \u00e0 une consommation d&rsquo;eau et d&rsquo;\u00e9nergie r\u00e9duite et \u00e0 un impact CO2 moindre. Wooly est certifi\u00e9 Global Recycled Standard (GRS).   <\/p>\n<p>En combinant des fils de v\u00eatements recycl\u00e9s de diff\u00e9rentes couleurs, les textiles obtiennent leurs nuances.<\/p>\n<p>&nbsp;<\/p>\n<p><img decoding=\"async\" class=\"alignnone wp-image-25048\" src=\"https:\/\/polyart.ch\/wp-content\/uploads\/2024\/11\/GRS-4.png\" alt=\"\" width=\"214\" height=\"98\"><\/p>\n","protected":false},"excerpt":{"rendered":"<p>Composition : <strong>Laine recycl\u00e9e 70 % &#8211; Polyamide 25 % &#8211; autres mat\u00e9riaux 5 %<\/strong><\/p>\n<p>Poids : <strong>392 g\/m2<\/strong><\/p>\n<p>Largeur : <strong>140 cm<\/strong><\/p>\n<p>Longueur du rouleau : <strong>1 &#8211; 40 mc<\/strong><\/p>\n<p>&nbsp;<\/p>\n","protected":false},"featured_media":25042,"template":"","meta":{"_acf_changed":false},"product_brand":[],"product_cat":[542],"product_tag":[],"class_list":{"0":"post-30974","1":"product","2":"type-product","3":"status-publish","4":"has-post-thumbnail","6":"product_cat-tissus-dameublement","7":"description-off","9":"first","10":"outofstock","11":"shipping-taxable","12":"product-type-variable"},"acf":[],"aioseo_notices":[],"_links":{"self":[{"href":"https:\/\/polyart.ch\/fr\/wp-json\/wp\/v2\/product\/30974","targetHints":{"allow":["GET"]}}],"collection":[{"href":"https:\/\/polyart.ch\/fr\/wp-json\/wp\/v2\/product"}],"about":[{"href":"https:\/\/polyart.ch\/fr\/wp-json\/wp\/v2\/types\/product"}],"version-history":[{"count":0,"href":"https:\/\/polyart.ch\/fr\/wp-json\/wp\/v2\/product\/30974\/revisions"}],"wp:featuredmedia":[{"embeddable":true,"href":"https:\/\/polyart.ch\/fr\/wp-json\/wp\/v2\/media\/25042"}],"wp:attachment":[{"href":"https:\/\/polyart.ch\/fr\/wp-json\/wp\/v2\/media?parent=30974"}],"wp:term":[{"taxonomy":"product_brand","embeddable":true,"href":"https:\/\/polyart.ch\/fr\/wp-json\/wp\/v2\/product_brand?post=30974"},{"taxonomy":"product_cat","embeddable":true,"href":"https:\/\/polyart.ch\/fr\/wp-json\/wp\/v2\/product_cat?post=30974"},{"taxonomy":"product_tag","embeddable":true,"href":"https:\/\/polyart.ch\/fr\/wp-json\/wp\/v2\/product_tag?post=30974"}],"curies":[{"name":"wp","href":"https:\/\/api.w.org\/{rel}","templated":true}]}}