{"id":30992,"date":"2024-11-01T15:49:40","date_gmt":"2024-11-01T14:49:40","guid":{"rendered":"https:\/\/polyart.ch\/produkt\/arcade-tissu-dameublement-en-microfibre\/"},"modified":"2024-11-01T15:49:40","modified_gmt":"2024-11-01T14:49:40","slug":"arcade-tissu-dameublement-en-microfibre","status":"publish","type":"product","link":"https:\/\/polyart.ch\/fr\/produit\/arcade-tissu-dameublement-en-microfibre\/","title":{"rendered":"ARCADE &#8211; Tissu d&rsquo;ameublement en microfibre"},"content":{"rendered":"<p>Le tissu d&rsquo;ameublement Arcade est un tissu en microfibre polyvalent et facile \u00e0 entretenir. En imitant le daim, Arcade peut offrir une alternative attrayante au cuir v\u00e9ritable. <\/p>\n<p>Ce tissu d&rsquo;ameublement \u00e9conomique s\u00e9duit par son toucher r\u00e9sistant et doux ainsi que par sa grande vari\u00e9t\u00e9 de couleurs. Arcade se combine parfaitement avec le cuir v\u00e9ritable et le similicuir, ajoutant ainsi de la vari\u00e9t\u00e9 et du style \u00e0 votre int\u00e9rieur. Id\u00e9al pour les coussins, les canap\u00e9s et les fauteuils, Arcade apporte \u00e9l\u00e9gance et confort \u00e0 n&rsquo;importe quelle pi\u00e8ce.  <\/p>\n","protected":false},"excerpt":{"rendered":"<p>Composition : <strong>PES 100 %<\/strong><\/p>\n<p>Poids : <strong>285g\/m2<\/strong><\/p>\n<p>Largeur : <strong>140 cm<\/strong><\/p>\n<p>Longueur du rouleau : <strong>1 &#8211; 45 m\u00e8tres lin\u00e9aires<\/strong><\/p>\n<p>\u00c9paisseur : <strong>0,9 mm +\/- 0,2 mm<\/strong><\/p>\n","protected":false},"featured_media":23808,"template":"","meta":{"_acf_changed":false},"product_brand":[],"product_cat":[542],"product_tag":[],"class_list":{"0":"post-30992","1":"product","2":"type-product","3":"status-publish","4":"has-post-thumbnail","6":"product_cat-tissus-dameublement","7":"description-off","9":"first","10":"outofstock","11":"shipping-taxable","12":"product-type-variable"},"acf":[],"aioseo_notices":[],"_links":{"self":[{"href":"https:\/\/polyart.ch\/fr\/wp-json\/wp\/v2\/product\/30992","targetHints":{"allow":["GET"]}}],"collection":[{"href":"https:\/\/polyart.ch\/fr\/wp-json\/wp\/v2\/product"}],"about":[{"href":"https:\/\/polyart.ch\/fr\/wp-json\/wp\/v2\/types\/product"}],"version-history":[{"count":0,"href":"https:\/\/polyart.ch\/fr\/wp-json\/wp\/v2\/product\/30992\/revisions"}],"wp:featuredmedia":[{"embeddable":true,"href":"https:\/\/polyart.ch\/fr\/wp-json\/wp\/v2\/media\/23808"}],"wp:attachment":[{"href":"https:\/\/polyart.ch\/fr\/wp-json\/wp\/v2\/media?parent=30992"}],"wp:term":[{"taxonomy":"product_brand","embeddable":true,"href":"https:\/\/polyart.ch\/fr\/wp-json\/wp\/v2\/product_brand?post=30992"},{"taxonomy":"product_cat","embeddable":true,"href":"https:\/\/polyart.ch\/fr\/wp-json\/wp\/v2\/product_cat?post=30992"},{"taxonomy":"product_tag","embeddable":true,"href":"https:\/\/polyart.ch\/fr\/wp-json\/wp\/v2\/product_tag?post=30992"}],"curies":[{"name":"wp","href":"https:\/\/api.w.org\/{rel}","templated":true}]}}