{"id":30999,"date":"2024-07-12T10:00:10","date_gmt":"2024-07-12T08:00:10","guid":{"rendered":"https:\/\/polyart.ch\/produkt\/ot-line-premium-textile-dexterieur-de-qualite-superieure\/"},"modified":"2025-11-26T11:16:13","modified_gmt":"2025-11-26T10:16:13","slug":"ot-line-premium-textile-dexterieur-de-qualite-superieure","status":"publish","type":"product","link":"https:\/\/polyart.ch\/fr\/produit\/ot-line-premium-textile-dexterieur-de-qualite-superieure\/","title":{"rendered":"OT-LINE PREMIUM &#8211; Textile d&rsquo;ext\u00e9rieur de qualit\u00e9 sup\u00e9rieure"},"content":{"rendered":"<p>OT-Line Premium convient parfaitement aux projets de la plus haute qualit\u00e9 dans le domaine de la protection solaire. Id\u00e9alement utilisable pour les voiles d&rsquo;ombrage, les toits de bateaux et les tentes de toutes sortes.<\/p>\n<p>Le textile r\u00e9siste aux UV et \u00e0 l&rsquo;eau et sa nature robuste le rend adapt\u00e9 \u00e0 toutes les conditions m\u00e9t\u00e9orologiques.<\/p>\n<p>&nbsp;<\/p>\n<p>&nbsp;<\/p>\n<p>&nbsp;<\/p>\n","protected":false},"excerpt":{"rendered":"<p>Composition : <strong>350dtex<\/strong><strong>PET \/ PU+FC<\/strong><\/p>\n<p>Poids : <strong>280 g +\/- 5 g\/m2<\/strong><\/p>\n<p>Largeur : <strong>192 cm<\/strong><\/p>\n<p>Longueur du rouleau : <strong>50 m\u00e8tres lin\u00e9aires<\/strong><\/p>\n<p>&nbsp;<\/p>\n","protected":false},"featured_media":22897,"template":"","meta":{"_acf_changed":false},"product_brand":[],"product_cat":[584],"product_tag":[],"class_list":{"0":"post-30999","1":"product","2":"type-product","3":"status-publish","4":"has-post-thumbnail","6":"product_cat-tech-tissus","7":"description-off","9":"first","10":"outofstock","11":"shipping-taxable","12":"product-type-variable"},"acf":[],"aioseo_notices":[],"_links":{"self":[{"href":"https:\/\/polyart.ch\/fr\/wp-json\/wp\/v2\/product\/30999","targetHints":{"allow":["GET"]}}],"collection":[{"href":"https:\/\/polyart.ch\/fr\/wp-json\/wp\/v2\/product"}],"about":[{"href":"https:\/\/polyart.ch\/fr\/wp-json\/wp\/v2\/types\/product"}],"version-history":[{"count":1,"href":"https:\/\/polyart.ch\/fr\/wp-json\/wp\/v2\/product\/30999\/revisions"}],"predecessor-version":[{"id":31071,"href":"https:\/\/polyart.ch\/fr\/wp-json\/wp\/v2\/product\/30999\/revisions\/31071"}],"wp:featuredmedia":[{"embeddable":true,"href":"https:\/\/polyart.ch\/fr\/wp-json\/wp\/v2\/media\/22897"}],"wp:attachment":[{"href":"https:\/\/polyart.ch\/fr\/wp-json\/wp\/v2\/media?parent=30999"}],"wp:term":[{"taxonomy":"product_brand","embeddable":true,"href":"https:\/\/polyart.ch\/fr\/wp-json\/wp\/v2\/product_brand?post=30999"},{"taxonomy":"product_cat","embeddable":true,"href":"https:\/\/polyart.ch\/fr\/wp-json\/wp\/v2\/product_cat?post=30999"},{"taxonomy":"product_tag","embeddable":true,"href":"https:\/\/polyart.ch\/fr\/wp-json\/wp\/v2\/product_tag?post=30999"}],"curies":[{"name":"wp","href":"https:\/\/api.w.org\/{rel}","templated":true}]}}