{"id":31002,"date":"2024-11-05T11:37:26","date_gmt":"2024-11-05T10:37:26","guid":{"rendered":"https:\/\/polyart.ch\/produkt\/hope-tissu-dameublement-en-pet-recycle\/"},"modified":"2024-11-05T11:37:26","modified_gmt":"2024-11-05T10:37:26","slug":"hope-tissu-dameublement-en-pet-recycle","status":"publish","type":"product","link":"https:\/\/polyart.ch\/fr\/produit\/hope-tissu-dameublement-en-pet-recycle\/","title":{"rendered":"HOPE &#8211; Tissu d&rsquo;ameublement en PET recycl\u00e9"},"content":{"rendered":"<div class=\"flex max-w-full flex-col flex-grow\">\n<div class=\"min-h-8 text-message flex w-full flex-col items-end gap-2 whitespace-normal break-words [.text-message+&amp;]:mt-5\" dir=\"auto\" data-message-author-role=\"assistant\" data-message-id=\"370282f9-f1dc-4d24-bbfd-363a81eedfcc\" data-message-model-slug=\"gpt-4o\">\n<div class=\"flex w-full flex-col gap-1 empty:hidden first:pt-[3px]\">\n<div class=\"markdown prose w-full break-words dark:prose-invert light\">\n<p>Le tissu d&rsquo;ameublement Hope est un produit de qualit\u00e9 respectueux de l&rsquo;environnement, compos\u00e9 \u00e0 100 % de fil recycl\u00e9, fabriqu\u00e9 \u00e0 partir de bouteilles en PET.<\/p>\n<p>Hope est un tissu durable et polyvalent, disponible en 31 couleurs attrayantes. Certifi\u00e9 Global Recycle Standard (GRS), Hope garantit les normes \u00e9cologiques les plus \u00e9lev\u00e9es et constitue un choix durable pour les projets modernes et respectueux de l&rsquo;environnement. <\/p>\n<p><span style=\"color: #ff0000\"><strong>L&rsquo;article n&rsquo;est disponible en stock que dans la limite des stocks disponibles. Nous nous ferons un plaisir de v\u00e9rifier la disponibilit\u00e9. <\/strong><\/span><\/p>\n<\/div>\n<\/div>\n<p>&nbsp;<\/p>\n<p><img decoding=\"async\" class=\"alignnone wp-image-24121\" src=\"https:\/\/polyart.ch\/wp-content\/uploads\/2024\/11\/GRS-2.png\" alt=\"\" width=\"195\" height=\"89\"><\/p>\n<\/div>\n<\/div>\n","protected":false},"excerpt":{"rendered":"<p>Composition : <strong>PET recycl\u00e9 100 %<\/strong><strong> <\/strong><\/p>\n<p> Poids : <strong>350 g\/m2<\/strong><\/p>\n<p>Largeur : <strong>150 cm<\/strong><\/p>\n<p>Longueur des rouleaux : <strong>1 &#8211; 50 m\u00e8tres lin\u00e9aires<\/strong><\/p>\n<p>&nbsp;<\/p>\n","protected":false},"featured_media":24107,"template":"","meta":{"_acf_changed":false},"product_brand":[],"product_cat":[542],"product_tag":[],"class_list":{"0":"post-31002","1":"product","2":"type-product","3":"status-publish","4":"has-post-thumbnail","6":"product_cat-tissus-dameublement","7":"description-off","9":"first","10":"outofstock","11":"shipping-taxable","12":"product-type-variable"},"acf":[],"aioseo_notices":[],"_links":{"self":[{"href":"https:\/\/polyart.ch\/fr\/wp-json\/wp\/v2\/product\/31002","targetHints":{"allow":["GET"]}}],"collection":[{"href":"https:\/\/polyart.ch\/fr\/wp-json\/wp\/v2\/product"}],"about":[{"href":"https:\/\/polyart.ch\/fr\/wp-json\/wp\/v2\/types\/product"}],"version-history":[{"count":0,"href":"https:\/\/polyart.ch\/fr\/wp-json\/wp\/v2\/product\/31002\/revisions"}],"wp:featuredmedia":[{"embeddable":true,"href":"https:\/\/polyart.ch\/fr\/wp-json\/wp\/v2\/media\/24107"}],"wp:attachment":[{"href":"https:\/\/polyart.ch\/fr\/wp-json\/wp\/v2\/media?parent=31002"}],"wp:term":[{"taxonomy":"product_brand","embeddable":true,"href":"https:\/\/polyart.ch\/fr\/wp-json\/wp\/v2\/product_brand?post=31002"},{"taxonomy":"product_cat","embeddable":true,"href":"https:\/\/polyart.ch\/fr\/wp-json\/wp\/v2\/product_cat?post=31002"},{"taxonomy":"product_tag","embeddable":true,"href":"https:\/\/polyart.ch\/fr\/wp-json\/wp\/v2\/product_tag?post=31002"}],"curies":[{"name":"wp","href":"https:\/\/api.w.org\/{rel}","templated":true}]}}