{"id":31024,"date":"2024-06-19T14:16:51","date_gmt":"2024-06-19T12:16:51","guid":{"rendered":"https:\/\/polyart.ch\/produkt\/sunsed-protection-solaire\/"},"modified":"2025-11-26T11:16:17","modified_gmt":"2025-11-26T10:16:17","slug":"sunsed-protection-solaire","status":"publish","type":"product","link":"https:\/\/polyart.ch\/fr\/produit\/sunsed-protection-solaire\/","title":{"rendered":"SUNSED &#8211; Protection solaire"},"content":{"rendered":"<p><span style=\"color: #000000\">SUNSED est un tissu de protection solaire doublement enduit avec un aspect textile moderne.<br \/>\nGr\u00e2ce \u00e0 de minuscules formations irr\u00e9guli\u00e8res, le textile semble tr\u00e8s l\u00e9ger et transparent. <\/span><br \/>\n<span style=\"color: #000000\">Gr\u00e2ce \u00e0 saperm\u00e9abilit\u00e9 \u00e0 l&rsquo;air,la voile d&rsquo;ombrage SUNSED r\u00e9duit la temp\u00e9rature de la zone ombrag\u00e9e<\/span>de plusieurs degr\u00e9s par rapport \u00e0<br \/>\nd&rsquo;autres textiles utilis\u00e9s pour la protection solaire.<\/p>\n","protected":false},"excerpt":{"rendered":"<p>Composition :<br \/>\n<strong>PVC 50 % &#8211; PES 50<\/strong><\/p>\n<p>Poids :<br \/>\n<strong>500 g\/m2  <\/strong><\/p>\n<p>Largeur :<br \/>\n<strong>300 cm<\/strong><\/p>\n<p>Longueur du rouleau :<br \/>\n<strong>30 m\u00e8tres lin\u00e9aires<\/strong><\/p>\n<p>\u00e9paisseur :<br \/>\n<strong>0,56 mm<\/strong><\/p>\n","protected":false},"featured_media":22875,"template":"","meta":{"_acf_changed":false},"product_brand":[],"product_cat":[466],"product_tag":[],"class_list":{"0":"post-31024","1":"product","2":"type-product","3":"status-publish","4":"has-post-thumbnail","6":"product_cat-blachen-planen-fr","7":"description-off","9":"first","10":"outofstock","11":"shipping-taxable","12":"product-type-variable"},"acf":[],"aioseo_notices":[],"_links":{"self":[{"href":"https:\/\/polyart.ch\/fr\/wp-json\/wp\/v2\/product\/31024","targetHints":{"allow":["GET"]}}],"collection":[{"href":"https:\/\/polyart.ch\/fr\/wp-json\/wp\/v2\/product"}],"about":[{"href":"https:\/\/polyart.ch\/fr\/wp-json\/wp\/v2\/types\/product"}],"version-history":[{"count":1,"href":"https:\/\/polyart.ch\/fr\/wp-json\/wp\/v2\/product\/31024\/revisions"}],"predecessor-version":[{"id":31078,"href":"https:\/\/polyart.ch\/fr\/wp-json\/wp\/v2\/product\/31024\/revisions\/31078"}],"wp:featuredmedia":[{"embeddable":true,"href":"https:\/\/polyart.ch\/fr\/wp-json\/wp\/v2\/media\/22875"}],"wp:attachment":[{"href":"https:\/\/polyart.ch\/fr\/wp-json\/wp\/v2\/media?parent=31024"}],"wp:term":[{"taxonomy":"product_brand","embeddable":true,"href":"https:\/\/polyart.ch\/fr\/wp-json\/wp\/v2\/product_brand?post=31024"},{"taxonomy":"product_cat","embeddable":true,"href":"https:\/\/polyart.ch\/fr\/wp-json\/wp\/v2\/product_cat?post=31024"},{"taxonomy":"product_tag","embeddable":true,"href":"https:\/\/polyart.ch\/fr\/wp-json\/wp\/v2\/product_tag?post=31024"}],"curies":[{"name":"wp","href":"https:\/\/api.w.org\/{rel}","templated":true}]}}