{"id":31089,"date":"2024-02-08T11:11:21","date_gmt":"2024-02-08T10:11:21","guid":{"rendered":"https:\/\/polyart.ch\/produkt\/colle-seconde-c008\/"},"modified":"2024-02-08T11:11:21","modified_gmt":"2024-02-08T10:11:21","slug":"colle-seconde-c008","status":"publish","type":"product","link":"https:\/\/polyart.ch\/fr\/produit\/colle-seconde-c008\/","title":{"rendered":"COLLE SECONDE C008"},"content":{"rendered":"<p>Colle en quelques secondes toutes sortes de mat\u00e9riaux de mani\u00e8re fiable et durable.<\/p>\n<p>&nbsp;<\/p>\n<p><strong>Caract\u00e9ristiques :<\/strong><br \/>\n+ polyvalent<br \/>\n+ collage rapide<br \/>\n+ collage \u00e0 long terme<\/p>\n<p>&nbsp;<\/p>\n<p><strong>Conditionnement :<\/strong><br \/>\nFlacon de 20 g<\/p>\n","protected":false},"excerpt":{"rendered":"<p>Colle en quelques secondes toutes sortes de mat\u00e9riaux de mani\u00e8re fiable et durable. &nbsp; Caract\u00e9ristiques : + polyvalent + collage rapide + collage \u00e0 long terme &nbsp; Conditionnement : Flacon de 20 g<\/p>\n","protected":false},"featured_media":27739,"template":"","meta":{"_acf_changed":false},"product_brand":[],"product_cat":[592],"product_tag":[],"class_list":{"0":"post-31089","1":"product","2":"type-product","3":"status-publish","4":"has-post-thumbnail","6":"product_cat-adhesifs","7":"description-off","9":"first","10":"outofstock","11":"shipping-taxable","12":"product-type-variable"},"acf":[],"aioseo_notices":[],"_links":{"self":[{"href":"https:\/\/polyart.ch\/fr\/wp-json\/wp\/v2\/product\/31089","targetHints":{"allow":["GET"]}}],"collection":[{"href":"https:\/\/polyart.ch\/fr\/wp-json\/wp\/v2\/product"}],"about":[{"href":"https:\/\/polyart.ch\/fr\/wp-json\/wp\/v2\/types\/product"}],"version-history":[{"count":0,"href":"https:\/\/polyart.ch\/fr\/wp-json\/wp\/v2\/product\/31089\/revisions"}],"wp:featuredmedia":[{"embeddable":true,"href":"https:\/\/polyart.ch\/fr\/wp-json\/wp\/v2\/media\/27739"}],"wp:attachment":[{"href":"https:\/\/polyart.ch\/fr\/wp-json\/wp\/v2\/media?parent=31089"}],"wp:term":[{"taxonomy":"product_brand","embeddable":true,"href":"https:\/\/polyart.ch\/fr\/wp-json\/wp\/v2\/product_brand?post=31089"},{"taxonomy":"product_cat","embeddable":true,"href":"https:\/\/polyart.ch\/fr\/wp-json\/wp\/v2\/product_cat?post=31089"},{"taxonomy":"product_tag","embeddable":true,"href":"https:\/\/polyart.ch\/fr\/wp-json\/wp\/v2\/product_tag?post=31089"}],"curies":[{"name":"wp","href":"https:\/\/api.w.org\/{rel}","templated":true}]}}