{"id":31090,"date":"2024-02-08T11:22:49","date_gmt":"2024-02-08T10:22:49","guid":{"rendered":"https:\/\/polyart.ch\/produkt\/klebeboy-09-litre\/"},"modified":"2024-02-08T11:22:49","modified_gmt":"2024-02-08T10:22:49","slug":"klebeboy-09-litre","status":"publish","type":"product","link":"https:\/\/polyart.ch\/fr\/produit\/klebeboy-09-litre\/","title":{"rendered":"KLEBEBOY 0,9 litre"},"content":{"rendered":"<p>Le Klebeboy 0.9 litre est un petit ustensile pratique, inestimable et utile pour faciliter la manipulation des colles liquides.<\/p>\n<p><strong>Caract\u00e9ristiques :<\/strong><br \/>\n+ travail propre et fonctionnel<br \/>\n+ pinceau inclus pour le dosage<br \/>\n+ plus de tubes de colle ou de bo\u00eetes s\u00e9ch\u00e9s <\/p>\n<p><strong>Conditionnement :<\/strong><br \/>\nbo\u00eete de 1 litre<br \/>\nbidon de 5 litres<\/p>\n","protected":false},"excerpt":{"rendered":"<p>Le Klebeboy 0.9 litre est un petit ustensile pratique, inestimable et utile pour faciliter la manipulation des colles liquides. Caract\u00e9ristiques : + travail propre et fonctionnel + pinceau inclus pour le dosage + plus de tubes de colle ou de bo\u00eetes s\u00e9ch\u00e9s Conditionnement : bo\u00eete de 1 litre bidon de 5 litres<\/p>\n","protected":false},"featured_media":23396,"template":"","meta":{"_acf_changed":false},"product_brand":[],"product_cat":[592],"product_tag":[],"class_list":{"0":"post-31090","1":"product","2":"type-product","3":"status-publish","4":"has-post-thumbnail","6":"product_cat-adhesifs","7":"description-off","9":"first","10":"outofstock","11":"shipping-taxable","12":"product-type-variable"},"acf":[],"aioseo_notices":[],"_links":{"self":[{"href":"https:\/\/polyart.ch\/fr\/wp-json\/wp\/v2\/product\/31090","targetHints":{"allow":["GET"]}}],"collection":[{"href":"https:\/\/polyart.ch\/fr\/wp-json\/wp\/v2\/product"}],"about":[{"href":"https:\/\/polyart.ch\/fr\/wp-json\/wp\/v2\/types\/product"}],"version-history":[{"count":0,"href":"https:\/\/polyart.ch\/fr\/wp-json\/wp\/v2\/product\/31090\/revisions"}],"wp:featuredmedia":[{"embeddable":true,"href":"https:\/\/polyart.ch\/fr\/wp-json\/wp\/v2\/media\/23396"}],"wp:attachment":[{"href":"https:\/\/polyart.ch\/fr\/wp-json\/wp\/v2\/media?parent=31090"}],"wp:term":[{"taxonomy":"product_brand","embeddable":true,"href":"https:\/\/polyart.ch\/fr\/wp-json\/wp\/v2\/product_brand?post=31090"},{"taxonomy":"product_cat","embeddable":true,"href":"https:\/\/polyart.ch\/fr\/wp-json\/wp\/v2\/product_cat?post=31090"},{"taxonomy":"product_tag","embeddable":true,"href":"https:\/\/polyart.ch\/fr\/wp-json\/wp\/v2\/product_tag?post=31090"}],"curies":[{"name":"wp","href":"https:\/\/api.w.org\/{rel}","templated":true}]}}