{"id":31091,"date":"2024-02-08T11:19:28","date_gmt":"2024-02-08T10:19:28","guid":{"rendered":"https:\/\/polyart.ch\/produkt\/pistolet-a-peinture-walther-pilot-iii-k\/"},"modified":"2024-02-08T11:19:28","modified_gmt":"2024-02-08T10:19:28","slug":"pistolet-a-peinture-walther-pilot-iii-k","status":"publish","type":"product","link":"https:\/\/polyart.ch\/fr\/produit\/pistolet-a-peinture-walther-pilot-iii-k\/","title":{"rendered":"PISTOLET \u00c0 PEINTURE WALTHER PILOT III-K"},"content":{"rendered":"<p>La meilleure solution de pistolage pour nos produits SABA.<\/p>\n<p>&nbsp;<\/p>\n<p><strong>Caract\u00e9ristiques :<\/strong><br \/>\n+ nettoyage facile gr\u00e2ce au rev\u00eatement PTFE<br \/>\n+ poids de seulement 600g<br \/>\n+ livraison incluse. Buse de 1,8 et r\u00e9servoir sous pression de 0,7 litre<\/p>\n","protected":false},"excerpt":{"rendered":"<p>La meilleure solution de pistolage pour nos produits SABA. &nbsp; Caract\u00e9ristiques : + nettoyage facile gr\u00e2ce au rev\u00eatement PTFE + poids de seulement 600g + livraison incluse. Buse de 1,8 et r\u00e9servoir sous pression de 0,7 litre<\/p>\n","protected":false},"featured_media":20431,"template":"","meta":{"_acf_changed":false},"product_brand":[],"product_cat":[592],"product_tag":[],"class_list":{"0":"post-31091","1":"product","2":"type-product","3":"status-publish","4":"has-post-thumbnail","6":"product_cat-adhesifs","7":"description-off","9":"first","10":"outofstock","11":"shipping-taxable","12":"product-type-variable"},"acf":[],"aioseo_notices":[],"_links":{"self":[{"href":"https:\/\/polyart.ch\/fr\/wp-json\/wp\/v2\/product\/31091","targetHints":{"allow":["GET"]}}],"collection":[{"href":"https:\/\/polyart.ch\/fr\/wp-json\/wp\/v2\/product"}],"about":[{"href":"https:\/\/polyart.ch\/fr\/wp-json\/wp\/v2\/types\/product"}],"version-history":[{"count":0,"href":"https:\/\/polyart.ch\/fr\/wp-json\/wp\/v2\/product\/31091\/revisions"}],"wp:featuredmedia":[{"embeddable":true,"href":"https:\/\/polyart.ch\/fr\/wp-json\/wp\/v2\/media\/20431"}],"wp:attachment":[{"href":"https:\/\/polyart.ch\/fr\/wp-json\/wp\/v2\/media?parent=31091"}],"wp:term":[{"taxonomy":"product_brand","embeddable":true,"href":"https:\/\/polyart.ch\/fr\/wp-json\/wp\/v2\/product_brand?post=31091"},{"taxonomy":"product_cat","embeddable":true,"href":"https:\/\/polyart.ch\/fr\/wp-json\/wp\/v2\/product_cat?post=31091"},{"taxonomy":"product_tag","embeddable":true,"href":"https:\/\/polyart.ch\/fr\/wp-json\/wp\/v2\/product_tag?post=31091"}],"curies":[{"name":"wp","href":"https:\/\/api.w.org\/{rel}","templated":true}]}}