{"id":31096,"date":"2024-02-08T11:16:22","date_gmt":"2024-02-08T10:16:22","guid":{"rendered":"https:\/\/polyart.ch\/produkt\/sabaclean-av-diluant\/"},"modified":"2025-11-26T11:16:30","modified_gmt":"2025-11-26T10:16:30","slug":"sabaclean-av-diluant","status":"publish","type":"product","link":"https:\/\/polyart.ch\/fr\/produit\/sabaclean-av-diluant\/","title":{"rendered":"SABACLEAN AV &#8211; Diluant"},"content":{"rendered":"<p>Pour la dilution de tous les produits SABA, le nettoyage des mat\u00e9riaux \u00e0 coller et le nettoyage \/ rin\u00e7age des appareils.<\/p>\n<p>&nbsp;<\/p>\n<p><strong>Caract\u00e9ristiques :<\/strong><br \/>\n+ tr\u00e8s bon pouvoir de dissolution<br \/>\n+ utilisation universelle<br \/>\n+ sans aromates<\/p>\n<p>&nbsp;<\/p>\n<p><strong>Conditionnement :<\/strong><br \/>\nbo\u00eete de 1 litre<br \/>\nbidon de 5 litres<\/p>\n","protected":false},"excerpt":{"rendered":"<p>Pour la dilution de tous les produits SABA, le nettoyage des mat\u00e9riaux \u00e0 coller et le nettoyage \/ rin\u00e7age des appareils. &nbsp; Caract\u00e9ristiques : + tr\u00e8s bon pouvoir de dissolution + utilisation universelle + sans aromates &nbsp; Conditionnement : bo\u00eete de 1 litre bidon de 5 litres<\/p>\n","protected":false},"featured_media":23221,"template":"","meta":{"_acf_changed":false},"product_brand":[],"product_cat":[592],"product_tag":[],"class_list":{"0":"post-31096","1":"product","2":"type-product","3":"status-publish","4":"has-post-thumbnail","6":"product_cat-adhesifs","7":"description-off","9":"first","10":"outofstock","11":"shipping-taxable","12":"product-type-variable"},"acf":[],"aioseo_notices":[],"_links":{"self":[{"href":"https:\/\/polyart.ch\/fr\/wp-json\/wp\/v2\/product\/31096","targetHints":{"allow":["GET"]}}],"collection":[{"href":"https:\/\/polyart.ch\/fr\/wp-json\/wp\/v2\/product"}],"about":[{"href":"https:\/\/polyart.ch\/fr\/wp-json\/wp\/v2\/types\/product"}],"version-history":[{"count":1,"href":"https:\/\/polyart.ch\/fr\/wp-json\/wp\/v2\/product\/31096\/revisions"}],"predecessor-version":[{"id":31101,"href":"https:\/\/polyart.ch\/fr\/wp-json\/wp\/v2\/product\/31096\/revisions\/31101"}],"wp:featuredmedia":[{"embeddable":true,"href":"https:\/\/polyart.ch\/fr\/wp-json\/wp\/v2\/media\/23221"}],"wp:attachment":[{"href":"https:\/\/polyart.ch\/fr\/wp-json\/wp\/v2\/media?parent=31096"}],"wp:term":[{"taxonomy":"product_brand","embeddable":true,"href":"https:\/\/polyart.ch\/fr\/wp-json\/wp\/v2\/product_brand?post=31096"},{"taxonomy":"product_cat","embeddable":true,"href":"https:\/\/polyart.ch\/fr\/wp-json\/wp\/v2\/product_cat?post=31096"},{"taxonomy":"product_tag","embeddable":true,"href":"https:\/\/polyart.ch\/fr\/wp-json\/wp\/v2\/product_tag?post=31096"}],"curies":[{"name":"wp","href":"https:\/\/api.w.org\/{rel}","templated":true}]}}