{"id":31106,"date":"2024-02-08T11:02:06","date_gmt":"2024-02-08T10:02:06","guid":{"rendered":"https:\/\/polyart.ch\/produkt\/sabatack-750-adhesif-polymere-ms\/"},"modified":"2024-02-08T11:02:06","modified_gmt":"2024-02-08T10:02:06","slug":"sabatack-750-adhesif-polymere-ms","status":"publish","type":"product","link":"https:\/\/polyart.ch\/fr\/produit\/sabatack-750-adhesif-polymere-ms\/","title":{"rendered":"SABATACK 750 &#8211; Adh\u00e9sif polym\u00e8re MS"},"content":{"rendered":"<p>Adh\u00e9sif de construction et mastic d&rsquo;\u00e9tanch\u00e9it\u00e9 monocomposant pour la construction de v\u00e9hicules et de carrosseries, la marine, la t\u00f4lerie et la construction d&rsquo;appareils. L&rsquo;application secondaire est l&rsquo;\u00e9tanch\u00e9it\u00e9 des joints, des chevauchements et des joints. Sabatack 750 est de viscosit\u00e9 moyenne et d&rsquo;une \u00e9lasticit\u00e9 ferme.<\/p>\n<p>&nbsp;<\/p>\n<p><strong>Propri\u00e9t\u00e9s :<\/strong><br \/>\n+ sans solvant<br \/>\n+ stable aux UV<br \/>\n+ r\u00e9sistance \u00e0 la temp\u00e9rature<br \/>\n+ temps ouvert : env. 10 minutes<br \/>\n+ pas de formation de bulles, odeur neutre<\/p>\n<p>&nbsp;<\/p>\n<p><strong>Conditionnement :<\/strong><br \/>\n290 ml blanc<br \/>\n290 ml noir<\/p>\n","protected":false},"excerpt":{"rendered":"<p>Adh\u00e9sif de construction et mastic d&rsquo;\u00e9tanch\u00e9it\u00e9 monocomposant pour la construction de v\u00e9hicules et de carrosseries, la marine, la t\u00f4lerie et la construction d&rsquo;appareils. L&rsquo;application secondaire est l&rsquo;\u00e9tanch\u00e9it\u00e9 des joints, des chevauchements et des joints. Sabatack 750 est de viscosit\u00e9 moyenne et d&rsquo;une \u00e9lasticit\u00e9 ferme. &nbsp; Propri\u00e9t\u00e9s : + sans solvant + stable aux UV +&hellip;<\/p>\n","protected":false},"featured_media":23206,"template":"","meta":{"_acf_changed":false},"product_brand":[],"product_cat":[592],"product_tag":[],"class_list":{"0":"post-31106","1":"product","2":"type-product","3":"status-publish","4":"has-post-thumbnail","6":"product_cat-adhesifs","7":"description-off","9":"first","10":"outofstock","11":"shipping-taxable","12":"product-type-variable"},"acf":[],"aioseo_notices":[],"_links":{"self":[{"href":"https:\/\/polyart.ch\/fr\/wp-json\/wp\/v2\/product\/31106","targetHints":{"allow":["GET"]}}],"collection":[{"href":"https:\/\/polyart.ch\/fr\/wp-json\/wp\/v2\/product"}],"about":[{"href":"https:\/\/polyart.ch\/fr\/wp-json\/wp\/v2\/types\/product"}],"version-history":[{"count":0,"href":"https:\/\/polyart.ch\/fr\/wp-json\/wp\/v2\/product\/31106\/revisions"}],"wp:featuredmedia":[{"embeddable":true,"href":"https:\/\/polyart.ch\/fr\/wp-json\/wp\/v2\/media\/23206"}],"wp:attachment":[{"href":"https:\/\/polyart.ch\/fr\/wp-json\/wp\/v2\/media?parent=31106"}],"wp:term":[{"taxonomy":"product_brand","embeddable":true,"href":"https:\/\/polyart.ch\/fr\/wp-json\/wp\/v2\/product_brand?post=31106"},{"taxonomy":"product_cat","embeddable":true,"href":"https:\/\/polyart.ch\/fr\/wp-json\/wp\/v2\/product_cat?post=31106"},{"taxonomy":"product_tag","embeddable":true,"href":"https:\/\/polyart.ch\/fr\/wp-json\/wp\/v2\/product_tag?post=31106"}],"curies":[{"name":"wp","href":"https:\/\/api.w.org\/{rel}","templated":true}]}}