{"id":31116,"date":"2024-02-08T11:08:34","date_gmt":"2024-02-08T10:08:34","guid":{"rendered":"https:\/\/polyart.ch\/produkt\/bastelkeler-flink-flot-colle-universelle\/"},"modified":"2025-11-26T11:16:37","modified_gmt":"2025-11-26T10:16:37","slug":"bastelkeler-flink-flot-colle-universelle","status":"publish","type":"product","link":"https:\/\/polyart.ch\/fr\/produit\/bastelkeler-flink-flot-colle-universelle\/","title":{"rendered":"BASTELKELER FLINK + FLOT &#8211; Colle universelle"},"content":{"rendered":"<p>Colle de bricolage universelle, utilisable rapidement et de mani\u00e8re flexible.<\/p>\n<p>Convient pour le collage de :<br \/>\nbois, carton, plastique, cuir, textile et bien plus encore.<\/p>\n<p>&nbsp;<\/p>\n<p><strong>Caract\u00e9ristiques :<\/strong><br \/>\n+ polyvalent<br \/>\n+ colle tous les mat\u00e9riaux de bricolage courants<br \/>\n+ pratique, petit flacon<br \/>\n+ facile \u00e0 doser<\/p>\n<p>&nbsp;<\/p>\n<p><strong>Conditionnement :<\/strong><br \/>\nFlacon de 90 ml<\/p>\n","protected":false},"excerpt":{"rendered":"<p>Colle de bricolage universelle, utilisable rapidement et de mani\u00e8re flexible. Convient pour le collage de : bois, carton, plastique, cuir, textile et bien plus encore. &nbsp; Caract\u00e9ristiques : + polyvalent + colle tous les mat\u00e9riaux de bricolage courants + pratique, petit flacon + facile \u00e0 doser &nbsp; Conditionnement : Flacon de 90 ml<\/p>\n","protected":false},"featured_media":26553,"template":"","meta":{"_acf_changed":false},"product_brand":[],"product_cat":[592],"product_tag":[],"class_list":{"0":"post-31116","1":"product","2":"type-product","3":"status-publish","4":"has-post-thumbnail","6":"product_cat-adhesifs","7":"description-off","9":"first","10":"outofstock","11":"shipping-taxable","12":"product-type-variable"},"acf":[],"aioseo_notices":[],"_links":{"self":[{"href":"https:\/\/polyart.ch\/fr\/wp-json\/wp\/v2\/product\/31116","targetHints":{"allow":["GET"]}}],"collection":[{"href":"https:\/\/polyart.ch\/fr\/wp-json\/wp\/v2\/product"}],"about":[{"href":"https:\/\/polyart.ch\/fr\/wp-json\/wp\/v2\/types\/product"}],"version-history":[{"count":1,"href":"https:\/\/polyart.ch\/fr\/wp-json\/wp\/v2\/product\/31116\/revisions"}],"predecessor-version":[{"id":31119,"href":"https:\/\/polyart.ch\/fr\/wp-json\/wp\/v2\/product\/31116\/revisions\/31119"}],"wp:featuredmedia":[{"embeddable":true,"href":"https:\/\/polyart.ch\/fr\/wp-json\/wp\/v2\/media\/26553"}],"wp:attachment":[{"href":"https:\/\/polyart.ch\/fr\/wp-json\/wp\/v2\/media?parent=31116"}],"wp:term":[{"taxonomy":"product_brand","embeddable":true,"href":"https:\/\/polyart.ch\/fr\/wp-json\/wp\/v2\/product_brand?post=31116"},{"taxonomy":"product_cat","embeddable":true,"href":"https:\/\/polyart.ch\/fr\/wp-json\/wp\/v2\/product_cat?post=31116"},{"taxonomy":"product_tag","embeddable":true,"href":"https:\/\/polyart.ch\/fr\/wp-json\/wp\/v2\/product_tag?post=31116"}],"curies":[{"name":"wp","href":"https:\/\/api.w.org\/{rel}","templated":true}]}}