{"id":31118,"date":"2024-02-08T10:46:44","date_gmt":"2024-02-08T09:46:44","guid":{"rendered":"https:\/\/polyart.ch\/produkt\/sabaspray-2203-mousse-adhesive\/"},"modified":"2025-11-26T11:16:58","modified_gmt":"2025-11-26T10:16:58","slug":"sabaspray-2203-mousse-adhesive","status":"publish","type":"product","link":"https:\/\/polyart.ch\/fr\/produit\/sabaspray-2203-mousse-adhesive\/","title":{"rendered":"SABASPRAY 2203 &#8211; Mousse adh\u00e9sive"},"content":{"rendered":"<p>Le Sabaspray 2203 est notamment utilis\u00e9 dans le domaine de la confection de mousse pour le collage de pi\u00e8ces en mousse flexibles.<\/p>\n<p>&nbsp;<\/p>\n<p><strong>Propri\u00e9t\u00e9s :<\/strong><br \/>\n+ \u00e0 base de solvants<br \/>\n+ pulv\u00e9risable<br \/>\n+ r\u00e9sistance \u00e0 la temp\u00e9rature :<br \/>\nenv. -20\u00b0C \u00e0 env. +60\u00b0C<br \/>\n+ temps ouvert : 3-5 minutes<br \/>\n+ assemblages souples et durables<br \/>\n+ \u00e9conomique \u00e0 l&rsquo;usage<\/p>\n<p>&nbsp;<\/p>\n<p><strong>Conditionnement :<\/strong><br \/>\nBidon de 5 litres<br \/>\nBidon de 10 litres<br \/>\nBidon de 25 kg<\/p>\n","protected":false},"excerpt":{"rendered":"<p>Le Sabaspray 2203 est notamment utilis\u00e9 dans le domaine de la confection de mousse pour le collage de pi\u00e8ces en mousse flexibles. &nbsp; Propri\u00e9t\u00e9s : + \u00e0 base de solvants + pulv\u00e9risable + r\u00e9sistance \u00e0 la temp\u00e9rature : env. -20\u00b0C \u00e0 env. +60\u00b0C + temps ouvert : 3-5 minutes + assemblages souples et durables +&hellip;<\/p>\n","protected":false},"featured_media":23200,"template":"","meta":{"_acf_changed":false},"product_brand":[],"product_cat":[592],"product_tag":[],"class_list":{"0":"post-31118","1":"product","2":"type-product","3":"status-publish","4":"has-post-thumbnail","6":"product_cat-adhesifs","7":"description-off","9":"first","10":"outofstock","11":"shipping-taxable","12":"product-type-variable"},"acf":[],"aioseo_notices":[],"_links":{"self":[{"href":"https:\/\/polyart.ch\/fr\/wp-json\/wp\/v2\/product\/31118","targetHints":{"allow":["GET"]}}],"collection":[{"href":"https:\/\/polyart.ch\/fr\/wp-json\/wp\/v2\/product"}],"about":[{"href":"https:\/\/polyart.ch\/fr\/wp-json\/wp\/v2\/types\/product"}],"version-history":[{"count":1,"href":"https:\/\/polyart.ch\/fr\/wp-json\/wp\/v2\/product\/31118\/revisions"}],"predecessor-version":[{"id":31134,"href":"https:\/\/polyart.ch\/fr\/wp-json\/wp\/v2\/product\/31118\/revisions\/31134"}],"wp:featuredmedia":[{"embeddable":true,"href":"https:\/\/polyart.ch\/fr\/wp-json\/wp\/v2\/media\/23200"}],"wp:attachment":[{"href":"https:\/\/polyart.ch\/fr\/wp-json\/wp\/v2\/media?parent=31118"}],"wp:term":[{"taxonomy":"product_brand","embeddable":true,"href":"https:\/\/polyart.ch\/fr\/wp-json\/wp\/v2\/product_brand?post=31118"},{"taxonomy":"product_cat","embeddable":true,"href":"https:\/\/polyart.ch\/fr\/wp-json\/wp\/v2\/product_cat?post=31118"},{"taxonomy":"product_tag","embeddable":true,"href":"https:\/\/polyart.ch\/fr\/wp-json\/wp\/v2\/product_tag?post=31118"}],"curies":[{"name":"wp","href":"https:\/\/api.w.org\/{rel}","templated":true}]}}