{"id":31125,"date":"2024-02-08T11:26:44","date_gmt":"2024-02-08T10:26:44","guid":{"rendered":"https:\/\/polyart.ch\/produkt\/spray-desinfectant-pour-surfaces\/"},"modified":"2024-02-08T11:26:44","modified_gmt":"2024-02-08T10:26:44","slug":"spray-desinfectant-pour-surfaces","status":"publish","type":"product","link":"https:\/\/polyart.ch\/fr\/produit\/spray-desinfectant-pour-surfaces\/","title":{"rendered":"Spray d\u00e9sinfectant pour surfaces"},"content":{"rendered":"<p><strong><span lang=\"DE\">Spray d\u00e9sinfectant pour :<\/span><\/strong><br \/>\n<span lang=\"DE\">Type de produit 2 : D\u00e9sinfectant non destin\u00e9 \u00e0 une application directe sur les humains et les animaux.<br \/>\nType de produit 3 : Hygi\u00e8ne<\/span><\/p>\n<p><span lang=\"DE\"><strong>Substances actives :<\/strong><br \/>\n98g\/100g de propanol-2, 0,1g\/100g de chlorure d&rsquo;alkyl (C12-C14) dim\u00e9thylbenzylammonium (ADBAC (C12-C14))<\/span><\/p>\n<p><strong>Propri\u00e9t\u00e9s :<\/strong><br \/>\n+ <span lang=\"DE\">pour les surfaces et objets lavables \u00e0 l&rsquo;eau et les textiles lavables<\/span><br \/>\n+ <span lang=\"DE\">m\u00e9nage les mat\u00e9riaux<\/span><br \/>\n+ <span lang=\"DE\">sans aromates<\/span><br \/>\n+ <span lang=\"DE\">large efficacit\u00e9 contre les bact\u00e9ries et champignons \u00e0 gram positif et \u00e0 gram n\u00e9gatif<\/span><br \/>\n+ <span lang=\"DE\">en raison de sa forte teneur en alcool, \u00e9galement efficace contre les virus envelopp\u00e9s (coronavirus, virus de la grippe)<\/span><br \/>\n+ convient sous r\u00e9serve pour les simili-cuirs<\/p>\n<p><strong>Conditionnement :<\/strong><br \/>\nVaporisateur de 200 ml<\/p>\n","protected":false},"excerpt":{"rendered":"<p>Spray d\u00e9sinfectant pour : Type de produit 2 : D\u00e9sinfectant non destin\u00e9 \u00e0 une application directe sur les humains et les animaux. Type de produit 3 : Hygi\u00e8ne Substances actives : 98g\/100g de propanol-2, 0,1g\/100g de chlorure d&rsquo;alkyl (C12-C14) dim\u00e9thylbenzylammonium (ADBAC (C12-C14)) Propri\u00e9t\u00e9s : + pour les surfaces et objets lavables \u00e0 l&rsquo;eau et les&hellip;<\/p>\n","protected":false},"featured_media":23390,"template":"","meta":{"_acf_changed":false},"product_brand":[],"product_cat":[592],"product_tag":[],"class_list":{"0":"post-31125","1":"product","2":"type-product","3":"status-publish","4":"has-post-thumbnail","6":"product_cat-adhesifs","7":"description-off","9":"first","10":"outofstock","11":"shipping-taxable","12":"product-type-variable"},"acf":[],"aioseo_notices":[],"_links":{"self":[{"href":"https:\/\/polyart.ch\/fr\/wp-json\/wp\/v2\/product\/31125","targetHints":{"allow":["GET"]}}],"collection":[{"href":"https:\/\/polyart.ch\/fr\/wp-json\/wp\/v2\/product"}],"about":[{"href":"https:\/\/polyart.ch\/fr\/wp-json\/wp\/v2\/types\/product"}],"version-history":[{"count":0,"href":"https:\/\/polyart.ch\/fr\/wp-json\/wp\/v2\/product\/31125\/revisions"}],"wp:featuredmedia":[{"embeddable":true,"href":"https:\/\/polyart.ch\/fr\/wp-json\/wp\/v2\/media\/23390"}],"wp:attachment":[{"href":"https:\/\/polyart.ch\/fr\/wp-json\/wp\/v2\/media?parent=31125"}],"wp:term":[{"taxonomy":"product_brand","embeddable":true,"href":"https:\/\/polyart.ch\/fr\/wp-json\/wp\/v2\/product_brand?post=31125"},{"taxonomy":"product_cat","embeddable":true,"href":"https:\/\/polyart.ch\/fr\/wp-json\/wp\/v2\/product_cat?post=31125"},{"taxonomy":"product_tag","embeddable":true,"href":"https:\/\/polyart.ch\/fr\/wp-json\/wp\/v2\/product_tag?post=31125"}],"curies":[{"name":"wp","href":"https:\/\/api.w.org\/{rel}","templated":true}]}}