{"id":31137,"date":"2024-02-08T08:58:59","date_gmt":"2024-02-08T07:58:59","guid":{"rendered":"https:\/\/polyart.ch\/produkt\/esd-films-antistatiques\/"},"modified":"2024-02-08T08:58:59","modified_gmt":"2024-02-08T07:58:59","slug":"esd-films-antistatiques","status":"publish","type":"product","link":"https:\/\/polyart.ch\/fr\/produit\/esd-films-antistatiques\/","title":{"rendered":"ESD &#8211; Films antistatiques"},"content":{"rendered":"<p>Notre film ESD prot\u00e8ge les machines et les appareils \u00e9lectroniques sensibles des dommages caus\u00e9s par les d\u00e9charges \u00e9lectrostatiques gr\u00e2ce \u00e0 un blindage fiable.<\/p>\n<p>Sp\u00e9cialement con\u00e7u pour le stockage, l&#8217;emballage et la manipulation en toute s\u00e9curit\u00e9, le film ESD r\u00e9duit efficacement l&rsquo;accumulation d&rsquo;\u00e9lectricit\u00e9 statique. Id\u00e9al pour une utilisation dans des zones o\u00f9 l&rsquo;\u00e9lectronique sensible doit \u00eatre prot\u00e9g\u00e9e contre les d\u00e9charges nocives, il assure une protection compl\u00e8te et un stockage fiable. <\/p>\n","protected":false},"excerpt":{"rendered":"<p>Composition : <strong>poly\u00e9thyl\u00e8ne 100<\/strong><\/p>\n<p>\u00c9paisseur : <strong>0,15 mm (150 my)<\/strong><\/p>\n<p>R\u00e9sistance de surface :  <b><sup>1010 <\/sup>\u00e0 <sup>1011 <\/sup>ohms<\/b><\/p>\n<p>&nbsp;<\/p>\n<p><strong>Film \u00e0 commander :<\/strong><br \/>\nFilm <i>antistatiquePLUS<\/i>, r\u00e9sistance de surface de <sup>1010 <\/sup>\u00e0 <sup>1011 <\/sup>ohms, \u00e9paisseur 0,15 mm, <i>transparent ROSA<\/i>, utilisable jusqu&rsquo;\u00e0 une humidit\u00e9 ambiante inf\u00e9rieure \u00e0 20%.<\/p>\n<p><strong>Caract\u00e9ristiques :<\/strong><\/p>\n<p>Film antistatiquePLUS : ce film contient l&rsquo;additif antistatique techniquement le plus avanc\u00e9 actuellement disponible sur le march\u00e9. Il garantit une r\u00e9sistance de surface de <sup>1010 <\/sup>\u00e0 <sup>1011 <\/sup>ohms, pour une humidit\u00e9 de l&rsquo;air inf\u00e9rieure \u00e0 20 %, alors que les films antistatiques \u00ab\u00a0normaux\/prix\u00a0\u00bb perdent leurs propri\u00e9t\u00e9s \u00e0 partir d&rsquo;une humidit\u00e9 de l&rsquo;air inf\u00e9rieure \u00e0 50 %. Ce film avec antistatique PLUS est techniquement rose transparent et, gr\u00e2ce \u00e0 ses propri\u00e9t\u00e9s particuli\u00e8res, il convient \u00e9galement \u00e0 des utilisations dans des conditions particuli\u00e8res.<\/p>\n<p><strong>Choix de la couleur :<\/strong><br \/>\nrose<\/p>\n","protected":false},"featured_media":22707,"template":"","meta":{"_acf_changed":false},"product_brand":[],"product_cat":[586],"product_tag":[],"class_list":{"0":"post-31137","1":"product","2":"type-product","3":"status-publish","4":"has-post-thumbnail","6":"product_cat-diapositives","7":"description-off","9":"first","10":"outofstock","11":"shipping-taxable","12":"product-type-variable"},"acf":[],"aioseo_notices":[],"_links":{"self":[{"href":"https:\/\/polyart.ch\/fr\/wp-json\/wp\/v2\/product\/31137","targetHints":{"allow":["GET"]}}],"collection":[{"href":"https:\/\/polyart.ch\/fr\/wp-json\/wp\/v2\/product"}],"about":[{"href":"https:\/\/polyart.ch\/fr\/wp-json\/wp\/v2\/types\/product"}],"version-history":[{"count":0,"href":"https:\/\/polyart.ch\/fr\/wp-json\/wp\/v2\/product\/31137\/revisions"}],"wp:featuredmedia":[{"embeddable":true,"href":"https:\/\/polyart.ch\/fr\/wp-json\/wp\/v2\/media\/22707"}],"wp:attachment":[{"href":"https:\/\/polyart.ch\/fr\/wp-json\/wp\/v2\/media?parent=31137"}],"wp:term":[{"taxonomy":"product_brand","embeddable":true,"href":"https:\/\/polyart.ch\/fr\/wp-json\/wp\/v2\/product_brand?post=31137"},{"taxonomy":"product_cat","embeddable":true,"href":"https:\/\/polyart.ch\/fr\/wp-json\/wp\/v2\/product_cat?post=31137"},{"taxonomy":"product_tag","embeddable":true,"href":"https:\/\/polyart.ch\/fr\/wp-json\/wp\/v2\/product_tag?post=31137"}],"curies":[{"name":"wp","href":"https:\/\/api.w.org\/{rel}","templated":true}]}}