{"id":31168,"date":"2024-02-06T15:45:29","date_gmt":"2024-02-06T14:45:29","guid":{"rendered":"https:\/\/polyart.ch\/produkt\/claris-film-transparent-pour-lindustrie-2-3-mm\/"},"modified":"2024-02-06T15:45:29","modified_gmt":"2024-02-06T14:45:29","slug":"claris-film-transparent-pour-lindustrie-2-3-mm","status":"publish","type":"product","link":"https:\/\/polyart.ch\/fr\/produit\/claris-film-transparent-pour-lindustrie-2-3-mm\/","title":{"rendered":"CLARIS &#8211; Film transparent pour l&rsquo;industrie 2-3 mm"},"content":{"rendered":"<p>Le film transparent Claris de 2 mm et 3 mm d&rsquo;\u00e9paisseur a \u00e9t\u00e9 sp\u00e9cialement con\u00e7u pour le secteur industriel et se caract\u00e9rise par une r\u00e9sistance \u00e9lev\u00e9e \u00e0 la temp\u00e9rature et une excellente r\u00e9sistance \u00e0 la lumi\u00e8re.<\/p>\n<p>Id\u00e9al pour une utilisation avec des portes industrielles, pour des s\u00e9parations industrielles ou comme protection de table ou de sol. Ce film robuste offre une protection durable et une vision claire. <\/p>\n","protected":false},"excerpt":{"rendered":"<p>Composition : <strong>PVC 100<\/strong><\/p>\n<p>\u00c9paisseur : <strong>2,00 mm, 3,00 mm<\/strong><\/p>\n<p>Duret\u00e9 : <strong>Shore D 34<\/strong><\/p>\n<p>Largeur : <strong>120 cm<\/strong><\/p>\n<p>Longueur du rouleau : <strong>20 &#8211; 30 m\u00e8tres lin\u00e9aires<\/strong><\/p>\n<p>&nbsp;<\/p>\n<p><strong>Convient pour :<\/strong><br \/>\nPortes industrielles, protection de table et de sol, s\u00e9paration industrielle<\/p>\n<p>&nbsp;<\/p>\n<p><strong>Propri\u00e9t\u00e9s :<\/strong><br \/>\n+ Haute r\u00e9sistance aux UV<br \/>\n+ R\u00e9sistance au froid jusqu&rsquo;\u00e0 -25\u00b0C<br \/>\n+ Qualit\u00e9 haute vision<br \/>\n+ Soudable<\/p>\n<p>&nbsp;<\/p>\n<p>&nbsp;<\/p>\n","protected":false},"featured_media":22582,"template":"","meta":{"_acf_changed":false},"product_brand":[],"product_cat":[586],"product_tag":[],"class_list":{"0":"post-31168","1":"product","2":"type-product","3":"status-publish","4":"has-post-thumbnail","6":"product_cat-diapositives","7":"description-off","9":"first","10":"outofstock","11":"shipping-taxable","12":"product-type-variable"},"acf":[],"aioseo_notices":[],"_links":{"self":[{"href":"https:\/\/polyart.ch\/fr\/wp-json\/wp\/v2\/product\/31168","targetHints":{"allow":["GET"]}}],"collection":[{"href":"https:\/\/polyart.ch\/fr\/wp-json\/wp\/v2\/product"}],"about":[{"href":"https:\/\/polyart.ch\/fr\/wp-json\/wp\/v2\/types\/product"}],"version-history":[{"count":0,"href":"https:\/\/polyart.ch\/fr\/wp-json\/wp\/v2\/product\/31168\/revisions"}],"wp:featuredmedia":[{"embeddable":true,"href":"https:\/\/polyart.ch\/fr\/wp-json\/wp\/v2\/media\/22582"}],"wp:attachment":[{"href":"https:\/\/polyart.ch\/fr\/wp-json\/wp\/v2\/media?parent=31168"}],"wp:term":[{"taxonomy":"product_brand","embeddable":true,"href":"https:\/\/polyart.ch\/fr\/wp-json\/wp\/v2\/product_brand?post=31168"},{"taxonomy":"product_cat","embeddable":true,"href":"https:\/\/polyart.ch\/fr\/wp-json\/wp\/v2\/product_cat?post=31168"},{"taxonomy":"product_tag","embeddable":true,"href":"https:\/\/polyart.ch\/fr\/wp-json\/wp\/v2\/product_tag?post=31168"}],"curies":[{"name":"wp","href":"https:\/\/api.w.org\/{rel}","templated":true}]}}