{"id":31174,"date":"2024-02-05T10:30:40","date_gmt":"2024-02-05T09:30:40","guid":{"rendered":"https:\/\/polyart.ch\/produkt\/film-a-point-daiguille-pour-rembourrage\/"},"modified":"2024-02-05T10:30:40","modified_gmt":"2024-02-05T09:30:40","slug":"film-a-point-daiguille-pour-rembourrage","status":"publish","type":"product","link":"https:\/\/polyart.ch\/fr\/produit\/film-a-point-daiguille-pour-rembourrage\/","title":{"rendered":"FILM A POINT D&rsquo;AIGUILLE pour rembourrage"},"content":{"rendered":"<p>Notre mousse aiguillet\u00e9e combine les avantages de la mousse et du non-tiss\u00e9 dans un mat\u00e9riau de haute qualit\u00e9 et offre un \u00e9quilibre parfait entre douceur et soutien.<\/p>\n<p>Id\u00e9al pour les applications de rembourrage, il garantit un confort et une stabilit\u00e9 exceptionnels. Sa structure sp\u00e9ciale est id\u00e9ale pour le rembourrage de meubles, les coussins, les matelas et les projets cr\u00e9atifs n\u00e9cessitant durabilit\u00e9 et stabilit\u00e9 dimensionnelle. <\/p>\n","protected":false},"excerpt":{"rendered":"<p>Composition : <strong>Mousse PU &#8211; Polyester non tiss\u00e9 aiguillet\u00e9<\/strong><\/p>\n<p>Poids : <strong>200 g\/m2<\/strong><\/p>\n<p>\u00c9paisseur : <strong>5 mm<\/strong><\/p>\n<p>Largeur : <strong>180 cm<\/strong><\/p>\n<p>Longueur du rouleau : <strong>10 &#8211; 25 m\u00e8tres lin\u00e9aires<\/strong><\/p>\n<p>&nbsp;<\/p>\n<p>&nbsp;<\/p>\n","protected":false},"featured_media":22862,"template":"","meta":{"_acf_changed":false},"product_brand":[],"product_cat":[594],"product_tag":[],"class_list":{"0":"post-31174","1":"product","2":"type-product","3":"status-publish","4":"has-post-thumbnail","6":"product_cat-ouate-de-rembourrage-mousses","7":"description-off","9":"first","10":"outofstock","11":"shipping-taxable","12":"product-type-variable"},"acf":[],"aioseo_notices":[],"_links":{"self":[{"href":"https:\/\/polyart.ch\/fr\/wp-json\/wp\/v2\/product\/31174","targetHints":{"allow":["GET"]}}],"collection":[{"href":"https:\/\/polyart.ch\/fr\/wp-json\/wp\/v2\/product"}],"about":[{"href":"https:\/\/polyart.ch\/fr\/wp-json\/wp\/v2\/types\/product"}],"version-history":[{"count":0,"href":"https:\/\/polyart.ch\/fr\/wp-json\/wp\/v2\/product\/31174\/revisions"}],"wp:featuredmedia":[{"embeddable":true,"href":"https:\/\/polyart.ch\/fr\/wp-json\/wp\/v2\/media\/22862"}],"wp:attachment":[{"href":"https:\/\/polyart.ch\/fr\/wp-json\/wp\/v2\/media?parent=31174"}],"wp:term":[{"taxonomy":"product_brand","embeddable":true,"href":"https:\/\/polyart.ch\/fr\/wp-json\/wp\/v2\/product_brand?post=31174"},{"taxonomy":"product_cat","embeddable":true,"href":"https:\/\/polyart.ch\/fr\/wp-json\/wp\/v2\/product_cat?post=31174"},{"taxonomy":"product_tag","embeddable":true,"href":"https:\/\/polyart.ch\/fr\/wp-json\/wp\/v2\/product_tag?post=31174"}],"curies":[{"name":"wp","href":"https:\/\/api.w.org\/{rel}","templated":true}]}}