{"id":31183,"date":"2024-02-05T11:14:15","date_gmt":"2024-02-05T10:14:15","guid":{"rendered":"https:\/\/polyart.ch\/produkt\/decoupe-de-films-films-decoupes\/"},"modified":"2024-02-05T11:14:15","modified_gmt":"2024-02-05T10:14:15","slug":"decoupe-de-films-films-decoupes","status":"publish","type":"product","link":"https:\/\/polyart.ch\/fr\/produit\/decoupe-de-films-films-decoupes\/","title":{"rendered":"D\u00e9coupe de films \/ films d\u00e9coup\u00e9s"},"content":{"rendered":"<p>Gr\u00e2ce \u00e0 nos m\u00e9thodes de d\u00e9coupe de haute pr\u00e9cision, nous pouvons d\u00e9couper tous les films souhait\u00e9s dans la largeur et\/ou le format que vous souhaitez.<br \/>\nNous pouvons d\u00e9couper les mat\u00e9riaux suivants \u00e0 partir d&rsquo;une largeur de 3 mm :<\/p>\n<p>&#8211; Films<br \/>\n&#8211; Tissus d&rsquo;ameublement<br \/>\n&#8211; Similicuir<br \/>\n&#8211; Non-tiss\u00e9s<br \/>\n&#8211; Feutres<\/p>\n<p>Grandes et petites quantit\u00e9s possibles !<\/p>\n<h3><\/h3>\n","protected":false},"excerpt":{"rendered":"<p>Gr\u00e2ce \u00e0 nos m\u00e9thodes de d\u00e9coupe de haute pr\u00e9cision, nous pouvons d\u00e9couper tous les films souhait\u00e9s dans la largeur et\/ou le format que vous souhaitez. Nous pouvons d\u00e9couper les mat\u00e9riaux suivants \u00e0 partir d&rsquo;une largeur de 3 mm : &#8211; Films &#8211; Tissus d&rsquo;ameublement &#8211; Similicuir &#8211; Non-tiss\u00e9s &#8211; Feutres Grandes et petites quantit\u00e9s possibles&hellip;<\/p>\n","protected":false},"featured_media":23435,"template":"","meta":{"_acf_changed":false},"product_brand":[],"product_cat":[599],"product_tag":[],"class_list":{"0":"post-31183","1":"product","2":"type-product","3":"status-publish","4":"has-post-thumbnail","6":"product_cat-services-fr","7":"description-off","9":"first","10":"instock","11":"shipping-taxable","12":"product-type-simple"},"acf":[],"aioseo_notices":[],"_links":{"self":[{"href":"https:\/\/polyart.ch\/fr\/wp-json\/wp\/v2\/product\/31183","targetHints":{"allow":["GET"]}}],"collection":[{"href":"https:\/\/polyart.ch\/fr\/wp-json\/wp\/v2\/product"}],"about":[{"href":"https:\/\/polyart.ch\/fr\/wp-json\/wp\/v2\/types\/product"}],"version-history":[{"count":0,"href":"https:\/\/polyart.ch\/fr\/wp-json\/wp\/v2\/product\/31183\/revisions"}],"wp:featuredmedia":[{"embeddable":true,"href":"https:\/\/polyart.ch\/fr\/wp-json\/wp\/v2\/media\/23435"}],"wp:attachment":[{"href":"https:\/\/polyart.ch\/fr\/wp-json\/wp\/v2\/media?parent=31183"}],"wp:term":[{"taxonomy":"product_brand","embeddable":true,"href":"https:\/\/polyart.ch\/fr\/wp-json\/wp\/v2\/product_brand?post=31183"},{"taxonomy":"product_cat","embeddable":true,"href":"https:\/\/polyart.ch\/fr\/wp-json\/wp\/v2\/product_cat?post=31183"},{"taxonomy":"product_tag","embeddable":true,"href":"https:\/\/polyart.ch\/fr\/wp-json\/wp\/v2\/product_tag?post=31183"}],"curies":[{"name":"wp","href":"https:\/\/api.w.org\/{rel}","templated":true}]}}