{"id":31193,"date":"2024-02-05T10:10:07","date_gmt":"2024-02-05T09:10:07","guid":{"rendered":"https:\/\/polyart.ch\/produkt\/ouats-de-polissage-difficilement-inflammables-b1\/"},"modified":"2024-02-05T10:10:07","modified_gmt":"2024-02-05T09:10:07","slug":"ouats-de-polissage-difficilement-inflammables-b1","status":"publish","type":"product","link":"https:\/\/polyart.ch\/fr\/produit\/ouats-de-polissage-difficilement-inflammables-b1\/","title":{"rendered":"OUATS DE POLISSAGE difficilement inflammables B1"},"content":{"rendered":"<p>Notre ouate de rembourrage certifi\u00e9e B1 est id\u00e9ale pour les collectivit\u00e9s et r\u00e9pond aux exigences les plus strictes en mati\u00e8re de protection contre l&rsquo;incendie.<\/p>\n<p>En plus d&rsquo;offrir un confort et une durabilit\u00e9 exceptionnels, elle est parfaitement adapt\u00e9e aux meubles rembourr\u00e9s et \u00e0 diverses applications dans les lieux publics.<\/p>\n","protected":false},"excerpt":{"rendered":"<p>Composition :<strong> PES 100 %<\/strong><\/p>\n<p>Poids : <strong>100g\/m2 (avec ou sans contrecollage), <\/strong><strong>200 g\/m2 (avec ou sans contrecollage)<\/strong><\/p>\n<p>Largeur : <strong>150 cm<\/strong><\/p>\n<p>Longueur du rouleau : <strong>10- 40 mc<\/strong><\/p>\n<p>&nbsp;<\/p>\n<p>&nbsp;<\/p>\n","protected":false},"featured_media":22841,"template":"","meta":{"_acf_changed":false},"product_brand":[],"product_cat":[594],"product_tag":[],"class_list":{"0":"post-31193","1":"product","2":"type-product","3":"status-publish","4":"has-post-thumbnail","6":"product_cat-ouate-de-rembourrage-mousses","7":"description-off","9":"first","10":"outofstock","11":"shipping-taxable","12":"product-type-variable"},"acf":[],"aioseo_notices":[],"_links":{"self":[{"href":"https:\/\/polyart.ch\/fr\/wp-json\/wp\/v2\/product\/31193","targetHints":{"allow":["GET"]}}],"collection":[{"href":"https:\/\/polyart.ch\/fr\/wp-json\/wp\/v2\/product"}],"about":[{"href":"https:\/\/polyart.ch\/fr\/wp-json\/wp\/v2\/types\/product"}],"version-history":[{"count":0,"href":"https:\/\/polyart.ch\/fr\/wp-json\/wp\/v2\/product\/31193\/revisions"}],"wp:featuredmedia":[{"embeddable":true,"href":"https:\/\/polyart.ch\/fr\/wp-json\/wp\/v2\/media\/22841"}],"wp:attachment":[{"href":"https:\/\/polyart.ch\/fr\/wp-json\/wp\/v2\/media?parent=31193"}],"wp:term":[{"taxonomy":"product_brand","embeddable":true,"href":"https:\/\/polyart.ch\/fr\/wp-json\/wp\/v2\/product_brand?post=31193"},{"taxonomy":"product_cat","embeddable":true,"href":"https:\/\/polyart.ch\/fr\/wp-json\/wp\/v2\/product_cat?post=31193"},{"taxonomy":"product_tag","embeddable":true,"href":"https:\/\/polyart.ch\/fr\/wp-json\/wp\/v2\/product_tag?post=31193"}],"curies":[{"name":"wp","href":"https:\/\/api.w.org\/{rel}","templated":true}]}}