{"id":31206,"date":"2024-01-19T09:12:49","date_gmt":"2024-01-19T08:12:49","guid":{"rendered":"https:\/\/polyart.ch\/produkt\/neopren-caoutchouc-synthetique\/"},"modified":"2024-01-19T09:12:49","modified_gmt":"2024-01-19T08:12:49","slug":"neopren-caoutchouc-synthetique","status":"publish","type":"product","link":"https:\/\/polyart.ch\/fr\/produit\/neopren-caoutchouc-synthetique\/","title":{"rendered":"NEOPREN &#8211; Caoutchouc synth\u00e9tique"},"content":{"rendered":"<p>Notre gamme de n\u00e9opr\u00e8nes propose de multiples versions : \u00e0 simple rev\u00eatement, \u00e0 double rev\u00eatement ou sous forme brute &#8211; id\u00e9al pour diff\u00e9rentes applications et exigences.<\/p>\n<p>Que ce soit pour des v\u00eatements de sport, des \u00e9quipements de protection ou des projets cr\u00e9atifs. Nous vous proposons la solution qui vous convient. <\/p>\n<p>Contactez-nous pour discuter de vos besoins et trouver le meilleur choix de n\u00e9opr\u00e8ne pour vos projets.<\/p>\n","protected":false},"excerpt":{"rendered":"<p>Epaisseurs de n\u00e9opr\u00e8ne disponibles : <strong>1.5 mm &#8211; 10 mm<\/strong><\/p>\n<p>Dimensions des panneaux : <strong>2.6 m2 &#8211; 2.8 m2<\/strong><\/p>\n<p>Surfaces en n\u00e9opr\u00e8ne : <strong>Brut ou contrecollable sur une\/deux faces avec diff\u00e9rents textiles dans de nombreuses couleurs<\/strong><\/p>\n<p>&nbsp;<\/p>\n","protected":false},"featured_media":22689,"template":"","meta":{"_acf_changed":false},"product_brand":[],"product_cat":[584],"product_tag":[],"class_list":{"0":"post-31206","1":"product","2":"type-product","3":"status-publish","4":"has-post-thumbnail","6":"product_cat-tech-tissus","7":"description-off","9":"first","10":"outofstock","11":"shipping-taxable","12":"product-type-variable"},"acf":[],"aioseo_notices":[],"_links":{"self":[{"href":"https:\/\/polyart.ch\/fr\/wp-json\/wp\/v2\/product\/31206","targetHints":{"allow":["GET"]}}],"collection":[{"href":"https:\/\/polyart.ch\/fr\/wp-json\/wp\/v2\/product"}],"about":[{"href":"https:\/\/polyart.ch\/fr\/wp-json\/wp\/v2\/types\/product"}],"version-history":[{"count":0,"href":"https:\/\/polyart.ch\/fr\/wp-json\/wp\/v2\/product\/31206\/revisions"}],"wp:featuredmedia":[{"embeddable":true,"href":"https:\/\/polyart.ch\/fr\/wp-json\/wp\/v2\/media\/22689"}],"wp:attachment":[{"href":"https:\/\/polyart.ch\/fr\/wp-json\/wp\/v2\/media?parent=31206"}],"wp:term":[{"taxonomy":"product_brand","embeddable":true,"href":"https:\/\/polyart.ch\/fr\/wp-json\/wp\/v2\/product_brand?post=31206"},{"taxonomy":"product_cat","embeddable":true,"href":"https:\/\/polyart.ch\/fr\/wp-json\/wp\/v2\/product_cat?post=31206"},{"taxonomy":"product_tag","embeddable":true,"href":"https:\/\/polyart.ch\/fr\/wp-json\/wp\/v2\/product_tag?post=31206"}],"curies":[{"name":"wp","href":"https:\/\/api.w.org\/{rel}","templated":true}]}}