{"id":31222,"date":"2024-01-18T10:48:19","date_gmt":"2024-01-18T09:48:19","guid":{"rendered":"https:\/\/polyart.ch\/produkt\/thermofabric-glass-622-tissu-de-verre-thermique\/"},"modified":"2024-01-18T10:48:19","modified_gmt":"2024-01-18T09:48:19","slug":"thermofabric-glass-622-tissu-de-verre-thermique","status":"publish","type":"product","link":"https:\/\/polyart.ch\/fr\/produit\/thermofabric-glass-622-tissu-de-verre-thermique\/","title":{"rendered":"THERMOFABRIC GLASS 622 &#8211; Tissu de verre thermique"},"content":{"rendered":"<p>Article Thermofabric Glas 622, est un tissu de verre thermique.<\/p>\n<p>Ce textile technique sp\u00e9cialis\u00e9 est adapt\u00e9 aux applications qui doivent r\u00e9sister \u00e0 des temp\u00e9ratures extr\u00eames. Gr\u00e2ce \u00e0 sa r\u00e9sistance \u00e9lev\u00e9e \u00e0 la chaleur, il offre une protection et une stabilit\u00e9 fiables dans des domaines d&rsquo;application exigeants tels que l&rsquo;industrie et la construction. <\/p>\n<p class=\"col-xs-12 col-sm-12 col-md-12 col-lg-12\">Rev\u00eatement difficilement inflammable sur une face (copolym\u00e8re \u00e0 base d&rsquo;ac\u00e9tate de vinyle), couleur grise avec des pigments d&rsquo;aluminium.<\/p>\n<p class=\"col-xs-12 col-sm-12 col-md-12 col-lg-12\">Temp\u00e9rature d&rsquo;utilisation : <strong>tissu jusqu&rsquo;\u00e0 500 degr\u00e9s, rev\u00eatement jusqu&rsquo;\u00e0 180 degr\u00e9s.<\/strong><\/p>\n<p>Pour d&rsquo;autres tissus de verre thermique, contactez-nous simplement par e-mail.<\/p>\n","protected":false},"excerpt":{"rendered":"<p>Composition : <strong>verre E 100 %, 9 \u00b5m<\/strong><\/p>\n<p>Poids : <strong>450 g\/m2 +\/- 5 g\/m2<\/strong><\/p>\n<p>Largeur : <strong>100 cm<\/strong><\/p>\n<p>Longueur du rouleau : <strong>50 m\u00e8tres lin\u00e9aires<\/strong><\/p>\n<p>&nbsp;<\/p>\n<p class=\"col-xs-12 col-sm-12 col-md-12 col-lg-12\">\n","protected":false},"featured_media":22747,"template":"","meta":{"_acf_changed":false},"product_brand":[],"product_cat":[584],"product_tag":[],"class_list":{"0":"post-31222","1":"product","2":"type-product","3":"status-publish","4":"has-post-thumbnail","6":"product_cat-tech-tissus","7":"description-off","9":"first","10":"outofstock","11":"shipping-taxable","12":"product-type-variable"},"acf":[],"aioseo_notices":[],"_links":{"self":[{"href":"https:\/\/polyart.ch\/fr\/wp-json\/wp\/v2\/product\/31222","targetHints":{"allow":["GET"]}}],"collection":[{"href":"https:\/\/polyart.ch\/fr\/wp-json\/wp\/v2\/product"}],"about":[{"href":"https:\/\/polyart.ch\/fr\/wp-json\/wp\/v2\/types\/product"}],"version-history":[{"count":0,"href":"https:\/\/polyart.ch\/fr\/wp-json\/wp\/v2\/product\/31222\/revisions"}],"wp:featuredmedia":[{"embeddable":true,"href":"https:\/\/polyart.ch\/fr\/wp-json\/wp\/v2\/media\/22747"}],"wp:attachment":[{"href":"https:\/\/polyart.ch\/fr\/wp-json\/wp\/v2\/media?parent=31222"}],"wp:term":[{"taxonomy":"product_brand","embeddable":true,"href":"https:\/\/polyart.ch\/fr\/wp-json\/wp\/v2\/product_brand?post=31222"},{"taxonomy":"product_cat","embeddable":true,"href":"https:\/\/polyart.ch\/fr\/wp-json\/wp\/v2\/product_cat?post=31222"},{"taxonomy":"product_tag","embeddable":true,"href":"https:\/\/polyart.ch\/fr\/wp-json\/wp\/v2\/product_tag?post=31222"}],"curies":[{"name":"wp","href":"https:\/\/api.w.org\/{rel}","templated":true}]}}