{"id":31225,"date":"2024-01-18T09:38:25","date_gmt":"2024-01-18T08:38:25","guid":{"rendered":"https:\/\/polyart.ch\/produkt\/buentenmolton-b1-pour-les-theatres-les-salons-et-les-evenements\/"},"modified":"2026-02-11T09:04:42","modified_gmt":"2026-02-11T08:04:42","slug":"buentenmolton-b1-pour-les-theatres-les-salons-et-les-evenements","status":"publish","type":"product","link":"https:\/\/polyart.ch\/fr\/produit\/buentenmolton-b1-pour-les-theatres-les-salons-et-les-evenements\/","title":{"rendered":"MOLTON POUR PANNEAUX B1, 5.3 &#8211; pour les th\u00e9\u00e2tres, les salons et les \u00e9v\u00e9nements"},"content":{"rendered":"<div class=\"\">Molleton de sc\u00e8ne ininflammable selon <strong>AEAI 5.3 et B1<\/strong>, pour tous les domaines d&rsquo;utilisation publique tels que foires, th\u00e9\u00e2tres, \u00e9v\u00e9nements, h\u00f4tels, etc.<\/div>\n<div class=\"\">Ce molleton de sc\u00e8ne ininflammable convainc \u00e9galement par sa grande largeur de 300 cm. Il s&rsquo;agit d&rsquo;un textile absorbant le son et peut \u00eatre utilis\u00e9 comme tissu acoustique.<\/div>\n<p>&nbsp;<\/p>\n","protected":false},"excerpt":{"rendered":"<p>Composition : <strong>Coton 100 %<\/strong><\/p>\n<p>Poids : <strong>320 g\/m2 +\/- 10 g\/m2<\/strong><\/p>\n<p>Largeur : <strong>300 cm<\/strong><\/p>\n<p>Longueur des rouleaux : <strong>1 &#8211; 60 m\u00e8tres lin\u00e9aires<\/strong><\/p>\n<p>\u00c9paisseur : <strong>1,5 mm +\/- 0,3 mm<\/strong><\/p>\n<p>&nbsp;<\/p>\n","protected":false},"featured_media":22312,"template":"","meta":{"_acf_changed":false},"product_brand":[],"product_cat":[584],"product_tag":[],"class_list":{"0":"post-31225","1":"product","2":"type-product","3":"status-publish","4":"has-post-thumbnail","6":"product_cat-tech-tissus","7":"description-off","9":"first","10":"outofstock","11":"shipping-taxable","12":"product-type-variable"},"acf":[],"aioseo_notices":[],"_links":{"self":[{"href":"https:\/\/polyart.ch\/fr\/wp-json\/wp\/v2\/product\/31225","targetHints":{"allow":["GET"]}}],"collection":[{"href":"https:\/\/polyart.ch\/fr\/wp-json\/wp\/v2\/product"}],"about":[{"href":"https:\/\/polyart.ch\/fr\/wp-json\/wp\/v2\/types\/product"}],"version-history":[{"count":1,"href":"https:\/\/polyart.ch\/fr\/wp-json\/wp\/v2\/product\/31225\/revisions"}],"predecessor-version":[{"id":32157,"href":"https:\/\/polyart.ch\/fr\/wp-json\/wp\/v2\/product\/31225\/revisions\/32157"}],"wp:featuredmedia":[{"embeddable":true,"href":"https:\/\/polyart.ch\/fr\/wp-json\/wp\/v2\/media\/22312"}],"wp:attachment":[{"href":"https:\/\/polyart.ch\/fr\/wp-json\/wp\/v2\/media?parent=31225"}],"wp:term":[{"taxonomy":"product_brand","embeddable":true,"href":"https:\/\/polyart.ch\/fr\/wp-json\/wp\/v2\/product_brand?post=31225"},{"taxonomy":"product_cat","embeddable":true,"href":"https:\/\/polyart.ch\/fr\/wp-json\/wp\/v2\/product_cat?post=31225"},{"taxonomy":"product_tag","embeddable":true,"href":"https:\/\/polyart.ch\/fr\/wp-json\/wp\/v2\/product_tag?post=31225"}],"curies":[{"name":"wp","href":"https:\/\/api.w.org\/{rel}","templated":true}]}}