{"id":31231,"date":"2024-01-18T10:19:10","date_gmt":"2024-01-18T09:19:10","guid":{"rendered":"https:\/\/polyart.ch\/produkt\/antirutsch-wt-sous-tapis-antiderapant\/"},"modified":"2024-01-18T10:19:10","modified_gmt":"2024-01-18T09:19:10","slug":"antirutsch-wt-sous-tapis-antiderapant","status":"publish","type":"product","link":"https:\/\/polyart.ch\/fr\/produit\/antirutsch-wt-sous-tapis-antiderapant\/","title":{"rendered":"ANTIRUTSCH WT &#8211; sous-tapis antid\u00e9rapant"},"content":{"rendered":"<p>Notre sous-tapis antid\u00e9rapant WT en mousse souple permet \u00e0 vos tapis de rester bien en place sur les rev\u00eatements de sol lisses et textiles.<\/p>\n<p>Ce textile technique offre de nombreuses autres possibilit\u00e9s d&rsquo;utilisation \u00e0 l&rsquo;int\u00e9rieur et \u00e0 l&rsquo;ext\u00e9rieur.<\/p>\n","protected":false},"excerpt":{"rendered":"<p>Composition : <strong>PVC 86 % &#8211; PES 14 %<\/strong><\/p>\n<p>Poids : <strong>300 g\/m2 +\/- 15 g\/m2<\/strong><\/p>\n<p>Largeur : <strong>150 cm<\/strong><\/p>\n<p>Longueur des rouleaux : <strong>1 &#8211; 50 m\u00e8tres lin\u00e9aires<\/strong><\/p>\n<p>Epaisseur : <strong>1.2 mm +\/- 0.1 mm<\/strong><\/p>\n<p>&nbsp;<\/p>\n","protected":false},"featured_media":22315,"template":"","meta":{"_acf_changed":false},"product_brand":[],"product_cat":[584],"product_tag":[],"class_list":{"0":"post-31231","1":"product","2":"type-product","3":"status-publish","4":"has-post-thumbnail","6":"product_cat-tech-tissus","7":"description-off","9":"first","10":"outofstock","11":"shipping-taxable","12":"product-type-variable"},"acf":[],"aioseo_notices":[],"_links":{"self":[{"href":"https:\/\/polyart.ch\/fr\/wp-json\/wp\/v2\/product\/31231","targetHints":{"allow":["GET"]}}],"collection":[{"href":"https:\/\/polyart.ch\/fr\/wp-json\/wp\/v2\/product"}],"about":[{"href":"https:\/\/polyart.ch\/fr\/wp-json\/wp\/v2\/types\/product"}],"version-history":[{"count":0,"href":"https:\/\/polyart.ch\/fr\/wp-json\/wp\/v2\/product\/31231\/revisions"}],"wp:featuredmedia":[{"embeddable":true,"href":"https:\/\/polyart.ch\/fr\/wp-json\/wp\/v2\/media\/22315"}],"wp:attachment":[{"href":"https:\/\/polyart.ch\/fr\/wp-json\/wp\/v2\/media?parent=31231"}],"wp:term":[{"taxonomy":"product_brand","embeddable":true,"href":"https:\/\/polyart.ch\/fr\/wp-json\/wp\/v2\/product_brand?post=31231"},{"taxonomy":"product_cat","embeddable":true,"href":"https:\/\/polyart.ch\/fr\/wp-json\/wp\/v2\/product_cat?post=31231"},{"taxonomy":"product_tag","embeddable":true,"href":"https:\/\/polyart.ch\/fr\/wp-json\/wp\/v2\/product_tag?post=31231"}],"curies":[{"name":"wp","href":"https:\/\/api.w.org\/{rel}","templated":true}]}}