{"id":31233,"date":"2024-01-18T09:53:34","date_gmt":"2024-01-18T08:53:34","guid":{"rendered":"https:\/\/polyart.ch\/produkt\/corbe-tissu-technique-avec-revetement-en-liege\/"},"modified":"2024-01-18T09:53:34","modified_gmt":"2024-01-18T08:53:34","slug":"corbe-tissu-technique-avec-revetement-en-liege","status":"publish","type":"product","link":"https:\/\/polyart.ch\/fr\/produit\/corbe-tissu-technique-avec-revetement-en-liege\/","title":{"rendered":"CORBE &#8211; tissu technique avec rev\u00eatement en li\u00e8ge"},"content":{"rendered":"<p>Notre tissu en li\u00e8ge de haute qualit\u00e9 pr\u00e9sente d&rsquo;excellentes propri\u00e9t\u00e9s et un aspect \u00e9l\u00e9gant.<\/p>\n<p>Ce superbe produit naturel se pr\u00eate \u00e0 de nombreuses cr\u00e9ations : sacs, bijoux, accessoires d&rsquo;int\u00e9rieur et d\u00e9coration. Robuste et facile \u00e0 travailler, le tissu en li\u00e8ge donne \u00e0 vos projets un aspect naturel et raffin\u00e9. Id\u00e9al pour les applications cr\u00e9atives.  <\/p>\n<p>&nbsp;<\/p>\n","protected":false},"excerpt":{"rendered":"<p>Composition : <strong> Li\u00e8ge 70 % &#8211; PU 10 %<\/strong><\/p>\n<p>Poids : <strong>465 <\/strong><strong>g\/m2<\/strong><\/p>\n<p>Largeur : <strong>140 <\/strong><strong>cm<\/strong><\/p>\n<p>Longueur du rouleau : <strong>1 &#8211; 50 <\/strong><strong>m\u00e8tres lin\u00e9aires<\/strong><\/p>\n<p>&nbsp;<\/p>\n","protected":false},"featured_media":22327,"template":"","meta":{"_acf_changed":false},"product_brand":[],"product_cat":[584],"product_tag":[],"class_list":{"0":"post-31233","1":"product","2":"type-product","3":"status-publish","4":"has-post-thumbnail","6":"product_cat-tech-tissus","7":"description-off","9":"first","10":"outofstock","11":"shipping-taxable","12":"product-type-variable"},"acf":[],"aioseo_notices":[],"_links":{"self":[{"href":"https:\/\/polyart.ch\/fr\/wp-json\/wp\/v2\/product\/31233","targetHints":{"allow":["GET"]}}],"collection":[{"href":"https:\/\/polyart.ch\/fr\/wp-json\/wp\/v2\/product"}],"about":[{"href":"https:\/\/polyart.ch\/fr\/wp-json\/wp\/v2\/types\/product"}],"version-history":[{"count":0,"href":"https:\/\/polyart.ch\/fr\/wp-json\/wp\/v2\/product\/31233\/revisions"}],"wp:featuredmedia":[{"embeddable":true,"href":"https:\/\/polyart.ch\/fr\/wp-json\/wp\/v2\/media\/22327"}],"wp:attachment":[{"href":"https:\/\/polyart.ch\/fr\/wp-json\/wp\/v2\/media?parent=31233"}],"wp:term":[{"taxonomy":"product_brand","embeddable":true,"href":"https:\/\/polyart.ch\/fr\/wp-json\/wp\/v2\/product_brand?post=31233"},{"taxonomy":"product_cat","embeddable":true,"href":"https:\/\/polyart.ch\/fr\/wp-json\/wp\/v2\/product_cat?post=31233"},{"taxonomy":"product_tag","embeddable":true,"href":"https:\/\/polyart.ch\/fr\/wp-json\/wp\/v2\/product_tag?post=31233"}],"curies":[{"name":"wp","href":"https:\/\/api.w.org\/{rel}","templated":true}]}}