{"id":31246,"date":"2024-02-05T11:24:45","date_gmt":"2024-02-05T10:24:45","guid":{"rendered":"https:\/\/polyart.ch\/produkt\/couper-le-cuir-decouper-le-cuir\/"},"modified":"2024-02-05T11:24:45","modified_gmt":"2024-02-05T10:24:45","slug":"couper-le-cuir-decouper-le-cuir","status":"publish","type":"product","link":"https:\/\/polyart.ch\/fr\/produit\/couper-le-cuir-decouper-le-cuir\/","title":{"rendered":"Couper le cuir \/ D\u00e9couper le cuir"},"content":{"rendered":"<p>Gr\u00e2ce \u00e0 nos m\u00e9thodes de d\u00e9coupe de haute pr\u00e9cision, nous d\u00e9coupons le cuir souhait\u00e9 dans la largeur ou le format que vous souhaitez.<br \/>\nNous pouvons d\u00e9couper le cuir \u00e0 partir d&rsquo;une largeur de 3 mm :<\/p>\n<p>Grosses ou petites quantit\u00e9s possibles !<\/p>\n<h3><\/h3>\n","protected":false},"excerpt":{"rendered":"<p>Gr\u00e2ce \u00e0 nos m\u00e9thodes de d\u00e9coupe de haute pr\u00e9cision, nous d\u00e9coupons le cuir souhait\u00e9 dans la largeur ou le format que vous souhaitez. Nous pouvons d\u00e9couper le cuir \u00e0 partir d&rsquo;une largeur de 3 mm : Grosses ou petites quantit\u00e9s possibles !<\/p>\n","protected":false},"featured_media":23447,"template":"","meta":{"_acf_changed":false},"product_brand":[],"product_cat":[599],"product_tag":[],"class_list":{"0":"post-31246","1":"product","2":"type-product","3":"status-publish","4":"has-post-thumbnail","6":"product_cat-services-fr","7":"description-off","9":"first","10":"instock","11":"shipping-taxable","12":"product-type-simple"},"acf":[],"aioseo_notices":[],"_links":{"self":[{"href":"https:\/\/polyart.ch\/fr\/wp-json\/wp\/v2\/product\/31246","targetHints":{"allow":["GET"]}}],"collection":[{"href":"https:\/\/polyart.ch\/fr\/wp-json\/wp\/v2\/product"}],"about":[{"href":"https:\/\/polyart.ch\/fr\/wp-json\/wp\/v2\/types\/product"}],"version-history":[{"count":0,"href":"https:\/\/polyart.ch\/fr\/wp-json\/wp\/v2\/product\/31246\/revisions"}],"wp:featuredmedia":[{"embeddable":true,"href":"https:\/\/polyart.ch\/fr\/wp-json\/wp\/v2\/media\/23447"}],"wp:attachment":[{"href":"https:\/\/polyart.ch\/fr\/wp-json\/wp\/v2\/media?parent=31246"}],"wp:term":[{"taxonomy":"product_brand","embeddable":true,"href":"https:\/\/polyart.ch\/fr\/wp-json\/wp\/v2\/product_brand?post=31246"},{"taxonomy":"product_cat","embeddable":true,"href":"https:\/\/polyart.ch\/fr\/wp-json\/wp\/v2\/product_cat?post=31246"},{"taxonomy":"product_tag","embeddable":true,"href":"https:\/\/polyart.ch\/fr\/wp-json\/wp\/v2\/product_tag?post=31246"}],"curies":[{"name":"wp","href":"https:\/\/api.w.org\/{rel}","templated":true}]}}