{"id":31249,"date":"2024-01-16T14:29:15","date_gmt":"2024-01-16T13:29:15","guid":{"rendered":"https:\/\/polyart.ch\/produkt\/ripstop-nylon-tissu-de-cerf-volant\/"},"modified":"2024-01-16T14:29:15","modified_gmt":"2024-01-16T13:29:15","slug":"ripstop-nylon-tissu-de-cerf-volant","status":"publish","type":"product","link":"https:\/\/polyart.ch\/fr\/produit\/ripstop-nylon-tissu-de-cerf-volant\/","title":{"rendered":"RIPSTOP Nylon &#8211; Tissu de cerf-volant"},"content":{"rendered":"<p class=\"col-xs-12 col-sm-12 col-md-12 col-lg-12\">Le nylon ripstop avec rev\u00eatement PU sur une face est un textile technique extr\u00eamement polyvalent qui peut \u00eatre utilis\u00e9 \u00e0 l&rsquo;int\u00e9rieur comme \u00e0 l&rsquo;ext\u00e9rieur.<\/p>\n<p class=\"col-xs-12 col-sm-12 col-md-12 col-lg-12\">Il offre un excellent rapport poids\/stabilit\u00e9 et se caract\u00e9rise par une grande r\u00e9sistance. Id\u00e9al pour des applications telles que les tentes, les sacs, les v\u00eatements et les \u00e9quipements de plein air. <\/p>\n<p class=\"col-xs-12 col-sm-12 col-md-12 col-lg-12\">Notre RipStop r\u00e9pond aux exigences les plus \u00e9lev\u00e9es en mati\u00e8re de qualit\u00e9 et de durabilit\u00e9. Misez sur le nylon Ripstop pour vos prochains projets. <\/p>\n<p>&nbsp;<\/p>\n","protected":false},"excerpt":{"rendered":"<p>Composition : <strong>PA 75 % &#8211; PES 25 %<\/strong><\/p>\n<p>Poids : <strong>90 g +\/- 15 g\/m2<\/strong><\/p>\n<p>Largeur : <strong>150 cm<\/strong><\/p>\n<p>Longueur des rouleaux : <strong>1 &#8211; 100 m\u00e8tres lin\u00e9aires<\/strong><\/p>\n<p>&nbsp;<\/p>\n","protected":false},"featured_media":22497,"template":"","meta":{"_acf_changed":false},"product_brand":[],"product_cat":[584],"product_tag":[],"class_list":{"0":"post-31249","1":"product","2":"type-product","3":"status-publish","4":"has-post-thumbnail","6":"product_cat-tech-tissus","7":"description-off","9":"first","10":"outofstock","11":"shipping-taxable","12":"product-type-variable"},"acf":[],"aioseo_notices":[],"_links":{"self":[{"href":"https:\/\/polyart.ch\/fr\/wp-json\/wp\/v2\/product\/31249","targetHints":{"allow":["GET"]}}],"collection":[{"href":"https:\/\/polyart.ch\/fr\/wp-json\/wp\/v2\/product"}],"about":[{"href":"https:\/\/polyart.ch\/fr\/wp-json\/wp\/v2\/types\/product"}],"version-history":[{"count":0,"href":"https:\/\/polyart.ch\/fr\/wp-json\/wp\/v2\/product\/31249\/revisions"}],"wp:featuredmedia":[{"embeddable":true,"href":"https:\/\/polyart.ch\/fr\/wp-json\/wp\/v2\/media\/22497"}],"wp:attachment":[{"href":"https:\/\/polyart.ch\/fr\/wp-json\/wp\/v2\/media?parent=31249"}],"wp:term":[{"taxonomy":"product_brand","embeddable":true,"href":"https:\/\/polyart.ch\/fr\/wp-json\/wp\/v2\/product_brand?post=31249"},{"taxonomy":"product_cat","embeddable":true,"href":"https:\/\/polyart.ch\/fr\/wp-json\/wp\/v2\/product_cat?post=31249"},{"taxonomy":"product_tag","embeddable":true,"href":"https:\/\/polyart.ch\/fr\/wp-json\/wp\/v2\/product_tag?post=31249"}],"curies":[{"name":"wp","href":"https:\/\/api.w.org\/{rel}","templated":true}]}}