{"id":31252,"date":"2024-01-16T13:16:05","date_gmt":"2024-01-16T12:16:05","guid":{"rendered":"https:\/\/polyart.ch\/produkt\/dahlia-protection-contre-lincontinence\/"},"modified":"2024-01-16T13:16:05","modified_gmt":"2024-01-16T12:16:05","slug":"dahlia-protection-contre-lincontinence","status":"publish","type":"product","link":"https:\/\/polyart.ch\/fr\/produit\/dahlia-protection-contre-lincontinence\/","title":{"rendered":"DAHLIA &#8211; Protection contre l&rsquo;incontinence"},"content":{"rendered":"<p>Prot\u00e8ge-matelas et protection contre l&rsquo;incontinence &#8211; Dahlia<\/p>\n<p>Le textile PU leader pour les housses de matelas dans le secteur m\u00e9dical offre une multitude de caract\u00e9ristiques et d&rsquo;avantages exceptionnels<\/p>\n<table style=\"font-weight: 400\" width=\"100%\">\n<tbody>\n<tr>\n<td>Caract\u00e9ristiques<\/p>\n<p>&nbsp;<\/p>\n<p>Lavable<\/p>\n<p>Respirant<\/p>\n<p>Imperm\u00e9able \u00e0 l&rsquo;eau<\/p>\n<p>Biocompatibilit\u00e9<\/p>\n<p>Antibact\u00e9rien<\/p>\n<p>Ininflammable<\/p>\n<p>\u00d6kotex 100<\/p>\n<p>Flexibilit\u00e9<\/p>\n<p>Test de la jungle<\/p>\n<p>REACH<\/td>\n<td>R\u00e9sultat<\/p>\n<p>&nbsp;<\/p>\n<p>jusqu&rsquo;\u00e0 95\u00b0C<\/p>\n<p>&gt;  600g\/m2\/24h<\/p>\n<p>&gt;  2000mm<\/p>\n<p>EN ISO 10.993- 5 et 10<\/p>\n<p>Trait\u00e9 Sanitized<\/p>\n<p>BS 7175 : 1989 Crip 7<\/p>\n<p>Classe 1<\/p>\n<p>Technologie Biflex<\/p>\n<p>Qualit\u00e9 identique apr\u00e8s 3 semaines<\/p>\n<p>Selon le r\u00e8glement 2013<\/td>\n<td><b><strong> <\/strong><\/b><\/td>\n<\/tr>\n<\/tbody>\n<\/table>\n<table width=\"100%\">\n<tbody>\n<tr>\n<td>D&rsquo;autres propri\u00e9t\u00e9s sont :<\/p>\n<p>&#8211; R\u00e9sistant \u00e0 l&rsquo;urine<\/p>\n<p>&#8211; R\u00e9sistant aux d\u00e9sinfectants<\/p>\n<p>&#8211; Excellente soudabilit\u00e9<\/p>\n<p>&#8211; Tr\u00e8s grande r\u00e9sistance \u00e0 la d\u00e9chirure<\/p>\n<p>&#8211; N&rsquo;affecte pas les rayons X<\/td>\n<\/tr>\n<\/tbody>\n<\/table>\n<h3><\/h3>\n","protected":false},"excerpt":{"rendered":"<p>Composition : <strong>PU 51.2 % &#8211; PES 48.8 %<\/strong><\/p>\n<p>Poids : <strong>205 g +\/- 15 g\/m2<\/strong><\/p>\n<p>Largeur : <strong>220 cm<\/strong><\/p>\n<p>Longueur du rouleau : <strong>1 &#8211; 80 m\u00e8tres lin\u00e9aires<\/strong><\/p>\n<p>&nbsp;<\/p>\n","protected":false},"featured_media":22449,"template":"","meta":{"_acf_changed":false},"product_brand":[],"product_cat":[584],"product_tag":[],"class_list":{"0":"post-31252","1":"product","2":"type-product","3":"status-publish","4":"has-post-thumbnail","6":"product_cat-tech-tissus","7":"description-off","9":"first","10":"outofstock","11":"shipping-taxable","12":"product-type-variable"},"acf":[],"aioseo_notices":[],"_links":{"self":[{"href":"https:\/\/polyart.ch\/fr\/wp-json\/wp\/v2\/product\/31252","targetHints":{"allow":["GET"]}}],"collection":[{"href":"https:\/\/polyart.ch\/fr\/wp-json\/wp\/v2\/product"}],"about":[{"href":"https:\/\/polyart.ch\/fr\/wp-json\/wp\/v2\/types\/product"}],"version-history":[{"count":0,"href":"https:\/\/polyart.ch\/fr\/wp-json\/wp\/v2\/product\/31252\/revisions"}],"wp:featuredmedia":[{"embeddable":true,"href":"https:\/\/polyart.ch\/fr\/wp-json\/wp\/v2\/media\/22449"}],"wp:attachment":[{"href":"https:\/\/polyart.ch\/fr\/wp-json\/wp\/v2\/media?parent=31252"}],"wp:term":[{"taxonomy":"product_brand","embeddable":true,"href":"https:\/\/polyart.ch\/fr\/wp-json\/wp\/v2\/product_brand?post=31252"},{"taxonomy":"product_cat","embeddable":true,"href":"https:\/\/polyart.ch\/fr\/wp-json\/wp\/v2\/product_cat?post=31252"},{"taxonomy":"product_tag","embeddable":true,"href":"https:\/\/polyart.ch\/fr\/wp-json\/wp\/v2\/product_tag?post=31252"}],"curies":[{"name":"wp","href":"https:\/\/api.w.org\/{rel}","templated":true}]}}