{"id":31258,"date":"2024-01-12T16:04:55","date_gmt":"2024-01-12T15:04:55","guid":{"rendered":"https:\/\/polyart.ch\/produkt\/polyblach-netz-filet-robuste\/"},"modified":"2024-01-12T16:04:55","modified_gmt":"2024-01-12T15:04:55","slug":"polyblach-netz-filet-robuste","status":"publish","type":"product","link":"https:\/\/polyart.ch\/fr\/produit\/polyblach-netz-filet-robuste\/","title":{"rendered":"POLYBLACH NETZ &#8211; filet robuste"},"content":{"rendered":"<p>Le filet Polyblach est un filet robuste qui se caract\u00e9rise par sa polyvalence.<\/p>\n<p>Utilisable \u00e0 l&rsquo;int\u00e9rieur comme \u00e0 l&rsquo;ext\u00e9rieur. Le filet Polyblach convainc par sa fonctionnalit\u00e9 et sa r\u00e9sistance, parfait pour les applications exigeantes. <\/p>\n","protected":false},"excerpt":{"rendered":"<p>Composition : <strong>PVC 75.5 % &#8211; PES 24.5 %<\/strong><\/p>\n<p>Poids : <strong>265 g\/m2<\/strong><\/p>\n<p>Largeur : <strong>150 cm<\/strong><\/p>\n<p>Longueur des rouleaux : <strong>1 &#8211; 100 m\u00e8tres lin\u00e9aires<\/strong><\/p>\n<p>Epaisseur : <strong>0.5 mm <\/strong> <\/p>\n","protected":false},"featured_media":30426,"template":"","meta":{"_acf_changed":false},"product_brand":[],"product_cat":[466],"product_tag":[],"class_list":{"0":"post-31258","1":"product","2":"type-product","3":"status-publish","4":"has-post-thumbnail","6":"product_cat-blachen-planen-fr","7":"description-off","9":"first","10":"outofstock","11":"shipping-taxable","12":"product-type-variable"},"acf":[],"aioseo_notices":[],"_links":{"self":[{"href":"https:\/\/polyart.ch\/fr\/wp-json\/wp\/v2\/product\/31258","targetHints":{"allow":["GET"]}}],"collection":[{"href":"https:\/\/polyart.ch\/fr\/wp-json\/wp\/v2\/product"}],"about":[{"href":"https:\/\/polyart.ch\/fr\/wp-json\/wp\/v2\/types\/product"}],"version-history":[{"count":0,"href":"https:\/\/polyart.ch\/fr\/wp-json\/wp\/v2\/product\/31258\/revisions"}],"wp:featuredmedia":[{"embeddable":true,"href":"https:\/\/polyart.ch\/fr\/wp-json\/wp\/v2\/media\/30426"}],"wp:attachment":[{"href":"https:\/\/polyart.ch\/fr\/wp-json\/wp\/v2\/media?parent=31258"}],"wp:term":[{"taxonomy":"product_brand","embeddable":true,"href":"https:\/\/polyart.ch\/fr\/wp-json\/wp\/v2\/product_brand?post=31258"},{"taxonomy":"product_cat","embeddable":true,"href":"https:\/\/polyart.ch\/fr\/wp-json\/wp\/v2\/product_cat?post=31258"},{"taxonomy":"product_tag","embeddable":true,"href":"https:\/\/polyart.ch\/fr\/wp-json\/wp\/v2\/product_tag?post=31258"}],"curies":[{"name":"wp","href":"https:\/\/api.w.org\/{rel}","templated":true}]}}