{"id":31271,"date":"2024-01-05T16:38:32","date_gmt":"2024-01-05T15:38:32","guid":{"rendered":"https:\/\/polyart.ch\/produkt\/sevida-tissu-de-coton-recycle\/"},"modified":"2024-01-05T16:38:32","modified_gmt":"2024-01-05T15:38:32","slug":"sevida-tissu-de-coton-recycle","status":"publish","type":"product","link":"https:\/\/polyart.ch\/fr\/produit\/sevida-tissu-de-coton-recycle\/","title":{"rendered":"SEVIDA &#8211; Tissu de coton recycl\u00e9"},"content":{"rendered":"<p>Le tissu d&rsquo;ameublement Sevida est fabriqu\u00e9 \u00e0 partir de coton recycl\u00e9 et convainc par sa production durable. Ce tissu de haute qualit\u00e9 n&rsquo;est pas seulement \u00e9cologique, il est \u00e9galement r\u00e9sistant et facile \u00e0 entretenir. Id\u00e9al pour l&rsquo;ameublement, les sacs, les housses et de nombreux autres projets, Sevida offre une multitude de possibilit\u00e9s cr\u00e9atives.  <\/p>\n<p>Les designs attrayants et le toucher agr\u00e9able font de ce tissu d&rsquo;ameublement le choix parfait pour les designers soucieux de l&rsquo;environnement qui accordent de l&rsquo;importance au style et \u00e0 la fonctionnalit\u00e9. D\u00e9couvrez les avantages de Sevida pour vos prochains projets ! <\/p>\n<p>Sur demande, nous vous informerons volontiers sur l&rsquo;assortiment actuel.<\/p>\n<p>&nbsp;<\/p>\n<p><img decoding=\"async\" class=\"alignnone size-full wp-image-18105\" src=\"https:\/\/polyart.ch\/wp-content\/uploads\/2024\/01\/Sevida-Recycling.png\" alt=\"\" width=\"280\" height=\"141\"><\/p>\n","protected":false},"excerpt":{"rendered":"<p>Composition : <strong>coton recycl\u00e9<\/strong><\/p>\n<p>Poids : <strong>460 &#8211; 600 g\/m<\/strong><\/p>\n<p>Largeur :<strong> 140 cm<\/strong><\/p>\n<p>Longueur du rouleau : <strong>1 &#8211; 35 m\u00e8tres lin\u00e9aires<\/strong><\/p>\n<p>\u00c9paisseur : <strong>0,7 &#8211; 0,8 mm <\/strong> <\/p>\n","protected":false},"featured_media":22378,"template":"","meta":{"_acf_changed":false},"product_brand":[],"product_cat":[542],"product_tag":[],"class_list":{"0":"post-31271","1":"product","2":"type-product","3":"status-publish","4":"has-post-thumbnail","6":"product_cat-tissus-dameublement","7":"description-off","9":"first","10":"outofstock","11":"shipping-taxable","12":"product-type-variable"},"acf":[],"aioseo_notices":[],"_links":{"self":[{"href":"https:\/\/polyart.ch\/fr\/wp-json\/wp\/v2\/product\/31271","targetHints":{"allow":["GET"]}}],"collection":[{"href":"https:\/\/polyart.ch\/fr\/wp-json\/wp\/v2\/product"}],"about":[{"href":"https:\/\/polyart.ch\/fr\/wp-json\/wp\/v2\/types\/product"}],"version-history":[{"count":0,"href":"https:\/\/polyart.ch\/fr\/wp-json\/wp\/v2\/product\/31271\/revisions"}],"wp:featuredmedia":[{"embeddable":true,"href":"https:\/\/polyart.ch\/fr\/wp-json\/wp\/v2\/media\/22378"}],"wp:attachment":[{"href":"https:\/\/polyart.ch\/fr\/wp-json\/wp\/v2\/media?parent=31271"}],"wp:term":[{"taxonomy":"product_brand","embeddable":true,"href":"https:\/\/polyart.ch\/fr\/wp-json\/wp\/v2\/product_brand?post=31271"},{"taxonomy":"product_cat","embeddable":true,"href":"https:\/\/polyart.ch\/fr\/wp-json\/wp\/v2\/product_cat?post=31271"},{"taxonomy":"product_tag","embeddable":true,"href":"https:\/\/polyart.ch\/fr\/wp-json\/wp\/v2\/product_tag?post=31271"}],"curies":[{"name":"wp","href":"https:\/\/api.w.org\/{rel}","templated":true}]}}