{"id":31274,"date":"2024-01-05T15:42:36","date_gmt":"2024-01-05T14:42:36","guid":{"rendered":"https:\/\/polyart.ch\/produkt\/kaluna-tissu-dameublement-polyvalent\/"},"modified":"2024-01-05T15:42:36","modified_gmt":"2024-01-05T14:42:36","slug":"kaluna-tissu-dameublement-polyvalent","status":"publish","type":"product","link":"https:\/\/polyart.ch\/fr\/produit\/kaluna-tissu-dameublement-polyvalent\/","title":{"rendered":"KALUNA &#8211; Tissu d&rsquo;ameublement polyvalent"},"content":{"rendered":"<p>Ce tissu d&rsquo;ameublement r\u00e9sistant marque des points gr\u00e2ce \u00e0 son aspect frais et \u00e0 son large champ d&rsquo;application dans les domaines de l&rsquo;automobile, du camping-car et des collectivit\u00e9s.<\/p>\n<p>Kaluna est hydrofuge et dot\u00e9 d&rsquo;un traitement antitache.<\/p>\n<p><span style=\"color: #ff0000\"><strong>Certaines couleurs de l&rsquo;article Kaluna sont peintes. Nous nous ferons un plaisir de v\u00e9rifier la disponibilit\u00e9 de la couleur souhait\u00e9e. <\/strong><\/span><\/p>\n","protected":false},"excerpt":{"rendered":"<p>Composition : <strong>PES 100 %<\/strong><\/p>\n<p>Poids : <strong>327 g\/m2<\/strong><\/p>\n<p>Largeur : <strong>140 cm<\/strong><\/p>\n<p>Longueur du rouleau : <strong>1 &#8211; 60 m\u00e8tres lin\u00e9aires<\/strong><\/p>\n<p>\u00c9paisseur : <strong>0,6 mm +\/- 0,1 mm<\/strong><\/p>\n","protected":false},"featured_media":22156,"template":"","meta":{"_acf_changed":false},"product_brand":[],"product_cat":[542],"product_tag":[],"class_list":{"0":"post-31274","1":"product","2":"type-product","3":"status-publish","4":"has-post-thumbnail","6":"product_cat-tissus-dameublement","7":"description-off","9":"first","10":"outofstock","11":"shipping-taxable","12":"product-type-variable"},"acf":[],"aioseo_notices":[],"_links":{"self":[{"href":"https:\/\/polyart.ch\/fr\/wp-json\/wp\/v2\/product\/31274","targetHints":{"allow":["GET"]}}],"collection":[{"href":"https:\/\/polyart.ch\/fr\/wp-json\/wp\/v2\/product"}],"about":[{"href":"https:\/\/polyart.ch\/fr\/wp-json\/wp\/v2\/types\/product"}],"version-history":[{"count":0,"href":"https:\/\/polyart.ch\/fr\/wp-json\/wp\/v2\/product\/31274\/revisions"}],"wp:featuredmedia":[{"embeddable":true,"href":"https:\/\/polyart.ch\/fr\/wp-json\/wp\/v2\/media\/22156"}],"wp:attachment":[{"href":"https:\/\/polyart.ch\/fr\/wp-json\/wp\/v2\/media?parent=31274"}],"wp:term":[{"taxonomy":"product_brand","embeddable":true,"href":"https:\/\/polyart.ch\/fr\/wp-json\/wp\/v2\/product_brand?post=31274"},{"taxonomy":"product_cat","embeddable":true,"href":"https:\/\/polyart.ch\/fr\/wp-json\/wp\/v2\/product_cat?post=31274"},{"taxonomy":"product_tag","embeddable":true,"href":"https:\/\/polyart.ch\/fr\/wp-json\/wp\/v2\/product_tag?post=31274"}],"curies":[{"name":"wp","href":"https:\/\/api.w.org\/{rel}","templated":true}]}}