{"id":31281,"date":"2023-12-20T15:15:18","date_gmt":"2023-12-20T14:15:18","guid":{"rendered":"https:\/\/polyart.ch\/produkt\/muenchen-cuir-dameublement\/"},"modified":"2023-12-20T15:15:18","modified_gmt":"2023-12-20T14:15:18","slug":"muenchen-cuir-dameublement","status":"publish","type":"product","link":"https:\/\/polyart.ch\/fr\/produit\/muenchen-cuir-dameublement\/","title":{"rendered":"M\u00dcNCHEN &#8211; Cuir d&rsquo;ameublement"},"content":{"rendered":"<p>Cuir d&rsquo;ameublement Munich.<\/p>\n<div class=\"page\" title=\"Page 1\">\n<div class=\"layoutArea\">\n<div class=\"column\">\n<p>L&rsquo;article M\u00fcnchen donne l&rsquo;impression d&rsquo;avoir \u00e9t\u00e9 laiss\u00e9 \u00e0 l&rsquo;\u00e9tat naturel et sous vide.<\/p>\n<p>M\u00fcnchen est un nouveau type de cuir aniline de haute qualit\u00e9 avec une surface plate et finement grain\u00e9e. Il s&rsquo;agit d&rsquo;une alliance entre le r\u00e9tro et le moderne : le toucher unique et l&rsquo;aspect noble procurent une sensation de bien-\u00eatre merveilleusement naturelle. <\/p>\n<p>Les caract\u00e9ristiques naturelles et les diff\u00e9rences de couleur sont un signe de l&rsquo;originalit\u00e9 de ce merveilleux cuir naturel.<\/p>\n<\/div>\n<\/div>\n<\/div>\n<p>&nbsp;<\/p>\n","protected":false},"excerpt":{"rendered":"<p>Composition : <strong>100 % cuir de vachette<\/strong><\/p>\n<p>\u00c9paisseur : <strong>1.2 mm &#8211; 1.4 mm<\/strong><\/p>\n<p>Dimensions : <strong>4.5 &#8211; 5.5 m\u00b2.<\/strong><\/p>\n","protected":false},"featured_media":22360,"template":"","meta":{"_acf_changed":false},"product_brand":[],"product_cat":[497],"product_tag":[],"class_list":{"0":"post-31281","1":"product","2":"type-product","3":"status-publish","4":"has-post-thumbnail","6":"product_cat-cuir-veritable","7":"description-off","9":"first","10":"outofstock","11":"shipping-taxable","12":"product-type-variable"},"acf":[],"aioseo_notices":[],"_links":{"self":[{"href":"https:\/\/polyart.ch\/fr\/wp-json\/wp\/v2\/product\/31281","targetHints":{"allow":["GET"]}}],"collection":[{"href":"https:\/\/polyart.ch\/fr\/wp-json\/wp\/v2\/product"}],"about":[{"href":"https:\/\/polyart.ch\/fr\/wp-json\/wp\/v2\/types\/product"}],"version-history":[{"count":0,"href":"https:\/\/polyart.ch\/fr\/wp-json\/wp\/v2\/product\/31281\/revisions"}],"wp:featuredmedia":[{"embeddable":true,"href":"https:\/\/polyart.ch\/fr\/wp-json\/wp\/v2\/media\/22360"}],"wp:attachment":[{"href":"https:\/\/polyart.ch\/fr\/wp-json\/wp\/v2\/media?parent=31281"}],"wp:term":[{"taxonomy":"product_brand","embeddable":true,"href":"https:\/\/polyart.ch\/fr\/wp-json\/wp\/v2\/product_brand?post=31281"},{"taxonomy":"product_cat","embeddable":true,"href":"https:\/\/polyart.ch\/fr\/wp-json\/wp\/v2\/product_cat?post=31281"},{"taxonomy":"product_tag","embeddable":true,"href":"https:\/\/polyart.ch\/fr\/wp-json\/wp\/v2\/product_tag?post=31281"}],"curies":[{"name":"wp","href":"https:\/\/api.w.org\/{rel}","templated":true}]}}