{"id":31288,"date":"2023-12-20T10:50:50","date_gmt":"2023-12-20T09:50:50","guid":{"rendered":"https:\/\/polyart.ch\/produkt\/snake-similicuir-avec-effet-de-serpent\/"},"modified":"2026-02-19T08:18:46","modified_gmt":"2026-02-19T07:18:46","slug":"snake-similicuir-avec-effet-de-serpent","status":"publish","type":"product","link":"https:\/\/polyart.ch\/fr\/produit\/snake-similicuir-avec-effet-de-serpent\/","title":{"rendered":"SNAKE &#8211; Similicuir avec effet de serpent"},"content":{"rendered":"<div class=\"flex max-w-full flex-col flex-grow\">\n<div class=\"min-h-8 text-message flex w-full flex-col items-end gap-2 whitespace-normal break-words [.text-message+&amp;]:mt-5\" dir=\"auto\" data-message-author-role=\"assistant\" data-message-id=\"405e5bbb-43d4-4836-96fb-49fd8673f7e8\">\n<div class=\"flex w-full flex-col gap-1 empty:hidden first:pt-[3px]\">\n<div class=\"markdown prose w-full break-words dark:prose-invert light\">\n<p>Le similicuir Snake offre l&rsquo;aspect trompeur du cuir de serpent et ajoute une touche d&rsquo;exotisme \u00e0 n&rsquo;importe quel projet.<\/p>\n<p>Le mat\u00e9riau est agr\u00e9ablement doux et une construction de haute qualit\u00e9.<\/p>\n<\/div>\n<p>&nbsp;<\/p>\n<\/div>\n<\/div>\n<\/div>\n","protected":false},"excerpt":{"rendered":"<p>Composition : <strong>PVC 85 % &#8211; PES\/Coton 15%<\/strong><\/p>\n<p>Poids : <strong>800 g +\/- 50 g\/m2<\/strong><\/p>\n<p>Largeur : <strong>140 cm<\/strong><\/p>\n<p>Longueur du rouleau : <strong>1 &#8211; 30 m\u00e8tres lin\u00e9aires<\/strong><\/p>\n<p>Epaisseur : <strong>1.3 mm +\/- 0.1 mm<\/strong><\/p>\n","protected":false},"featured_media":22272,"template":"","meta":{"_acf_changed":false},"product_brand":[],"product_cat":[875],"product_tag":[],"class_list":{"0":"post-31288","1":"product","2":"type-product","3":"status-publish","4":"has-post-thumbnail","6":"product_cat-similicuir_","7":"description-off","9":"first","10":"outofstock","11":"shipping-taxable","12":"product-type-variable"},"acf":[],"aioseo_notices":[],"_links":{"self":[{"href":"https:\/\/polyart.ch\/fr\/wp-json\/wp\/v2\/product\/31288","targetHints":{"allow":["GET"]}}],"collection":[{"href":"https:\/\/polyart.ch\/fr\/wp-json\/wp\/v2\/product"}],"about":[{"href":"https:\/\/polyart.ch\/fr\/wp-json\/wp\/v2\/types\/product"}],"version-history":[{"count":1,"href":"https:\/\/polyart.ch\/fr\/wp-json\/wp\/v2\/product\/31288\/revisions"}],"predecessor-version":[{"id":32687,"href":"https:\/\/polyart.ch\/fr\/wp-json\/wp\/v2\/product\/31288\/revisions\/32687"}],"wp:featuredmedia":[{"embeddable":true,"href":"https:\/\/polyart.ch\/fr\/wp-json\/wp\/v2\/media\/22272"}],"wp:attachment":[{"href":"https:\/\/polyart.ch\/fr\/wp-json\/wp\/v2\/media?parent=31288"}],"wp:term":[{"taxonomy":"product_brand","embeddable":true,"href":"https:\/\/polyart.ch\/fr\/wp-json\/wp\/v2\/product_brand?post=31288"},{"taxonomy":"product_cat","embeddable":true,"href":"https:\/\/polyart.ch\/fr\/wp-json\/wp\/v2\/product_cat?post=31288"},{"taxonomy":"product_tag","embeddable":true,"href":"https:\/\/polyart.ch\/fr\/wp-json\/wp\/v2\/product_tag?post=31288"}],"curies":[{"name":"wp","href":"https:\/\/api.w.org\/{rel}","templated":true}]}}