{"id":31290,"date":"2023-12-20T11:13:14","date_gmt":"2023-12-20T10:13:14","guid":{"rendered":"https:\/\/polyart.ch\/produkt\/polo-cuir-objet\/"},"modified":"2023-12-20T11:13:14","modified_gmt":"2023-12-20T10:13:14","slug":"polo-cuir-objet","status":"publish","type":"product","link":"https:\/\/polyart.ch\/fr\/produit\/polo-cuir-objet\/","title":{"rendered":"POLO &#8211; Cuir objet"},"content":{"rendered":"<p>Cuir objet Polo en peaux de bovins.<\/p>\n<div class=\"page\" title=\"Page 1\">\n<div class=\"layoutArea\">\n<div class=\"column\">\n<p>L&rsquo;article \u00ab\u00a0Polo\u00a0\u00bb, l\u00e9g\u00e8rement corrig\u00e9 et pigment\u00e9, se caract\u00e9rise par un grain uniforme et un toucher plein.<\/p>\n<div class=\"page\" title=\"Page 1\">\n<div class=\"layoutArea\">\n<div class=\"column\">\n<p>La couche de protection respirante garantit un entretien facile, m\u00eame en cas d&rsquo;utilisation intensive.<\/p>\n<\/div>\n<\/div>\n<\/div>\n<div class=\"page\" title=\"Page 1\">\n<div class=\"layoutArea\">\n<div class=\"column\">\n<p>&nbsp;<\/p>\n<\/div>\n<\/div>\n<\/div>\n<\/div>\n<\/div>\n<\/div>\n","protected":false},"excerpt":{"rendered":"<p>Composition : <strong>100 % cuir de vachette<\/strong><\/p>\n<p>\u00c9paisseur : <strong>1.0 mm &#8211; 1.2 mm<\/strong><\/p>\n<p>Dimensions : <strong>4.8 &#8211; 5.5 m\u00b2.<\/strong><\/p>\n","protected":false},"featured_media":22339,"template":"","meta":{"_acf_changed":false},"product_brand":[],"product_cat":[497],"product_tag":[],"class_list":{"0":"post-31290","1":"product","2":"type-product","3":"status-publish","4":"has-post-thumbnail","6":"product_cat-cuir-veritable","7":"description-off","9":"first","10":"outofstock","11":"shipping-taxable","12":"product-type-variable"},"acf":[],"aioseo_notices":[],"_links":{"self":[{"href":"https:\/\/polyart.ch\/fr\/wp-json\/wp\/v2\/product\/31290","targetHints":{"allow":["GET"]}}],"collection":[{"href":"https:\/\/polyart.ch\/fr\/wp-json\/wp\/v2\/product"}],"about":[{"href":"https:\/\/polyart.ch\/fr\/wp-json\/wp\/v2\/types\/product"}],"version-history":[{"count":0,"href":"https:\/\/polyart.ch\/fr\/wp-json\/wp\/v2\/product\/31290\/revisions"}],"wp:featuredmedia":[{"embeddable":true,"href":"https:\/\/polyart.ch\/fr\/wp-json\/wp\/v2\/media\/22339"}],"wp:attachment":[{"href":"https:\/\/polyart.ch\/fr\/wp-json\/wp\/v2\/media?parent=31290"}],"wp:term":[{"taxonomy":"product_brand","embeddable":true,"href":"https:\/\/polyart.ch\/fr\/wp-json\/wp\/v2\/product_brand?post=31290"},{"taxonomy":"product_cat","embeddable":true,"href":"https:\/\/polyart.ch\/fr\/wp-json\/wp\/v2\/product_cat?post=31290"},{"taxonomy":"product_tag","embeddable":true,"href":"https:\/\/polyart.ch\/fr\/wp-json\/wp\/v2\/product_tag?post=31290"}],"curies":[{"name":"wp","href":"https:\/\/api.w.org\/{rel}","templated":true}]}}