{"id":31292,"date":"2023-12-20T10:38:17","date_gmt":"2023-12-20T09:38:17","guid":{"rendered":"https:\/\/polyart.ch\/produkt\/safari-cuir-synthetique-pour-la-mode-et-les-accessoires\/"},"modified":"2026-02-19T08:18:46","modified_gmt":"2026-02-19T07:18:46","slug":"safari-cuir-synthetique-pour-la-mode-et-les-accessoires","status":"publish","type":"product","link":"https:\/\/polyart.ch\/fr\/produit\/safari-cuir-synthetique-pour-la-mode-et-les-accessoires\/","title":{"rendered":"SAFARI &#8211; Cuir synth\u00e9tique pour la mode et les accessoires"},"content":{"rendered":"<p>Le similicuir Safari se distingue par son toucher doux et son grain de cuir fin et long.<\/p>\n<p>Id\u00e9al pour la mercerie, la mode ainsi que les sacs et accessoires. Le similicuir Safari offre un aspect luxueux et un confort agr\u00e9able. Ce similicuir polyvalent allie \u00e9l\u00e9gance et fonctionnalit\u00e9 et est parfait pour les projets de design cr\u00e9atifs et \u00e9l\u00e9gants.  <\/p>\n","protected":false},"excerpt":{"rendered":"<p>Composition : <strong>PVC 88 % &#8211; PES\/Coton 12 %<\/strong><\/p>\n<p>Poids :<strong> 700 g +\/- 35 g\/m2<\/strong><\/p>\n<p>Largeur : <strong>140 cm<\/strong><\/p>\n<p>Longueur du rouleau : <strong>5 &#8211; 35 m\u00e8tres lin\u00e9aires<\/strong><\/p>\n<p>\u00c9paisseur : <strong>1,2 mm +\/- 0,1 mm<\/strong><\/p>\n","protected":false},"featured_media":22269,"template":"","meta":{"_acf_changed":false},"product_brand":[],"product_cat":[875],"product_tag":[],"class_list":{"0":"post-31292","1":"product","2":"type-product","3":"status-publish","4":"has-post-thumbnail","6":"product_cat-similicuir_","7":"description-off","9":"first","10":"outofstock","11":"shipping-taxable","12":"product-type-variable"},"acf":[],"aioseo_notices":[],"_links":{"self":[{"href":"https:\/\/polyart.ch\/fr\/wp-json\/wp\/v2\/product\/31292","targetHints":{"allow":["GET"]}}],"collection":[{"href":"https:\/\/polyart.ch\/fr\/wp-json\/wp\/v2\/product"}],"about":[{"href":"https:\/\/polyart.ch\/fr\/wp-json\/wp\/v2\/types\/product"}],"version-history":[{"count":1,"href":"https:\/\/polyart.ch\/fr\/wp-json\/wp\/v2\/product\/31292\/revisions"}],"predecessor-version":[{"id":32688,"href":"https:\/\/polyart.ch\/fr\/wp-json\/wp\/v2\/product\/31292\/revisions\/32688"}],"wp:featuredmedia":[{"embeddable":true,"href":"https:\/\/polyart.ch\/fr\/wp-json\/wp\/v2\/media\/22269"}],"wp:attachment":[{"href":"https:\/\/polyart.ch\/fr\/wp-json\/wp\/v2\/media?parent=31292"}],"wp:term":[{"taxonomy":"product_brand","embeddable":true,"href":"https:\/\/polyart.ch\/fr\/wp-json\/wp\/v2\/product_brand?post=31292"},{"taxonomy":"product_cat","embeddable":true,"href":"https:\/\/polyart.ch\/fr\/wp-json\/wp\/v2\/product_cat?post=31292"},{"taxonomy":"product_tag","embeddable":true,"href":"https:\/\/polyart.ch\/fr\/wp-json\/wp\/v2\/product_tag?post=31292"}],"curies":[{"name":"wp","href":"https:\/\/api.w.org\/{rel}","templated":true}]}}